{"id":498,"date":"2023-04-24T11:08:10","date_gmt":"2023-04-24T11:08:10","guid":{"rendered":"https:\/\/dummy.xtemos.com\/woodmart2\/furniture2-elementor\/?post_type=product&#038;p=498"},"modified":"2026-05-02T22:31:06","modified_gmt":"2026-05-03T03:31:06","slug":"dekton-aeris","status":"publish","type":"product","link":"https:\/\/eurostonepanama.com\/en\/producto\/dekton-aeris\/","title":{"rendered":"Dekton Aeris"},"content":{"rendered":"\t\t<div data-elementor-type=\"wp-post\" data-elementor-id=\"498\" class=\"elementor elementor-498\" data-elementor-post-type=\"product\">\n\t\t\t\t\t\t<section class=\"wd-negative-gap elementor-section elementor-top-section elementor-element elementor-element-1718fe0 elementor-section-boxed elementor-section-height-default elementor-section-height-default\" data-id=\"1718fe0\" data-element_type=\"section\" data-settings=\"{&quot;ekit_has_onepagescroll_dot&quot;:&quot;yes&quot;}\">\n\t\t\t\t\t\t<div class=\"elementor-container elementor-column-gap-default\">\n\t\t\t\t\t<div class=\"elementor-column elementor-col-50 elementor-top-column elementor-element elementor-element-92b27ee\" data-id=\"92b27ee\" data-element_type=\"column\">\n\t\t\t<div class=\"elementor-widget-wrap elementor-element-populated\">\n\t\t\t\t\t\t<div class=\"elementor-element elementor-element-ebf770c elementor-widget elementor-widget-wd_text_block\" data-id=\"ebf770c\" data-element_type=\"widget\" data-settings=\"{&quot;ekit_we_effect_on&quot;:&quot;none&quot;}\" data-widget_type=\"wd_text_block.default\">\n\t\t\t\t<div class=\"elementor-widget-container\">\n\t\t\t\t\t\t\t<div class=\"wd-text-block reset-last-child text-left\">\n\t\t\t\n\t\t\t<h4>Acabados Disponibles<\/h4><p><strong>Grip+<\/strong><br \/>Innovador y avanzado tratamiento que garantiza el antideslizamiento en la superficie<\/p><p><strong>Matte<\/strong><br \/>Color s\u00f3lido y satinado<\/p>\n\t\t\t\t\t<\/div>\n\t\t\t\t\t\t<\/div>\n\t\t\t\t<\/div>\n\t\t\t\t\t<\/div>\n\t\t<\/div>\n\t\t\t\t<div class=\"elementor-column elementor-col-50 elementor-top-column elementor-element elementor-element-783f99a\" data-id=\"783f99a\" data-element_type=\"column\">\n\t\t\t<div class=\"elementor-widget-wrap elementor-element-populated\">\n\t\t\t\t\t\t<div class=\"elementor-element elementor-element-c183fbe elementor-widget elementor-widget-wd_text_block\" data-id=\"c183fbe\" data-element_type=\"widget\" data-settings=\"{&quot;ekit_we_effect_on&quot;:&quot;none&quot;}\" data-widget_type=\"wd_text_block.default\">\n\t\t\t\t<div class=\"elementor-widget-container\">\n\t\t\t\t\t\t\t<div class=\"wd-text-block reset-last-child text-left\">\n\t\t\t\n\t\t\t<h4>Espesores<\/h4><p>0,8 cm<br \/>1,2 cm<br \/>0,4 cm<br \/>2,0 cm<\/p>\n\t\t\t\t\t<\/div>\n\t\t\t\t\t\t<\/div>\n\t\t\t\t<\/div>\n\t\t\t\t\t<\/div>\n\t\t<\/div>\n\t\t\t\t\t<\/div>\n\t\t<\/section>\n\t\t\t\t<section class=\"wd-negative-gap elementor-section elementor-top-section elementor-element elementor-element-117be4d elementor-section-boxed elementor-section-height-default elementor-section-height-default\" data-id=\"117be4d\" data-element_type=\"section\" data-settings=\"{&quot;ekit_has_onepagescroll_dot&quot;:&quot;yes&quot;}\">\n\t\t\t\t\t\t<div class=\"elementor-container elementor-column-gap-default\">\n\t\t\t\t\t<div class=\"elementor-column elementor-col-50 elementor-top-column elementor-element elementor-element-6a225de\" data-id=\"6a225de\" data-element_type=\"column\">\n\t\t\t<div class=\"elementor-widget-wrap elementor-element-populated\">\n\t\t\t\t\t\t<div class=\"elementor-element elementor-element-b16ec60 color-scheme-inherit text-left elementor-widget elementor-widget-text-editor\" data-id=\"b16ec60\" data-element_type=\"widget\" data-settings=\"{&quot;ekit_we_effect_on&quot;:&quot;none&quot;}\" data-widget_type=\"text-editor.default\">\n\t\t\t\t<div class=\"elementor-widget-container\">\n\t\t\t\t\t\t\t\t\t<h2>\u00bfPor qu\u00e9 elegir Dekton Aeris?<\/h2><p>Dekton es la innovadora superficie ultracompacta de Cosentino, un material tecnol\u00f3gico compuesto por una sofisticada mezcla de minerales. Se beneficia de una alta resistencia y versatilidad, perfecto para usar tanto en aplicaciones dom\u00e9sticas como en proyectos m\u00e1s grandes.<\/p>\t\t\t\t\t\t\t\t<\/div>\n\t\t\t\t<\/div>\n\t\t\t\t\t<\/div>\n\t\t<\/div>\n\t\t\t\t<div class=\"elementor-column elementor-col-50 elementor-top-column elementor-element elementor-element-4f2c8eb\" data-id=\"4f2c8eb\" data-element_type=\"column\">\n\t\t\t<div class=\"elementor-widget-wrap elementor-element-populated\">\n\t\t\t\t\t\t<div class=\"elementor-element elementor-element-86ce17a elementor-widget elementor-widget-spacer\" data-id=\"86ce17a\" data-element_type=\"widget\" data-settings=\"{&quot;ekit_we_effect_on&quot;:&quot;none&quot;}\" data-widget_type=\"spacer.default\">\n\t\t\t\t<div class=\"elementor-widget-container\">\n\t\t\t\t\t\t\t<div class=\"elementor-spacer\">\n\t\t\t<div class=\"elementor-spacer-inner\"><\/div>\n\t\t<\/div>\n\t\t\t\t\t\t<\/div>\n\t\t\t\t<\/div>\n\t\t\t\t<div class=\"elementor-element elementor-element-6b1cdd2 color-scheme-inherit text-left elementor-widget elementor-widget-text-editor\" data-id=\"6b1cdd2\" data-element_type=\"widget\" data-settings=\"{&quot;ekit_we_effect_on&quot;:&quot;none&quot;}\" data-widget_type=\"text-editor.default\">\n\t\t\t\t<div class=\"elementor-widget-container\">\n\t\t\t\t\t\t\t\t\t<p>Las superficies Dekton cuentan con propiedades t\u00e9cnicas, altas prestaciones y caracter\u00edsticos colores y texturas para proyectos de interior y exterior: encimeras de cocina, encimeras de ba\u00f1o, revestimientos de paredes, fachadas residenciales, suelos, mobiliario y platos de ducha. De esta manera, es posible crear espacios con diferentes aplicaciones a juego o combinadas entre s\u00ed.<\/p>\t\t\t\t\t\t\t\t<\/div>\n\t\t\t\t<\/div>\n\t\t\t\t\t<\/div>\n\t\t<\/div>\n\t\t\t\t\t<\/div>\n\t\t<\/section>\n\t\t\t\t<section class=\"wd-negative-gap elementor-section elementor-top-section elementor-element elementor-element-e6a9179 elementor-section-boxed elementor-section-height-default elementor-section-height-default\" data-id=\"e6a9179\" data-element_type=\"section\" data-settings=\"{&quot;ekit_has_onepagescroll_dot&quot;:&quot;yes&quot;}\">\n\t\t\t\t\t\t<div class=\"elementor-container elementor-column-gap-default\">\n\t\t\t\t\t<div class=\"elementor-column elementor-col-100 elementor-top-column elementor-element elementor-element-61c2667\" data-id=\"61c2667\" data-element_type=\"column\">\n\t\t\t<div class=\"elementor-widget-wrap elementor-element-populated\">\n\t\t\t\t\t\t<div class=\"elementor-element elementor-element-ecc12f4 color-scheme-inherit text-left elementor-widget elementor-widget-text-editor\" data-id=\"ecc12f4\" data-element_type=\"widget\" data-settings=\"{&quot;ekit_we_effect_on&quot;:&quot;none&quot;}\" data-widget_type=\"text-editor.default\">\n\t\t\t\t<div class=\"elementor-widget-container\">\n\t\t\t\t\t\t\t\t\t<h3>Ventajas de Dekton<\/h3>\t\t\t\t\t\t\t\t<\/div>\n\t\t\t\t<\/div>\n\t\t\t\t\t<\/div>\n\t\t<\/div>\n\t\t\t\t\t<\/div>\n\t\t<\/section>\n\t\t\t\t<section class=\"wd-negative-gap elementor-section elementor-top-section elementor-element elementor-element-aefb1de elementor-section-boxed elementor-section-height-default elementor-section-height-default\" data-id=\"aefb1de\" data-element_type=\"section\" data-settings=\"{&quot;ekit_has_onepagescroll_dot&quot;:&quot;yes&quot;}\">\n\t\t\t\t\t\t<div class=\"elementor-container elementor-column-gap-default\">\n\t\t\t\t\t<div class=\"elementor-column elementor-col-33 elementor-top-column elementor-element elementor-element-a5377b6\" data-id=\"a5377b6\" data-element_type=\"column\">\n\t\t\t<div class=\"elementor-widget-wrap elementor-element-populated\">\n\t\t\t\t\t\t<div class=\"elementor-element elementor-element-3f69f11 wd-width-100 elementor-widget elementor-widget-wd_video\" data-id=\"3f69f11\" data-element_type=\"widget\" data-settings=\"{&quot;ekit_we_effect_on&quot;:&quot;none&quot;}\" data-widget_type=\"wd_video.default\">\n\t\t\t\t<div class=\"elementor-widget-container\">\n\t\t\t\t\t\n\t\t<div class=\"wd-el-video wd-action-without wd-video-hosted\">\n\t\t\t\t\t\t\t<video src=\"https:\/\/eurostonepanama.com\/\/wp-content\/uploads\/2023\/04\/Resistencia-al-rayado-Encimera-Cocina.mp4\" playsinline loop muted autoplay><\/video>\t\t\t\n\t\t\t\n\t\t\t\n\t\t\t\t\t<\/div>\n\t\t\t\t\t\t<\/div>\n\t\t\t\t<\/div>\n\t\t\t\t<div class=\"elementor-element elementor-element-9fe731d color-scheme-inherit text-left elementor-widget elementor-widget-text-editor\" data-id=\"9fe731d\" data-element_type=\"widget\" data-settings=\"{&quot;ekit_we_effect_on&quot;:&quot;none&quot;}\" data-widget_type=\"text-editor.default\">\n\t\t\t\t<div class=\"elementor-widget-container\">\n\t\t\t\t\t\t\t\t\t<h4>Altamente resistente al rayado<\/h4><p>Los utensilios de cocina no rayan a dekton<\/p>\t\t\t\t\t\t\t\t<\/div>\n\t\t\t\t<\/div>\n\t\t\t\t\t<\/div>\n\t\t<\/div>\n\t\t\t\t<div class=\"elementor-column elementor-col-33 elementor-top-column elementor-element elementor-element-0d78f79\" data-id=\"0d78f79\" data-element_type=\"column\">\n\t\t\t<div class=\"elementor-widget-wrap elementor-element-populated\">\n\t\t\t\t\t\t<div class=\"elementor-element elementor-element-c7f686d wd-width-100 elementor-widget elementor-widget-wd_video\" data-id=\"c7f686d\" data-element_type=\"widget\" data-settings=\"{&quot;ekit_we_effect_on&quot;:&quot;none&quot;}\" data-widget_type=\"wd_video.default\">\n\t\t\t\t<div class=\"elementor-widget-container\">\n\t\t\t\t\t\n\t\t<div class=\"wd-el-video wd-action-without wd-video-hosted\">\n\t\t\t\t\t\t\t<video src=\"https:\/\/eurostonepanama.com\/\/wp-content\/uploads\/2023\/04\/Resistencia-a-las-manchas-Encimera-Cocina.mp4\" playsinline loop muted autoplay><\/video>\t\t\t\n\t\t\t\n\t\t\t\n\t\t\t\t\t<\/div>\n\t\t\t\t\t\t<\/div>\n\t\t\t\t<\/div>\n\t\t\t\t<div class=\"elementor-element elementor-element-4a944bf color-scheme-inherit text-left elementor-widget elementor-widget-text-editor\" data-id=\"4a944bf\" data-element_type=\"widget\" data-settings=\"{&quot;ekit_we_effect_on&quot;:&quot;none&quot;}\" data-widget_type=\"text-editor.default\">\n\t\t\t\t<div class=\"elementor-widget-container\">\n\t\t\t\t\t\t\t\t\t<h4>Resistencia a las manchas<\/h4><p>Las encimeras de Dekton resisten las manchas m\u00e1s dif\u00edciles, permitiendo su f\u00e1cil limpieza y mantenimiento.<\/p>\t\t\t\t\t\t\t\t<\/div>\n\t\t\t\t<\/div>\n\t\t\t\t\t<\/div>\n\t\t<\/div>\n\t\t\t\t<div class=\"elementor-column elementor-col-33 elementor-top-column elementor-element elementor-element-7480c4c\" data-id=\"7480c4c\" data-element_type=\"column\">\n\t\t\t<div class=\"elementor-widget-wrap elementor-element-populated\">\n\t\t\t\t\t\t<div class=\"elementor-element elementor-element-8d3637a wd-width-100 elementor-widget elementor-widget-wd_video\" data-id=\"8d3637a\" data-element_type=\"widget\" data-settings=\"{&quot;ekit_we_effect_on&quot;:&quot;none&quot;}\" data-widget_type=\"wd_video.default\">\n\t\t\t\t<div class=\"elementor-widget-container\">\n\t\t\t\t\t\n\t\t<div class=\"wd-el-video wd-action-without wd-video-hosted\">\n\t\t\t\t\t\t\t<video src=\"https:\/\/eurostonepanama.com\/\/wp-content\/uploads\/2023\/04\/Resistencia-al-calor-Encimera-Exterior-1.mp4\" playsinline loop muted autoplay><\/video>\t\t\t\n\t\t\t\n\t\t\t\n\t\t\t\t\t<\/div>\n\t\t\t\t\t\t<\/div>\n\t\t\t\t<\/div>\n\t\t\t\t<div class=\"elementor-element elementor-element-e618cb6 color-scheme-inherit text-left elementor-widget elementor-widget-text-editor\" data-id=\"e618cb6\" data-element_type=\"widget\" data-settings=\"{&quot;ekit_we_effect_on&quot;:&quot;none&quot;}\" data-widget_type=\"text-editor.default\">\n\t\t\t\t<div class=\"elementor-widget-container\">\n\t\t\t\t\t\t\t\t\t<h4>Resistencia al fuego y calor<\/h4><p>Dekton resiste altas temperaturas evitando da\u00f1os en su superficie.<\/p>\t\t\t\t\t\t\t\t<\/div>\n\t\t\t\t<\/div>\n\t\t\t\t\t<\/div>\n\t\t<\/div>\n\t\t\t\t\t<\/div>\n\t\t<\/section>\n\t\t\t\t<section class=\"wd-negative-gap elementor-section elementor-top-section elementor-element elementor-element-7568052 elementor-section-boxed elementor-section-height-default elementor-section-height-default\" data-id=\"7568052\" data-element_type=\"section\" data-settings=\"{&quot;ekit_has_onepagescroll_dot&quot;:&quot;yes&quot;}\">\n\t\t\t\t\t\t<div class=\"elementor-container elementor-column-gap-default\">\n\t\t\t\t\t<div class=\"elementor-column elementor-col-33 elementor-top-column elementor-element elementor-element-42d8dd6\" data-id=\"42d8dd6\" data-element_type=\"column\">\n\t\t\t<div class=\"elementor-widget-wrap elementor-element-populated\">\n\t\t\t\t\t\t<div class=\"elementor-element elementor-element-417bed6 wd-width-100 elementor-widget elementor-widget-wd_video\" data-id=\"417bed6\" data-element_type=\"widget\" data-settings=\"{&quot;ekit_we_effect_on&quot;:&quot;none&quot;}\" data-widget_type=\"wd_video.default\">\n\t\t\t\t<div class=\"elementor-widget-container\">\n\t\t\t\t\t\n\t\t<div class=\"wd-el-video wd-action-without wd-video-hosted\">\n\t\t\t\t\t\t\t<video src=\"https:\/\/eurostonepanama.com\/\/wp-content\/uploads\/2023\/04\/Resistencia-al-impactos-Encimera-Exterior.mp4\" playsinline loop muted autoplay><\/video>\t\t\t\n\t\t\t\n\t\t\t\n\t\t\t\t\t<\/div>\n\t\t\t\t\t\t<\/div>\n\t\t\t\t<\/div>\n\t\t\t\t<div class=\"elementor-element elementor-element-c6f5a08 color-scheme-inherit text-left elementor-widget elementor-widget-text-editor\" data-id=\"c6f5a08\" data-element_type=\"widget\" data-settings=\"{&quot;ekit_we_effect_on&quot;:&quot;none&quot;}\" data-widget_type=\"text-editor.default\">\n\t\t\t\t<div class=\"elementor-widget-container\">\n\t\t\t\t\t\t\t\t\t<h4>Gran resistencia a impactos<\/h4><p>Alta resistencia a los impactos y golpes diarios<\/p>\t\t\t\t\t\t\t\t<\/div>\n\t\t\t\t<\/div>\n\t\t\t\t\t<\/div>\n\t\t<\/div>\n\t\t\t\t<div class=\"elementor-column elementor-col-33 elementor-top-column elementor-element elementor-element-3d9f0f6\" data-id=\"3d9f0f6\" data-element_type=\"column\">\n\t\t\t<div class=\"elementor-widget-wrap elementor-element-populated\">\n\t\t\t\t\t\t<div class=\"elementor-element elementor-element-b7783e5 wd-width-100 elementor-widget elementor-widget-wd_video\" data-id=\"b7783e5\" data-element_type=\"widget\" data-settings=\"{&quot;ekit_we_effect_on&quot;:&quot;none&quot;}\" data-widget_type=\"wd_video.default\">\n\t\t\t\t<div class=\"elementor-widget-container\">\n\t\t\t\t\t\n\t\t<div class=\"wd-el-video wd-action-without wd-video-hosted\">\n\t\t\t\t\t\t\t<video src=\"https:\/\/eurostonepanama.com\/\/wp-content\/uploads\/2023\/04\/Resistencia-a-la-abrasion-Encimera-Cocina.mp4\" playsinline loop muted autoplay><\/video>\t\t\t\n\t\t\t\n\t\t\t\n\t\t\t\t\t<\/div>\n\t\t\t\t\t\t<\/div>\n\t\t\t\t<\/div>\n\t\t\t\t<div class=\"elementor-element elementor-element-281a107 color-scheme-inherit text-left elementor-widget elementor-widget-text-editor\" data-id=\"281a107\" data-element_type=\"widget\" data-settings=\"{&quot;ekit_we_effect_on&quot;:&quot;none&quot;}\" data-widget_type=\"text-editor.default\">\n\t\t\t\t<div class=\"elementor-widget-container\">\n\t\t\t\t\t\t\t\t\t<h4>Resistente a la abrasi\u00f3n<\/h4><p>Dekton tiene una enorme resistencia a la abrasi\u00f3n, ideal para superficies de trabajo de uso intenso.<\/p>\t\t\t\t\t\t\t\t<\/div>\n\t\t\t\t<\/div>\n\t\t\t\t\t<\/div>\n\t\t<\/div>\n\t\t\t\t<div class=\"elementor-column elementor-col-33 elementor-top-column elementor-element elementor-element-966ff36\" data-id=\"966ff36\" data-element_type=\"column\">\n\t\t\t<div class=\"elementor-widget-wrap elementor-element-populated\">\n\t\t\t\t\t\t<div class=\"elementor-element elementor-element-ad8f285 wd-width-100 elementor-widget elementor-widget-wd_video\" data-id=\"ad8f285\" data-element_type=\"widget\" data-settings=\"{&quot;ekit_we_effect_on&quot;:&quot;none&quot;}\" data-widget_type=\"wd_video.default\">\n\t\t\t\t<div class=\"elementor-widget-container\">\n\t\t\t\t\t\n\t\t<div class=\"wd-el-video wd-action-without wd-video-hosted\">\n\t\t\t\t\t\t\t<video src=\"https:\/\/eurostonepanama.com\/\/wp-content\/uploads\/2023\/04\/Reducida-Absorcion-de-agua-Encimeras-Cocina.mp4\" playsinline loop muted autoplay><\/video>\t\t\t\n\t\t\t\n\t\t\t\n\t\t\t\t\t<\/div>\n\t\t\t\t\t\t<\/div>\n\t\t\t\t<\/div>\n\t\t\t\t<div class=\"elementor-element elementor-element-de2b4d9 color-scheme-inherit text-left elementor-widget elementor-widget-text-editor\" data-id=\"de2b4d9\" data-element_type=\"widget\" data-settings=\"{&quot;ekit_we_effect_on&quot;:&quot;none&quot;}\" data-widget_type=\"text-editor.default\">\n\t\t\t\t<div class=\"elementor-widget-container\">\n\t\t\t\t\t\t\t\t\t<h4>Reducida absorci\u00f3n de agua<\/h4><p>La casi nula porosidad de Dekton evita la absorci\u00f3n de agua y otros l\u00edquidos, facilitando as\u00ed su limpieza.<\/p>\t\t\t\t\t\t\t\t<\/div>\n\t\t\t\t<\/div>\n\t\t\t\t\t<\/div>\n\t\t<\/div>\n\t\t\t\t\t<\/div>\n\t\t<\/section>\n\t\t\t\t<\/div>\n\t\t","protected":false},"excerpt":{"rendered":"<div class=\"read-more-target\">Aeri es un color en tonalidades claras con detalles cremas inspirados en la caliza Piedra Paloma. Un color neutro y de s\u00fatil decoraci\u00f3n, que permite multitud de combinaciones para diferentes ambiente y estilos arquitect\u00f3nicos.<\/div>\n<div><\/div>\n<div><\/div>\n<div><strong>Material:<\/strong> Material sint\u00e9tico<\/div>\n<div>\n<h4><\/h4>\n<h4 class=\"mb-xs\">Certificados<\/h4>\n<div class=\"certificates\"><img decoding=\"async\" class=\"logo-epd mr-xs entered lazyloaded\" src=\"https:\/\/www.cosentino.com\/es\/wp-content\/plugins\/CosentinoShowcase\/assets\/img\/logo-epd.jpg\" alt=\"Environmental Product Declarations\" width=\"153\" height=\"38\" data-lazy-src=\"https:\/\/www.cosentino.com\/es\/wp-content\/plugins\/CosentinoShowcase\/views\/partials\/..\/..\/assets\/img\/logo-epd.jpg\" data-ll-status=\"loaded\" \/> <img decoding=\"async\" class=\"logo-co2 entered lazyloaded\" title=\"Cosentino CO2 Neutral\" src=\"https:\/\/www.cosentino.com\/es\/wp-content\/plugins\/CosentinoShowcase\/assets\/img\/co2-neutral.svg\" alt=\"Cosentino CO2 Neutral\" width=\"41\" height=\"41\" data-lazy-src=\"https:\/\/www.cosentino.com\/es\/wp-content\/plugins\/CosentinoShowcase\/views\/partials\/..\/..\/assets\/img\/co2-neutral.svg\" data-ll-status=\"loaded\" \/><\/div>\n<\/div>\n","protected":false},"featured_media":3058,"comment_status":"open","ping_status":"closed","template":"","meta":[],"product_brand":[],"product_cat":[83],"product_tag":[88],"class_list":{"0":"post-498","1":"product","2":"type-product","3":"status-publish","4":"has-post-thumbnail","6":"product_cat-dekton","7":"product_tag-material-sintetico","9":"first","10":"instock","11":"shipping-taxable","12":"product-type-simple"},"yoast_head":"<!-- This site is optimized with the Yoast SEO plugin v26.1.1 - https:\/\/yoast.com\/wordpress\/plugins\/seo\/ -->\n<title>Dekton Aeris - Eurostone<\/title>\n<meta name=\"robots\" content=\"index, follow, max-snippet:-1, max-image-preview:large, max-video-preview:-1\" \/>\n<link rel=\"canonical\" href=\"https:\/\/eurostonepanama.com\/en\/producto\/dekton-aeris\/\" \/>\n<meta property=\"og:locale\" content=\"en_US\" \/>\n<meta property=\"og:type\" content=\"article\" \/>\n<meta property=\"og:title\" content=\"Dekton Aeris - Eurostone\" \/>\n<meta property=\"og:description\" content=\"Aeri es un color en tonalidades claras con detalles cremas inspirados en la caliza Piedra Paloma. Un color neutro y de s\u00fatil decoraci\u00f3n, que permite multitud de combinaciones para diferentes ambiente y estilos arquitect\u00f3nicos.   Material: Material sint\u00e9tico   Certificados\" \/>\n<meta property=\"og:url\" content=\"https:\/\/eurostonepanama.com\/en\/producto\/dekton-aeris\/\" \/>\n<meta property=\"og:site_name\" content=\"Eurostone\" \/>\n<meta property=\"article:modified_time\" content=\"2026-05-03T03:31:06+00:00\" \/>\n<meta property=\"og:image\" content=\"https:\/\/eurostonepanama.com\/wp-content\/uploads\/2023\/04\/dekton-aeris.jpg\" \/>\n\t<meta property=\"og:image:width\" content=\"1000\" \/>\n\t<meta property=\"og:image:height\" content=\"1000\" \/>\n\t<meta property=\"og:image:type\" content=\"image\/jpeg\" \/>\n<meta name=\"twitter:card\" content=\"summary_large_image\" \/>\n<meta name=\"twitter:label1\" content=\"Est. reading time\" \/>\n\t<meta name=\"twitter:data1\" content=\"1 minute\" \/>\n<script type=\"application\/ld+json\" class=\"yoast-schema-graph\">{\"@context\":\"https:\/\/schema.org\",\"@graph\":[{\"@type\":\"WebPage\",\"@id\":\"https:\/\/eurostonepanama.com\/en\/producto\/dekton-aeris\/\",\"url\":\"https:\/\/eurostonepanama.com\/en\/producto\/dekton-aeris\/\",\"name\":\"Dekton Aeris - Eurostone\",\"isPartOf\":{\"@id\":\"https:\/\/eurostonepanama.com\/en\/#website\"},\"primaryImageOfPage\":{\"@id\":\"https:\/\/eurostonepanama.com\/en\/producto\/dekton-aeris\/#primaryimage\"},\"image\":{\"@id\":\"https:\/\/eurostonepanama.com\/en\/producto\/dekton-aeris\/#primaryimage\"},\"thumbnailUrl\":\"https:\/\/eurostonepanama.com\/wp-content\/uploads\/2023\/04\/dekton-aeris.jpg\",\"datePublished\":\"2023-04-24T11:08:10+00:00\",\"dateModified\":\"2026-05-03T03:31:06+00:00\",\"breadcrumb\":{\"@id\":\"https:\/\/eurostonepanama.com\/en\/producto\/dekton-aeris\/#breadcrumb\"},\"inLanguage\":\"en-US\",\"potentialAction\":[{\"@type\":\"ReadAction\",\"target\":[\"https:\/\/eurostonepanama.com\/en\/producto\/dekton-aeris\/\"]}]},{\"@type\":\"ImageObject\",\"inLanguage\":\"en-US\",\"@id\":\"https:\/\/eurostonepanama.com\/en\/producto\/dekton-aeris\/#primaryimage\",\"url\":\"https:\/\/eurostonepanama.com\/wp-content\/uploads\/2023\/04\/dekton-aeris.jpg\",\"contentUrl\":\"https:\/\/eurostonepanama.com\/wp-content\/uploads\/2023\/04\/dekton-aeris.jpg\",\"width\":1000,\"height\":1000},{\"@type\":\"BreadcrumbList\",\"@id\":\"https:\/\/eurostonepanama.com\/en\/producto\/dekton-aeris\/#breadcrumb\",\"itemListElement\":[{\"@type\":\"ListItem\",\"position\":1,\"name\":\"Portada\",\"item\":\"https:\/\/eurostonepanama.com\/en\/\"},{\"@type\":\"ListItem\",\"position\":2,\"name\":\"Productos\",\"item\":\"https:\/\/eurostonepanama.com\/tienda\/\"},{\"@type\":\"ListItem\",\"position\":3,\"name\":\"Dekton Aeris\"}]},{\"@type\":\"WebSite\",\"@id\":\"https:\/\/eurostonepanama.com\/en\/#website\",\"url\":\"https:\/\/eurostonepanama.com\/en\/\",\"name\":\"Eurostone\",\"description\":\"Expertos en pisos de M\u00e1rmol, porcelana, sobres y pisos\",\"potentialAction\":[{\"@type\":\"SearchAction\",\"target\":{\"@type\":\"EntryPoint\",\"urlTemplate\":\"https:\/\/eurostonepanama.com\/en\/?s={search_term_string}\"},\"query-input\":{\"@type\":\"PropertyValueSpecification\",\"valueRequired\":true,\"valueName\":\"search_term_string\"}}],\"inLanguage\":\"en-US\"}]}<\/script>\n<!-- \/ Yoast SEO plugin. -->","yoast_head_json":{"title":"Dekton Aeris - Eurostone","robots":{"index":"index","follow":"follow","max-snippet":"max-snippet:-1","max-image-preview":"max-image-preview:large","max-video-preview":"max-video-preview:-1"},"canonical":"https:\/\/eurostonepanama.com\/en\/producto\/dekton-aeris\/","og_locale":"en_US","og_type":"article","og_title":"Dekton Aeris - Eurostone","og_description":"Aeri es un color en tonalidades claras con detalles cremas inspirados en la caliza Piedra Paloma. Un color neutro y de s\u00fatil decoraci\u00f3n, que permite multitud de combinaciones para diferentes ambiente y estilos arquitect\u00f3nicos.   Material: Material sint\u00e9tico   Certificados","og_url":"https:\/\/eurostonepanama.com\/en\/producto\/dekton-aeris\/","og_site_name":"Eurostone","article_modified_time":"2026-05-03T03:31:06+00:00","og_image":[{"width":1000,"height":1000,"url":"https:\/\/eurostonepanama.com\/wp-content\/uploads\/2023\/04\/dekton-aeris.jpg","type":"image\/jpeg"}],"twitter_card":"summary_large_image","twitter_misc":{"Est. reading time":"1 minute"},"schema":{"@context":"https:\/\/schema.org","@graph":[{"@type":"WebPage","@id":"https:\/\/eurostonepanama.com\/en\/producto\/dekton-aeris\/","url":"https:\/\/eurostonepanama.com\/en\/producto\/dekton-aeris\/","name":"Dekton Aeris - Eurostone","isPartOf":{"@id":"https:\/\/eurostonepanama.com\/en\/#website"},"primaryImageOfPage":{"@id":"https:\/\/eurostonepanama.com\/en\/producto\/dekton-aeris\/#primaryimage"},"image":{"@id":"https:\/\/eurostonepanama.com\/en\/producto\/dekton-aeris\/#primaryimage"},"thumbnailUrl":"https:\/\/eurostonepanama.com\/wp-content\/uploads\/2023\/04\/dekton-aeris.jpg","datePublished":"2023-04-24T11:08:10+00:00","dateModified":"2026-05-03T03:31:06+00:00","breadcrumb":{"@id":"https:\/\/eurostonepanama.com\/en\/producto\/dekton-aeris\/#breadcrumb"},"inLanguage":"en-US","potentialAction":[{"@type":"ReadAction","target":["https:\/\/eurostonepanama.com\/en\/producto\/dekton-aeris\/"]}]},{"@type":"ImageObject","inLanguage":"en-US","@id":"https:\/\/eurostonepanama.com\/en\/producto\/dekton-aeris\/#primaryimage","url":"https:\/\/eurostonepanama.com\/wp-content\/uploads\/2023\/04\/dekton-aeris.jpg","contentUrl":"https:\/\/eurostonepanama.com\/wp-content\/uploads\/2023\/04\/dekton-aeris.jpg","width":1000,"height":1000},{"@type":"BreadcrumbList","@id":"https:\/\/eurostonepanama.com\/en\/producto\/dekton-aeris\/#breadcrumb","itemListElement":[{"@type":"ListItem","position":1,"name":"Portada","item":"https:\/\/eurostonepanama.com\/en\/"},{"@type":"ListItem","position":2,"name":"Productos","item":"https:\/\/eurostonepanama.com\/tienda\/"},{"@type":"ListItem","position":3,"name":"Dekton Aeris"}]},{"@type":"WebSite","@id":"https:\/\/eurostonepanama.com\/en\/#website","url":"https:\/\/eurostonepanama.com\/en\/","name":"Eurostone","description":"Expertos en pisos de M\u00e1rmol, porcelana, sobres y pisos","potentialAction":[{"@type":"SearchAction","target":{"@type":"EntryPoint","urlTemplate":"https:\/\/eurostonepanama.com\/en\/?s={search_term_string}"},"query-input":{"@type":"PropertyValueSpecification","valueRequired":true,"valueName":"search_term_string"}}],"inLanguage":"en-US"}]}},"_links":{"self":[{"href":"https:\/\/eurostonepanama.com\/en\/wp-json\/wp\/v2\/product\/498","targetHints":{"allow":["GET"]}}],"collection":[{"href":"https:\/\/eurostonepanama.com\/en\/wp-json\/wp\/v2\/product"}],"about":[{"href":"https:\/\/eurostonepanama.com\/en\/wp-json\/wp\/v2\/types\/product"}],"replies":[{"embeddable":true,"href":"https:\/\/eurostonepanama.com\/en\/wp-json\/wp\/v2\/comments?post=498"}],"version-history":[{"count":27,"href":"https:\/\/eurostonepanama.com\/en\/wp-json\/wp\/v2\/product\/498\/revisions"}],"predecessor-version":[{"id":2143,"href":"https:\/\/eurostonepanama.com\/en\/wp-json\/wp\/v2\/product\/498\/revisions\/2143"}],"wp:featuredmedia":[{"embeddable":true,"href":"https:\/\/eurostonepanama.com\/en\/wp-json\/wp\/v2\/media\/3058"}],"wp:attachment":[{"href":"https:\/\/eurostonepanama.com\/en\/wp-json\/wp\/v2\/media?parent=498"}],"wp:term":[{"taxonomy":"product_brand","embeddable":true,"href":"https:\/\/eurostonepanama.com\/en\/wp-json\/wp\/v2\/product_brand?post=498"},{"taxonomy":"product_cat","embeddable":true,"href":"https:\/\/eurostonepanama.com\/en\/wp-json\/wp\/v2\/product_cat?post=498"},{"taxonomy":"product_tag","embeddable":true,"href":"https:\/\/eurostonepanama.com\/en\/wp-json\/wp\/v2\/product_tag?post=498"}],"curies":[{"name":"wp","href":"https:\/\/api.w.org\/{rel}","templated":true}]}}