{"id":2963,"date":"2024-04-14T23:23:43","date_gmt":"2024-04-15T04:23:43","guid":{"rendered":"https:\/\/www.eurostone-atelier.com\/?post_type=product&#038;p=2963"},"modified":"2024-04-23T10:36:27","modified_gmt":"2024-04-23T15:36:27","slug":"polygroup-panel-perforado-gamaflor","status":"publish","type":"product","link":"https:\/\/eurostonepanama.com\/en\/producto\/polygroup-panel-perforado-gamaflor\/","title":{"rendered":"Polygroup Panel Perforado Gamaflor"},"content":{"rendered":"<div class=\"et_pb_row et_pb_row_6\">\n<div class=\"et_pb_column et_pb_column_4_4 et_pb_column_8 et_pb_css_mix_blend_mode_passthrough et-last-child\">\n<div class=\"et_pb_module et_pb_text et_pb_text_9 et_pb_text_align_center et_pb_bg_layout_light\">\n<div class=\"et_pb_text_inner\">\n<h4>PRESTACIONES DE ALTO RENDIMIENTO<\/h4>\n<\/div>\n<\/div>\n<div class=\"et_pb_module et_pb_text et_pb_text_10 et_pb_text_align_left et_pb_bg_layout_light\">\n<div class=\"et_pb_text_inner\">\n<p>Los paneles perforados GAMAFLOR est\u00e1n dise\u00f1ados para cubrir las exigencias de cargas est\u00e1ticas y rodadas en salas t\u00e9cnicas y de <strong>CPD<\/strong>. Est\u00e1n dise\u00f1ados para garantizar un continuo flujo de aire desde la parte inferior del pavimento elevado y as\u00ed poder refrigerar la maquinaria de la sala mediante la tecnolog\u00eda de pasillo fr\u00edo \/ pasillo caliente. La nueva tecnolog\u00eda de fabricaci\u00f3n con acero liso asegurar\u00e1 una reducci\u00f3n sonora de la salida de aire frente a las tradicionales rejillas de ventilaci\u00f3n de aluminio de suelos t\u00e9cnicos.<\/p>\n<div class=\"et_pb_module et_pb_text et_pb_text_11  et_pb_text_align_center et_pb_bg_layout_light\">\n<div class=\"et_pb_text_inner\">\n<ul>\n<li>Alta capacidad de carga<\/li>\n<li>Resistencia al fuego<\/li>\n<li>Propiedades ac\u00fasticas<\/li>\n<li>Peso muy ligero por baldosa<\/li>\n<li>Garant\u00eda flujo de aire<\/li>\n<\/ul>\n<\/div>\n<\/div>\n<\/div>\n<\/div>\n<\/div>\n<\/div>\n<div class=\"et_pb_row et_pb_row_7 et_pb_row_5col\">\n<div class=\"et_pb_column et_pb_column_1_5 et_pb_column_13 et_pb_css_mix_blend_mode_passthrough et-last-child\">\n<div class=\"et_pb_module et_pb_text et_pb_text_15 et_pb_text_align_center et_pb_bg_layout_light\">\n<div class=\"et_pb_text_inner\">\n<div class=\"et_pb_section et_pb_section_1 et_pb_with_background et_section_regular\">\n<div class=\"et_pb_row et_pb_row_8\">\n<div class=\"et_pb_column et_pb_column_4_4 et_pb_column_14 et_pb_css_mix_blend_mode_passthrough et-last-child\">\n<div class=\"et_pb_module et_pb_text et_pb_text_16 et_pb_text_align_center et_pb_bg_layout_light\">\n<div class=\"et_pb_text_inner\">\n<h4>UNA CONFIGURACI\u00d3N A TU MEDIDA<\/h4>\n<\/div>\n<\/div>\n<div class=\"et_pb_module et_pb_text et_pb_text_17 et_pb_text_align_left et_pb_bg_layout_light\">\n<div class=\"et_pb_text_inner\">\n<p>Dependiendo de la cantidad necesaria de impulsi\u00f3n de flujo de aire desde el suelo t\u00e9cnico elevado se han desarrollado distintos paneles perforados con distintas aperturas en la partesuperior. Estas baldosas perforadas pueden ser incorporadas con un regulador de caudal en la parte inferior para controlar la impulsi\u00f3n de aire desde cada panel de modo independiente as\u00ed como una aleta direccionales que permitir\u00e1n dirigir el flujo de aire directamente a la maquinaria que se desea refrigerar.<\/p>\n<\/div>\n<\/div>\n<\/div>\n<\/div>\n<\/div>\n<\/div>\n<\/div>\n<\/div>\n<\/div>\n","protected":false},"excerpt":{"rendered":"<p><strong>POLYGROUP<\/strong> ha desarrollado una nueva generaci\u00f3n de paneles perforados y rejillas de ventilaci\u00f3n para suelos t\u00e9cnicos elevados. Los paneles perforados GAMAFLOR G son fabricados completamente en acero liso reforzado dotando al producto de la m\u00e1xima resistencia a carga tanto est\u00e1ticas como rodadas y m\u00e1xima resistencia al fuego. La serie de paneles perforados GAMAFLOR son ajustables tanto a los sistemas GAMAFLOR FULL STEEL como a los sistemas GAMAFLOR PAC\/BANK, del mismo modo son compatibles con multitud de sistemas de suelos t\u00e9cnicos elevados del mercado a nivel mundial.<\/p>\n<p>Los paneles son ajustables a baldosas de espesor 30 a 40 mm y garantizan un caudal de aire constante y seguro para las zonas de pasillos fr\u00edos del CPD y salas donde se requiere una refrigeraci\u00f3n a trav\u00e9s del suelo t\u00e9cnico elevado.<\/p>\n","protected":false},"featured_media":2966,"comment_status":"open","ping_status":"closed","template":"","meta":[],"product_brand":[],"product_cat":[130],"product_tag":[],"class_list":{"0":"post-2963","1":"product","2":"type-product","3":"status-publish","4":"has-post-thumbnail","6":"product_cat-pisos-tecnicos","8":"first","9":"instock","10":"shipping-taxable","11":"product-type-simple"},"yoast_head":"<!-- This site is optimized with the Yoast SEO plugin v26.1.1 - https:\/\/yoast.com\/wordpress\/plugins\/seo\/ -->\n<title>Polygroup Panel Perforado Gamaflor - Eurostone<\/title>\n<meta name=\"robots\" content=\"index, follow, max-snippet:-1, max-image-preview:large, max-video-preview:-1\" \/>\n<link rel=\"canonical\" href=\"https:\/\/eurostonepanama.com\/en\/producto\/polygroup-panel-perforado-gamaflor\/\" \/>\n<meta property=\"og:locale\" content=\"en_US\" \/>\n<meta property=\"og:type\" content=\"article\" \/>\n<meta property=\"og:title\" content=\"Polygroup Panel Perforado Gamaflor - Eurostone\" \/>\n<meta property=\"og:description\" content=\"POLYGROUP ha desarrollado una nueva generaci\u00f3n de paneles perforados y rejillas de ventilaci\u00f3n para suelos t\u00e9cnicos elevados. Los paneles perforados GAMAFLOR G son fabricados completamente en acero liso reforzado dotando al producto de la m\u00e1xima resistencia a carga tanto est\u00e1ticas como rodadas y m\u00e1xima resistencia al fuego. La serie de paneles perforados GAMAFLOR son ajustables tanto a los sistemas GAMAFLOR FULL STEEL como a los sistemas GAMAFLOR PAC\/BANK, del mismo modo son compatibles con multitud de sistemas de suelos t\u00e9cnicos elevados del mercado a nivel mundial.  Los paneles son ajustables a baldosas de espesor 30 a 40 mm y garantizan un caudal de aire constante y seguro para las zonas de pasillos fr\u00edos del CPD y salas donde se requiere una refrigeraci\u00f3n a trav\u00e9s del suelo t\u00e9cnico elevado.\" \/>\n<meta property=\"og:url\" content=\"https:\/\/eurostonepanama.com\/en\/producto\/polygroup-panel-perforado-gamaflor\/\" \/>\n<meta property=\"og:site_name\" content=\"Eurostone\" \/>\n<meta property=\"article:modified_time\" content=\"2024-04-23T15:36:27+00:00\" \/>\n<meta property=\"og:image\" content=\"https:\/\/eurostonepanama.com\/wp-content\/uploads\/2024\/04\/panel-perforado-gamaflor02.jpg\" \/>\n\t<meta property=\"og:image:width\" content=\"1000\" \/>\n\t<meta property=\"og:image:height\" content=\"1000\" \/>\n\t<meta property=\"og:image:type\" content=\"image\/jpeg\" \/>\n<meta name=\"twitter:card\" content=\"summary_large_image\" \/>\n<meta name=\"twitter:label1\" content=\"Est. reading time\" \/>\n\t<meta name=\"twitter:data1\" content=\"1 minute\" \/>\n<script type=\"application\/ld+json\" class=\"yoast-schema-graph\">{\"@context\":\"https:\/\/schema.org\",\"@graph\":[{\"@type\":\"WebPage\",\"@id\":\"https:\/\/eurostonepanama.com\/en\/producto\/polygroup-panel-perforado-gamaflor\/\",\"url\":\"https:\/\/eurostonepanama.com\/en\/producto\/polygroup-panel-perforado-gamaflor\/\",\"name\":\"Polygroup Panel Perforado Gamaflor - Eurostone\",\"isPartOf\":{\"@id\":\"https:\/\/eurostonepanama.com\/en\/#website\"},\"primaryImageOfPage\":{\"@id\":\"https:\/\/eurostonepanama.com\/en\/producto\/polygroup-panel-perforado-gamaflor\/#primaryimage\"},\"image\":{\"@id\":\"https:\/\/eurostonepanama.com\/en\/producto\/polygroup-panel-perforado-gamaflor\/#primaryimage\"},\"thumbnailUrl\":\"https:\/\/eurostonepanama.com\/wp-content\/uploads\/2024\/04\/panel-perforado-gamaflor02.jpg\",\"datePublished\":\"2024-04-15T04:23:43+00:00\",\"dateModified\":\"2024-04-23T15:36:27+00:00\",\"breadcrumb\":{\"@id\":\"https:\/\/eurostonepanama.com\/en\/producto\/polygroup-panel-perforado-gamaflor\/#breadcrumb\"},\"inLanguage\":\"en-US\",\"potentialAction\":[{\"@type\":\"ReadAction\",\"target\":[\"https:\/\/eurostonepanama.com\/en\/producto\/polygroup-panel-perforado-gamaflor\/\"]}]},{\"@type\":\"ImageObject\",\"inLanguage\":\"en-US\",\"@id\":\"https:\/\/eurostonepanama.com\/en\/producto\/polygroup-panel-perforado-gamaflor\/#primaryimage\",\"url\":\"https:\/\/eurostonepanama.com\/wp-content\/uploads\/2024\/04\/panel-perforado-gamaflor02.jpg\",\"contentUrl\":\"https:\/\/eurostonepanama.com\/wp-content\/uploads\/2024\/04\/panel-perforado-gamaflor02.jpg\",\"width\":1000,\"height\":1000},{\"@type\":\"BreadcrumbList\",\"@id\":\"https:\/\/eurostonepanama.com\/en\/producto\/polygroup-panel-perforado-gamaflor\/#breadcrumb\",\"itemListElement\":[{\"@type\":\"ListItem\",\"position\":1,\"name\":\"Portada\",\"item\":\"https:\/\/eurostonepanama.com\/en\/\"},{\"@type\":\"ListItem\",\"position\":2,\"name\":\"Productos\",\"item\":\"https:\/\/eurostonepanama.com\/tienda\/\"},{\"@type\":\"ListItem\",\"position\":3,\"name\":\"Polygroup Panel Perforado Gamaflor\"}]},{\"@type\":\"WebSite\",\"@id\":\"https:\/\/eurostonepanama.com\/en\/#website\",\"url\":\"https:\/\/eurostonepanama.com\/en\/\",\"name\":\"Eurostone\",\"description\":\"Expertos en pisos de M\u00e1rmol, porcelana, sobres y pisos\",\"potentialAction\":[{\"@type\":\"SearchAction\",\"target\":{\"@type\":\"EntryPoint\",\"urlTemplate\":\"https:\/\/eurostonepanama.com\/en\/?s={search_term_string}\"},\"query-input\":{\"@type\":\"PropertyValueSpecification\",\"valueRequired\":true,\"valueName\":\"search_term_string\"}}],\"inLanguage\":\"en-US\"}]}<\/script>\n<!-- \/ Yoast SEO plugin. -->","yoast_head_json":{"title":"Polygroup Panel Perforado Gamaflor - Eurostone","robots":{"index":"index","follow":"follow","max-snippet":"max-snippet:-1","max-image-preview":"max-image-preview:large","max-video-preview":"max-video-preview:-1"},"canonical":"https:\/\/eurostonepanama.com\/en\/producto\/polygroup-panel-perforado-gamaflor\/","og_locale":"en_US","og_type":"article","og_title":"Polygroup Panel Perforado Gamaflor - Eurostone","og_description":"POLYGROUP ha desarrollado una nueva generaci\u00f3n de paneles perforados y rejillas de ventilaci\u00f3n para suelos t\u00e9cnicos elevados. Los paneles perforados GAMAFLOR G son fabricados completamente en acero liso reforzado dotando al producto de la m\u00e1xima resistencia a carga tanto est\u00e1ticas como rodadas y m\u00e1xima resistencia al fuego. La serie de paneles perforados GAMAFLOR son ajustables tanto a los sistemas GAMAFLOR FULL STEEL como a los sistemas GAMAFLOR PAC\/BANK, del mismo modo son compatibles con multitud de sistemas de suelos t\u00e9cnicos elevados del mercado a nivel mundial.  Los paneles son ajustables a baldosas de espesor 30 a 40 mm y garantizan un caudal de aire constante y seguro para las zonas de pasillos fr\u00edos del CPD y salas donde se requiere una refrigeraci\u00f3n a trav\u00e9s del suelo t\u00e9cnico elevado.","og_url":"https:\/\/eurostonepanama.com\/en\/producto\/polygroup-panel-perforado-gamaflor\/","og_site_name":"Eurostone","article_modified_time":"2024-04-23T15:36:27+00:00","og_image":[{"width":1000,"height":1000,"url":"https:\/\/eurostonepanama.com\/wp-content\/uploads\/2024\/04\/panel-perforado-gamaflor02.jpg","type":"image\/jpeg"}],"twitter_card":"summary_large_image","twitter_misc":{"Est. reading time":"1 minute"},"schema":{"@context":"https:\/\/schema.org","@graph":[{"@type":"WebPage","@id":"https:\/\/eurostonepanama.com\/en\/producto\/polygroup-panel-perforado-gamaflor\/","url":"https:\/\/eurostonepanama.com\/en\/producto\/polygroup-panel-perforado-gamaflor\/","name":"Polygroup Panel Perforado Gamaflor - Eurostone","isPartOf":{"@id":"https:\/\/eurostonepanama.com\/en\/#website"},"primaryImageOfPage":{"@id":"https:\/\/eurostonepanama.com\/en\/producto\/polygroup-panel-perforado-gamaflor\/#primaryimage"},"image":{"@id":"https:\/\/eurostonepanama.com\/en\/producto\/polygroup-panel-perforado-gamaflor\/#primaryimage"},"thumbnailUrl":"https:\/\/eurostonepanama.com\/wp-content\/uploads\/2024\/04\/panel-perforado-gamaflor02.jpg","datePublished":"2024-04-15T04:23:43+00:00","dateModified":"2024-04-23T15:36:27+00:00","breadcrumb":{"@id":"https:\/\/eurostonepanama.com\/en\/producto\/polygroup-panel-perforado-gamaflor\/#breadcrumb"},"inLanguage":"en-US","potentialAction":[{"@type":"ReadAction","target":["https:\/\/eurostonepanama.com\/en\/producto\/polygroup-panel-perforado-gamaflor\/"]}]},{"@type":"ImageObject","inLanguage":"en-US","@id":"https:\/\/eurostonepanama.com\/en\/producto\/polygroup-panel-perforado-gamaflor\/#primaryimage","url":"https:\/\/eurostonepanama.com\/wp-content\/uploads\/2024\/04\/panel-perforado-gamaflor02.jpg","contentUrl":"https:\/\/eurostonepanama.com\/wp-content\/uploads\/2024\/04\/panel-perforado-gamaflor02.jpg","width":1000,"height":1000},{"@type":"BreadcrumbList","@id":"https:\/\/eurostonepanama.com\/en\/producto\/polygroup-panel-perforado-gamaflor\/#breadcrumb","itemListElement":[{"@type":"ListItem","position":1,"name":"Portada","item":"https:\/\/eurostonepanama.com\/en\/"},{"@type":"ListItem","position":2,"name":"Productos","item":"https:\/\/eurostonepanama.com\/tienda\/"},{"@type":"ListItem","position":3,"name":"Polygroup Panel Perforado Gamaflor"}]},{"@type":"WebSite","@id":"https:\/\/eurostonepanama.com\/en\/#website","url":"https:\/\/eurostonepanama.com\/en\/","name":"Eurostone","description":"Expertos en pisos de M\u00e1rmol, porcelana, sobres y pisos","potentialAction":[{"@type":"SearchAction","target":{"@type":"EntryPoint","urlTemplate":"https:\/\/eurostonepanama.com\/en\/?s={search_term_string}"},"query-input":{"@type":"PropertyValueSpecification","valueRequired":true,"valueName":"search_term_string"}}],"inLanguage":"en-US"}]}},"_links":{"self":[{"href":"https:\/\/eurostonepanama.com\/en\/wp-json\/wp\/v2\/product\/2963","targetHints":{"allow":["GET"]}}],"collection":[{"href":"https:\/\/eurostonepanama.com\/en\/wp-json\/wp\/v2\/product"}],"about":[{"href":"https:\/\/eurostonepanama.com\/en\/wp-json\/wp\/v2\/types\/product"}],"replies":[{"embeddable":true,"href":"https:\/\/eurostonepanama.com\/en\/wp-json\/wp\/v2\/comments?post=2963"}],"version-history":[{"count":2,"href":"https:\/\/eurostonepanama.com\/en\/wp-json\/wp\/v2\/product\/2963\/revisions"}],"predecessor-version":[{"id":3011,"href":"https:\/\/eurostonepanama.com\/en\/wp-json\/wp\/v2\/product\/2963\/revisions\/3011"}],"wp:featuredmedia":[{"embeddable":true,"href":"https:\/\/eurostonepanama.com\/en\/wp-json\/wp\/v2\/media\/2966"}],"wp:attachment":[{"href":"https:\/\/eurostonepanama.com\/en\/wp-json\/wp\/v2\/media?parent=2963"}],"wp:term":[{"taxonomy":"product_brand","embeddable":true,"href":"https:\/\/eurostonepanama.com\/en\/wp-json\/wp\/v2\/product_brand?post=2963"},{"taxonomy":"product_cat","embeddable":true,"href":"https:\/\/eurostonepanama.com\/en\/wp-json\/wp\/v2\/product_cat?post=2963"},{"taxonomy":"product_tag","embeddable":true,"href":"https:\/\/eurostonepanama.com\/en\/wp-json\/wp\/v2\/product_tag?post=2963"}],"curies":[{"name":"wp","href":"https:\/\/api.w.org\/{rel}","templated":true}]}}