{"id":2956,"date":"2024-04-14T23:10:38","date_gmt":"2024-04-15T04:10:38","guid":{"rendered":"https:\/\/www.eurostone-atelier.com\/?post_type=product&#038;p=2956"},"modified":"2026-05-02T22:30:25","modified_gmt":"2026-05-03T03:30:25","slug":"alfombras-azul-flame-565","status":"publish","type":"product","link":"https:\/\/eurostonepanama.com\/en\/producto\/alfombras-azul-flame-565\/","title":{"rendered":"Alfombras Azul Flame 565"},"content":{"rendered":"<div class=\"list-main ng-star-inserted\" data-moz-translations-id=\"1186\">\n<div class=\"ng-star-inserted\" data-moz-translations-id=\"1187\">\n<div class=\"list\" data-moz-translations-id=\"1188\">\n<div class=\"span\" data-moz-translations-id=\"1189\">M\u00e9todo de la tinte<\/div>\n<div class=\"title\" data-moz-translations-id=\"1190\">Soluci\u00f3n de mojado<\/div>\n<\/div>\n<\/div>\n<div class=\"ng-star-inserted\" data-moz-translations-id=\"1191\">\n<div class=\"list\" data-moz-translations-id=\"1192\">\n<div class=\"span\" data-moz-translations-id=\"1193\">Tecnolog\u00eda de liberaci\u00f3n de suelos<\/div>\n<div class=\"title\" data-moz-translations-id=\"1194\">Protecci\u00f3n EcoSentry Plus Mancha<\/div>\n<\/div>\n<\/div>\n<div class=\"ng-star-inserted\" data-moz-translations-id=\"1195\">\n<div class=\"list\" data-moz-translations-id=\"1196\">\n<div class=\"span\" data-moz-translations-id=\"1197\">Las puntadas Per Inch<\/div>\n<div class=\"title\" data-moz-translations-id=\"1198\">13.6 (53,54 por 10cm)<\/div>\n<\/div>\n<\/div>\n<div class=\"ng-star-inserted\" data-moz-translations-id=\"1199\">\n<div class=\"list\" data-moz-translations-id=\"1200\">\n<div class=\"span\" data-moz-translations-id=\"1201\">Construcci\u00f3n<\/div>\n<div class=\"title\" data-moz-translations-id=\"1202\">Tufted<\/div>\n<\/div>\n<\/div>\n<div class=\"ng-star-inserted\" data-moz-translations-id=\"1203\">\n<div class=\"list\" data-moz-translations-id=\"1204\">\n<div class=\"span\" data-moz-translations-id=\"1205\">Tipo de fibra<\/div>\n<div class=\"title\" data-moz-translations-id=\"1206\">ColorStrand. SD Nylon<\/div>\n<\/div>\n<\/div>\n<div class=\"ng-star-inserted\" data-moz-translations-id=\"1207\">\n<div class=\"list\" data-moz-translations-id=\"1208\">\n<div class=\"span\" data-moz-translations-id=\"1209\">Densidad<\/div>\n<div class=\"title\" data-moz-translations-id=\"1210\">5057<\/div>\n<\/div>\n<\/div>\n<div class=\"ng-star-inserted\" data-moz-translations-id=\"1211\">\n<div class=\"list\" data-moz-translations-id=\"1212\">\n<div class=\"span\" data-moz-translations-id=\"1213\">Tama\u00f1o<\/div>\n<div class=\"title\" data-moz-translations-id=\"1214\">24&#8243; X 24&#8243;<\/div>\n<\/div>\n<\/div>\n<div class=\"ng-star-inserted\" data-moz-translations-id=\"1215\">\n<div class=\"list\" data-moz-translations-id=\"1216\">\n<div class=\"span\" data-moz-translations-id=\"1217\">Tufted Pile Peso<\/div>\n<div class=\"title\" data-moz-translations-id=\"1218\">17.00 oz\/d2 (576 g\/m2)<\/div>\n<\/div>\n<\/div>\n<div class=\"ng-star-inserted\" data-moz-translations-id=\"1219\">\n<div class=\"list\" data-moz-translations-id=\"1220\">\n<div class=\"span\" data-moz-translations-id=\"1221\">Tecnolog\u00eda de liberaci\u00f3n de manchas<\/div>\n<div class=\"title\" data-moz-translations-id=\"1222\">Protecci\u00f3n EcoSentry Plus Mancha<\/div>\n<\/div>\n<\/div>\n<div class=\"ng-star-inserted\" data-moz-translations-id=\"1223\">\n<div class=\"list\" data-moz-translations-id=\"1224\">\n<div class=\"span\" data-moz-translations-id=\"1225\">Densidad de peso<\/div>\n<div class=\"title\" data-moz-translations-id=\"1226\">85983<\/div>\n<\/div>\n<\/div>\n<div class=\"ng-star-inserted\" data-moz-translations-id=\"1227\">\n<div class=\"list\" data-moz-translations-id=\"1228\">\n<div class=\"span\" data-moz-translations-id=\"1229\">Min Sq Yard<\/div>\n<div class=\"title\" data-moz-translations-id=\"1230\">Sin m\u00ednimos<\/div>\n<\/div>\n<\/div>\n<div class=\"ng-star-inserted\" data-moz-translations-id=\"1231\">\n<div class=\"list\" data-moz-translations-id=\"1232\">\n<div class=\"span\" data-moz-translations-id=\"1233\">SQ Yrds por cart\u00f3n<\/div>\n<div class=\"title\" data-moz-translations-id=\"1234\">8.00<\/div>\n<\/div>\n<\/div>\n<div class=\"ng-star-inserted\" data-moz-translations-id=\"1235\">\n<div class=\"list\" data-moz-translations-id=\"1236\">\n<div class=\"span\" data-moz-translations-id=\"1237\">Textura superficial<\/div>\n<div class=\"title\" data-moz-translations-id=\"1238\">Buo de formado texturizado<\/div>\n<\/div>\n<\/div>\n<div class=\"ng-star-inserted\" data-moz-translations-id=\"1239\">\n<div class=\"list\" data-moz-translations-id=\"1240\">\n<div class=\"span\" data-moz-translations-id=\"1241\">Gauge<\/div>\n<div class=\"title\" data-moz-translations-id=\"1242\">1\/12 (47.00 hileras por 10 cm)<\/div>\n<\/div>\n<\/div>\n<div class=\"ng-star-inserted\" data-moz-translations-id=\"1243\">\n<div class=\"list\" data-moz-translations-id=\"1244\">\n<div class=\"span\" data-moz-translations-id=\"1245\">M\u00e9todo de instalaci\u00f3n<\/div>\n<div class=\"title\" data-moz-translations-id=\"1246\">Brick Ashlar, Side Match, Quarter Turn, Vertical Ashlar<\/div>\n<\/div>\n<\/div>\n<div class=\"ng-star-inserted\" data-moz-translations-id=\"1247\">\n<div class=\"list\" data-moz-translations-id=\"1248\">\n<div class=\"span\" data-moz-translations-id=\"1249\">Recomendaci\u00f3n de tr\u00e1fico de pies TARR<\/div>\n<div class=\"title\" data-moz-translations-id=\"1250\">Pesado<\/div>\n<\/div>\n<\/div>\n<div class=\"ng-star-inserted\" data-moz-translations-id=\"1251\">\n<div class=\"list\" data-moz-translations-id=\"1252\">\n<div class=\"span\" data-moz-translations-id=\"1253\">Llamamiento<\/div>\n<div class=\"title\" data-moz-translations-id=\"1254\">ASTM E 648 Clase 1 (Abajo azul)<\/div>\n<\/div>\n<\/div>\n<div class=\"ng-star-inserted\" data-moz-translations-id=\"1255\">\n<div class=\"list\" data-moz-translations-id=\"1256\">\n<div class=\"span\" data-moz-translations-id=\"1257\">Densidad de humo<\/div>\n<div class=\"title\" data-moz-translations-id=\"1258\">ASTM E 662 Menos de 450<\/div>\n<\/div>\n<\/div>\n<div class=\"ng-star-inserted\" data-moz-translations-id=\"1259\">\n<div class=\"list\" data-moz-translations-id=\"1260\">\n<div class=\"span\" data-moz-translations-id=\"1261\">Despedida est\u00e1tica<\/div>\n<div class=\"title\" data-moz-translations-id=\"1262\">AATCC-134 Sub 3.5 KV<\/div>\n<\/div>\n<\/div>\n<\/div>\n","protected":false},"excerpt":{"rendered":"<p>Emerging Directions es una colecci\u00f3n de moqueta en losetas modulares de 24\u201d x 24\u201d de dos estilos que tienen patrones de textura pronunciados, todos inspirados en el concepto sueco de Lagom. Este es un principio de estilo de vida que consiste en vivir una vida equilibrada y apreciar las cosas humildes que te rodean.<\/p>\n<p><strong>Estilo: <\/strong>Efecto lineal<\/p>\n<p><strong>Estilo: <\/strong>BT589<\/p>\n<p><strong>Color: <\/strong>Azul de Inky<\/p>\n<p><strong>Color: <\/strong>565<\/p>\n<p><strong>Colecci\u00f3n: <\/strong>Direcciones emergentes<\/p>\n<p><strong>Tama\u00f1o: <\/strong>24 en x 24 en<\/p>\n<p><strong>Tipo de construcci\u00f3n: <\/strong>Tufted<\/p>\n","protected":false},"featured_media":2957,"comment_status":"open","ping_status":"closed","template":"","meta":[],"product_brand":[],"product_cat":[127],"product_tag":[],"class_list":{"0":"post-2956","1":"product","2":"type-product","3":"status-publish","4":"has-post-thumbnail","6":"product_cat-alfombras","8":"first","9":"instock","10":"shipping-taxable","11":"product-type-simple"},"yoast_head":"<!-- This site is optimized with the Yoast SEO plugin v26.1.1 - https:\/\/yoast.com\/wordpress\/plugins\/seo\/ -->\n<title>Alfombras Azul Flame 565 - Eurostone<\/title>\n<meta name=\"robots\" content=\"index, follow, max-snippet:-1, max-image-preview:large, max-video-preview:-1\" \/>\n<link rel=\"canonical\" href=\"https:\/\/eurostonepanama.com\/en\/producto\/alfombras-azul-flame-565\/\" \/>\n<meta property=\"og:locale\" content=\"en_US\" \/>\n<meta property=\"og:type\" content=\"article\" \/>\n<meta property=\"og:title\" content=\"Alfombras Azul Flame 565 - Eurostone\" \/>\n<meta property=\"og:description\" content=\"Emerging Directions es una colecci\u00f3n de moqueta en losetas modulares de 24\u201d x 24\u201d de dos estilos que tienen patrones de textura pronunciados, todos inspirados en el concepto sueco de Lagom. Este es un principio de estilo de vida que consiste en vivir una vida equilibrada y apreciar las cosas humildes que te rodean.  Estilo: Efecto lineal  Estilo: BT589  Color: Azul de Inky  Color: 565  Colecci\u00f3n: Direcciones emergentes  Tama\u00f1o: 24 en x 24 en  Tipo de construcci\u00f3n: Tufted\" \/>\n<meta property=\"og:url\" content=\"https:\/\/eurostonepanama.com\/en\/producto\/alfombras-azul-flame-565\/\" \/>\n<meta property=\"og:site_name\" content=\"Eurostone\" \/>\n<meta property=\"article:modified_time\" content=\"2026-05-03T03:30:25+00:00\" \/>\n<meta property=\"og:image\" content=\"https:\/\/eurostonepanama.com\/wp-content\/uploads\/2024\/04\/FLAME-565-01.jpg\" \/>\n\t<meta property=\"og:image:width\" content=\"1000\" \/>\n\t<meta property=\"og:image:height\" content=\"1000\" \/>\n\t<meta property=\"og:image:type\" content=\"image\/jpeg\" \/>\n<meta name=\"twitter:card\" content=\"summary_large_image\" \/>\n<meta name=\"twitter:label1\" content=\"Est. reading time\" \/>\n\t<meta name=\"twitter:data1\" content=\"1 minute\" \/>\n<script type=\"application\/ld+json\" class=\"yoast-schema-graph\">{\"@context\":\"https:\/\/schema.org\",\"@graph\":[{\"@type\":\"WebPage\",\"@id\":\"https:\/\/eurostonepanama.com\/en\/producto\/alfombras-azul-flame-565\/\",\"url\":\"https:\/\/eurostonepanama.com\/en\/producto\/alfombras-azul-flame-565\/\",\"name\":\"Alfombras Azul Flame 565 - Eurostone\",\"isPartOf\":{\"@id\":\"https:\/\/eurostonepanama.com\/en\/#website\"},\"primaryImageOfPage\":{\"@id\":\"https:\/\/eurostonepanama.com\/en\/producto\/alfombras-azul-flame-565\/#primaryimage\"},\"image\":{\"@id\":\"https:\/\/eurostonepanama.com\/en\/producto\/alfombras-azul-flame-565\/#primaryimage\"},\"thumbnailUrl\":\"https:\/\/eurostonepanama.com\/wp-content\/uploads\/2024\/04\/FLAME-565-01.jpg\",\"datePublished\":\"2024-04-15T04:10:38+00:00\",\"dateModified\":\"2026-05-03T03:30:25+00:00\",\"breadcrumb\":{\"@id\":\"https:\/\/eurostonepanama.com\/en\/producto\/alfombras-azul-flame-565\/#breadcrumb\"},\"inLanguage\":\"en-US\",\"potentialAction\":[{\"@type\":\"ReadAction\",\"target\":[\"https:\/\/eurostonepanama.com\/en\/producto\/alfombras-azul-flame-565\/\"]}]},{\"@type\":\"ImageObject\",\"inLanguage\":\"en-US\",\"@id\":\"https:\/\/eurostonepanama.com\/en\/producto\/alfombras-azul-flame-565\/#primaryimage\",\"url\":\"https:\/\/eurostonepanama.com\/wp-content\/uploads\/2024\/04\/FLAME-565-01.jpg\",\"contentUrl\":\"https:\/\/eurostonepanama.com\/wp-content\/uploads\/2024\/04\/FLAME-565-01.jpg\",\"width\":1000,\"height\":1000},{\"@type\":\"BreadcrumbList\",\"@id\":\"https:\/\/eurostonepanama.com\/en\/producto\/alfombras-azul-flame-565\/#breadcrumb\",\"itemListElement\":[{\"@type\":\"ListItem\",\"position\":1,\"name\":\"Portada\",\"item\":\"https:\/\/eurostonepanama.com\/en\/\"},{\"@type\":\"ListItem\",\"position\":2,\"name\":\"Productos\",\"item\":\"https:\/\/eurostonepanama.com\/tienda\/\"},{\"@type\":\"ListItem\",\"position\":3,\"name\":\"Alfombras Azul Flame 565\"}]},{\"@type\":\"WebSite\",\"@id\":\"https:\/\/eurostonepanama.com\/en\/#website\",\"url\":\"https:\/\/eurostonepanama.com\/en\/\",\"name\":\"Eurostone\",\"description\":\"Expertos en pisos de M\u00e1rmol, porcelana, sobres y pisos\",\"potentialAction\":[{\"@type\":\"SearchAction\",\"target\":{\"@type\":\"EntryPoint\",\"urlTemplate\":\"https:\/\/eurostonepanama.com\/en\/?s={search_term_string}\"},\"query-input\":{\"@type\":\"PropertyValueSpecification\",\"valueRequired\":true,\"valueName\":\"search_term_string\"}}],\"inLanguage\":\"en-US\"}]}<\/script>\n<!-- \/ Yoast SEO plugin. -->","yoast_head_json":{"title":"Alfombras Azul Flame 565 - Eurostone","robots":{"index":"index","follow":"follow","max-snippet":"max-snippet:-1","max-image-preview":"max-image-preview:large","max-video-preview":"max-video-preview:-1"},"canonical":"https:\/\/eurostonepanama.com\/en\/producto\/alfombras-azul-flame-565\/","og_locale":"en_US","og_type":"article","og_title":"Alfombras Azul Flame 565 - Eurostone","og_description":"Emerging Directions es una colecci\u00f3n de moqueta en losetas modulares de 24\u201d x 24\u201d de dos estilos que tienen patrones de textura pronunciados, todos inspirados en el concepto sueco de Lagom. Este es un principio de estilo de vida que consiste en vivir una vida equilibrada y apreciar las cosas humildes que te rodean.  Estilo: Efecto lineal  Estilo: BT589  Color: Azul de Inky  Color: 565  Colecci\u00f3n: Direcciones emergentes  Tama\u00f1o: 24 en x 24 en  Tipo de construcci\u00f3n: Tufted","og_url":"https:\/\/eurostonepanama.com\/en\/producto\/alfombras-azul-flame-565\/","og_site_name":"Eurostone","article_modified_time":"2026-05-03T03:30:25+00:00","og_image":[{"width":1000,"height":1000,"url":"https:\/\/eurostonepanama.com\/wp-content\/uploads\/2024\/04\/FLAME-565-01.jpg","type":"image\/jpeg"}],"twitter_card":"summary_large_image","twitter_misc":{"Est. reading time":"1 minute"},"schema":{"@context":"https:\/\/schema.org","@graph":[{"@type":"WebPage","@id":"https:\/\/eurostonepanama.com\/en\/producto\/alfombras-azul-flame-565\/","url":"https:\/\/eurostonepanama.com\/en\/producto\/alfombras-azul-flame-565\/","name":"Alfombras Azul Flame 565 - Eurostone","isPartOf":{"@id":"https:\/\/eurostonepanama.com\/en\/#website"},"primaryImageOfPage":{"@id":"https:\/\/eurostonepanama.com\/en\/producto\/alfombras-azul-flame-565\/#primaryimage"},"image":{"@id":"https:\/\/eurostonepanama.com\/en\/producto\/alfombras-azul-flame-565\/#primaryimage"},"thumbnailUrl":"https:\/\/eurostonepanama.com\/wp-content\/uploads\/2024\/04\/FLAME-565-01.jpg","datePublished":"2024-04-15T04:10:38+00:00","dateModified":"2026-05-03T03:30:25+00:00","breadcrumb":{"@id":"https:\/\/eurostonepanama.com\/en\/producto\/alfombras-azul-flame-565\/#breadcrumb"},"inLanguage":"en-US","potentialAction":[{"@type":"ReadAction","target":["https:\/\/eurostonepanama.com\/en\/producto\/alfombras-azul-flame-565\/"]}]},{"@type":"ImageObject","inLanguage":"en-US","@id":"https:\/\/eurostonepanama.com\/en\/producto\/alfombras-azul-flame-565\/#primaryimage","url":"https:\/\/eurostonepanama.com\/wp-content\/uploads\/2024\/04\/FLAME-565-01.jpg","contentUrl":"https:\/\/eurostonepanama.com\/wp-content\/uploads\/2024\/04\/FLAME-565-01.jpg","width":1000,"height":1000},{"@type":"BreadcrumbList","@id":"https:\/\/eurostonepanama.com\/en\/producto\/alfombras-azul-flame-565\/#breadcrumb","itemListElement":[{"@type":"ListItem","position":1,"name":"Portada","item":"https:\/\/eurostonepanama.com\/en\/"},{"@type":"ListItem","position":2,"name":"Productos","item":"https:\/\/eurostonepanama.com\/tienda\/"},{"@type":"ListItem","position":3,"name":"Alfombras Azul Flame 565"}]},{"@type":"WebSite","@id":"https:\/\/eurostonepanama.com\/en\/#website","url":"https:\/\/eurostonepanama.com\/en\/","name":"Eurostone","description":"Expertos en pisos de M\u00e1rmol, porcelana, sobres y pisos","potentialAction":[{"@type":"SearchAction","target":{"@type":"EntryPoint","urlTemplate":"https:\/\/eurostonepanama.com\/en\/?s={search_term_string}"},"query-input":{"@type":"PropertyValueSpecification","valueRequired":true,"valueName":"search_term_string"}}],"inLanguage":"en-US"}]}},"_links":{"self":[{"href":"https:\/\/eurostonepanama.com\/en\/wp-json\/wp\/v2\/product\/2956","targetHints":{"allow":["GET"]}}],"collection":[{"href":"https:\/\/eurostonepanama.com\/en\/wp-json\/wp\/v2\/product"}],"about":[{"href":"https:\/\/eurostonepanama.com\/en\/wp-json\/wp\/v2\/types\/product"}],"replies":[{"embeddable":true,"href":"https:\/\/eurostonepanama.com\/en\/wp-json\/wp\/v2\/comments?post=2956"}],"version-history":[{"count":4,"href":"https:\/\/eurostonepanama.com\/en\/wp-json\/wp\/v2\/product\/2956\/revisions"}],"predecessor-version":[{"id":3012,"href":"https:\/\/eurostonepanama.com\/en\/wp-json\/wp\/v2\/product\/2956\/revisions\/3012"}],"wp:featuredmedia":[{"embeddable":true,"href":"https:\/\/eurostonepanama.com\/en\/wp-json\/wp\/v2\/media\/2957"}],"wp:attachment":[{"href":"https:\/\/eurostonepanama.com\/en\/wp-json\/wp\/v2\/media?parent=2956"}],"wp:term":[{"taxonomy":"product_brand","embeddable":true,"href":"https:\/\/eurostonepanama.com\/en\/wp-json\/wp\/v2\/product_brand?post=2956"},{"taxonomy":"product_cat","embeddable":true,"href":"https:\/\/eurostonepanama.com\/en\/wp-json\/wp\/v2\/product_cat?post=2956"},{"taxonomy":"product_tag","embeddable":true,"href":"https:\/\/eurostonepanama.com\/en\/wp-json\/wp\/v2\/product_tag?post=2956"}],"curies":[{"name":"wp","href":"https:\/\/api.w.org\/{rel}","templated":true}]}}