{"id":2944,"date":"2024-04-14T22:48:25","date_gmt":"2024-04-15T03:48:25","guid":{"rendered":"https:\/\/www.eurostone-atelier.com\/?post_type=product&#038;p=2944"},"modified":"2024-04-23T10:36:59","modified_gmt":"2024-04-23T15:36:59","slug":"fila-surface-care-solutions-limpiador-de-piedra-natural-stoneclean","status":"publish","type":"product","link":"https:\/\/eurostonepanama.com\/en\/producto\/fila-surface-care-solutions-limpiador-de-piedra-natural-stoneclean\/","title":{"rendered":"Limpiador de Piedra Natural Stoneclean"},"content":{"rendered":"<h4 class=\"label label--left-line label--padded label--bold uppercase\">C\u00f3mo usarlo<\/h4>\n<div class=\"text text--small\">\n<p><strong data-moz-translations-id=\"0\"><b data-moz-translations-id=\"1\">Para el mantenimiento diario:<\/b><\/strong> Diluir 1:200 (1 1\/2 cucharadas de <b data-moz-translations-id=\"2\">STONE<\/b> CLEAN por gal\u00f3n de agua) para una aplicaci\u00f3n de no enjuague.<\/p>\n<p><strong data-moz-translations-id=\"0\">Puede utilizarse directamente en el tanque de agua de una m\u00e1quina de limpieza del suelo cuando se diluye 1:200.<\/strong> <br data-moz-translations-id=\"1\" \/><b data-moz-translations-id=\"2\">Para la suciria obstinada:<\/b> Diluir 1:30 (1\/2 taza de <b data-moz-translations-id=\"3\">STONE<\/b> CLEAN por gal\u00f3n de agua), frote y enjuague.<b data-moz-translations-id=\"4\">Para la limpieza inicial de todas las superficies de piedra:<\/b> Diluir <b data-moz-translations-id=\"5\">STONE<\/b> CLEAN 1:30, aplicar en el suelo y fregar con un cepillo o depuradora de piso con una almohadilla blanca.Retirar residuos con una frega o ama y enjuague bien.<\/p>\n<div class=\"vmb-3\">\n<h4 class=\"label label--left-line label--padded label--bold uppercase\">Cobertura<\/h4>\n<div class=\"text text--small\">\n<p>(1 GAL &#8211; 3.78 L)<\/p>\n<ul class=\"tablelist\">\n<li><span class=\"\">Mantenimiento diario &#8211; Diluci\u00f3n 1:200<\/span><span class=\"\">61,115 pies cuadrados. 5.678 m2)<\/span><\/li>\n<li><span class=\"\">Limpieza post-instalaci\u00f3n de piedra &#8211; Diluci\u00f3n 1:30<\/span><span class=\"\">2.023 pies cuadrados. (188 m2)<\/span><\/li>\n<li><span class=\"\">Las tasas de cobertura son indicativas.<\/span><\/li>\n<\/ul>\n<\/div>\n<\/div>\n<\/div>\n","protected":false},"excerpt":{"rendered":"<h5>Para qu\u00e9 sirve<\/h5>\n<ul class=\"checklist\">\n<li>Limpia suavemente todos los revestimientos naturales de piedra y suelo.<\/li>\n<li>Seguro para superficies pretratradas y delicadas.<\/li>\n<li>Esencial en la limpieza post-instalaci\u00f3n de materiales sensibles a \u00e1cido como m\u00e1rmol, piedra caliza y travertino.<\/li>\n<\/ul>\n<div class=\"medium-7 column vmb-3\">\n<h5 class=\"label label--left-line label--padded label--bold uppercase checklist-table-header\">Ventajas<\/h5>\n<ul class=\"checklist-table\">\n<li>No da da\u00f1os superficies delicadas.<\/li>\n<li>Altamente concentrado se puede diluciar de acuerdo al uso.<\/li>\n<li>Cuando se dilue: 1:200, no deja un residuo, no requiere enjuague y se puede utilizar en m\u00e1quinas de limpieza de pisos.<\/li>\n<li>Agradablemente perfutado.<\/li>\n<li>Contiene ingredientes biodegradables.<\/li>\n<\/ul>\n<\/div>\n","protected":false},"featured_media":2945,"comment_status":"open","ping_status":"closed","template":"","meta":[],"product_brand":[],"product_cat":[124,123],"product_tag":[],"class_list":{"0":"post-2944","1":"product","2":"type-product","3":"status-publish","4":"has-post-thumbnail","6":"product_cat-limpieza","7":"product_cat-productos","9":"first","10":"instock","11":"shipping-taxable","12":"product-type-simple"},"yoast_head":"<!-- This site is optimized with the Yoast SEO plugin v26.1.1 - https:\/\/yoast.com\/wordpress\/plugins\/seo\/ -->\n<title>Limpiador de Piedra Natural Stoneclean - Eurostone<\/title>\n<meta name=\"robots\" content=\"index, follow, max-snippet:-1, max-image-preview:large, max-video-preview:-1\" \/>\n<link rel=\"canonical\" href=\"https:\/\/eurostonepanama.com\/en\/producto\/fila-surface-care-solutions-limpiador-de-piedra-natural-stoneclean\/\" \/>\n<meta property=\"og:locale\" content=\"en_US\" \/>\n<meta property=\"og:type\" content=\"article\" \/>\n<meta property=\"og:title\" content=\"Limpiador de Piedra Natural Stoneclean - Eurostone\" \/>\n<meta property=\"og:description\" content=\"Para qu\u00e9 sirve   Limpia suavemente todos los revestimientos naturales de piedra y suelo.  Seguro para superficies pretratradas y delicadas.  Esencial en la limpieza post-instalaci\u00f3n de materiales sensibles a \u00e1cido como m\u00e1rmol, piedra caliza y travertino.   Ventajas   No da da\u00f1os superficies delicadas.  Altamente concentrado se puede diluciar de acuerdo al uso.  Cuando se dilue: 1:200, no deja un residuo, no requiere enjuague y se puede utilizar en m\u00e1quinas de limpieza de pisos.  Agradablemente perfutado.  Contiene ingredientes biodegradables.\" \/>\n<meta property=\"og:url\" content=\"https:\/\/eurostonepanama.com\/en\/producto\/fila-surface-care-solutions-limpiador-de-piedra-natural-stoneclean\/\" \/>\n<meta property=\"og:site_name\" content=\"Eurostone\" \/>\n<meta property=\"article:modified_time\" content=\"2024-04-23T15:36:59+00:00\" \/>\n<meta property=\"og:image\" content=\"https:\/\/eurostonepanama.com\/wp-content\/uploads\/2024\/04\/stoneclean.jpg\" \/>\n\t<meta property=\"og:image:width\" content=\"1000\" \/>\n\t<meta property=\"og:image:height\" content=\"1000\" \/>\n\t<meta property=\"og:image:type\" content=\"image\/jpeg\" \/>\n<meta name=\"twitter:card\" content=\"summary_large_image\" \/>\n<meta name=\"twitter:label1\" content=\"Est. reading time\" \/>\n\t<meta name=\"twitter:data1\" content=\"1 minute\" \/>\n<script type=\"application\/ld+json\" class=\"yoast-schema-graph\">{\"@context\":\"https:\/\/schema.org\",\"@graph\":[{\"@type\":\"WebPage\",\"@id\":\"https:\/\/eurostonepanama.com\/en\/producto\/fila-surface-care-solutions-limpiador-de-piedra-natural-stoneclean\/\",\"url\":\"https:\/\/eurostonepanama.com\/en\/producto\/fila-surface-care-solutions-limpiador-de-piedra-natural-stoneclean\/\",\"name\":\"Limpiador de Piedra Natural Stoneclean - Eurostone\",\"isPartOf\":{\"@id\":\"https:\/\/eurostonepanama.com\/en\/#website\"},\"primaryImageOfPage\":{\"@id\":\"https:\/\/eurostonepanama.com\/en\/producto\/fila-surface-care-solutions-limpiador-de-piedra-natural-stoneclean\/#primaryimage\"},\"image\":{\"@id\":\"https:\/\/eurostonepanama.com\/en\/producto\/fila-surface-care-solutions-limpiador-de-piedra-natural-stoneclean\/#primaryimage\"},\"thumbnailUrl\":\"https:\/\/eurostonepanama.com\/wp-content\/uploads\/2024\/04\/stoneclean.jpg\",\"datePublished\":\"2024-04-15T03:48:25+00:00\",\"dateModified\":\"2024-04-23T15:36:59+00:00\",\"breadcrumb\":{\"@id\":\"https:\/\/eurostonepanama.com\/en\/producto\/fila-surface-care-solutions-limpiador-de-piedra-natural-stoneclean\/#breadcrumb\"},\"inLanguage\":\"en-US\",\"potentialAction\":[{\"@type\":\"ReadAction\",\"target\":[\"https:\/\/eurostonepanama.com\/en\/producto\/fila-surface-care-solutions-limpiador-de-piedra-natural-stoneclean\/\"]}]},{\"@type\":\"ImageObject\",\"inLanguage\":\"en-US\",\"@id\":\"https:\/\/eurostonepanama.com\/en\/producto\/fila-surface-care-solutions-limpiador-de-piedra-natural-stoneclean\/#primaryimage\",\"url\":\"https:\/\/eurostonepanama.com\/wp-content\/uploads\/2024\/04\/stoneclean.jpg\",\"contentUrl\":\"https:\/\/eurostonepanama.com\/wp-content\/uploads\/2024\/04\/stoneclean.jpg\",\"width\":1000,\"height\":1000},{\"@type\":\"BreadcrumbList\",\"@id\":\"https:\/\/eurostonepanama.com\/en\/producto\/fila-surface-care-solutions-limpiador-de-piedra-natural-stoneclean\/#breadcrumb\",\"itemListElement\":[{\"@type\":\"ListItem\",\"position\":1,\"name\":\"Portada\",\"item\":\"https:\/\/eurostonepanama.com\/en\/\"},{\"@type\":\"ListItem\",\"position\":2,\"name\":\"Productos\",\"item\":\"https:\/\/eurostonepanama.com\/tienda\/\"},{\"@type\":\"ListItem\",\"position\":3,\"name\":\"Limpiador de Piedra Natural Stoneclean\"}]},{\"@type\":\"WebSite\",\"@id\":\"https:\/\/eurostonepanama.com\/en\/#website\",\"url\":\"https:\/\/eurostonepanama.com\/en\/\",\"name\":\"Eurostone\",\"description\":\"Expertos en pisos de M\u00e1rmol, porcelana, sobres y pisos\",\"potentialAction\":[{\"@type\":\"SearchAction\",\"target\":{\"@type\":\"EntryPoint\",\"urlTemplate\":\"https:\/\/eurostonepanama.com\/en\/?s={search_term_string}\"},\"query-input\":{\"@type\":\"PropertyValueSpecification\",\"valueRequired\":true,\"valueName\":\"search_term_string\"}}],\"inLanguage\":\"en-US\"}]}<\/script>\n<!-- \/ Yoast SEO plugin. -->","yoast_head_json":{"title":"Limpiador de Piedra Natural Stoneclean - Eurostone","robots":{"index":"index","follow":"follow","max-snippet":"max-snippet:-1","max-image-preview":"max-image-preview:large","max-video-preview":"max-video-preview:-1"},"canonical":"https:\/\/eurostonepanama.com\/en\/producto\/fila-surface-care-solutions-limpiador-de-piedra-natural-stoneclean\/","og_locale":"en_US","og_type":"article","og_title":"Limpiador de Piedra Natural Stoneclean - Eurostone","og_description":"Para qu\u00e9 sirve   Limpia suavemente todos los revestimientos naturales de piedra y suelo.  Seguro para superficies pretratradas y delicadas.  Esencial en la limpieza post-instalaci\u00f3n de materiales sensibles a \u00e1cido como m\u00e1rmol, piedra caliza y travertino.   Ventajas   No da da\u00f1os superficies delicadas.  Altamente concentrado se puede diluciar de acuerdo al uso.  Cuando se dilue: 1:200, no deja un residuo, no requiere enjuague y se puede utilizar en m\u00e1quinas de limpieza de pisos.  Agradablemente perfutado.  Contiene ingredientes biodegradables.","og_url":"https:\/\/eurostonepanama.com\/en\/producto\/fila-surface-care-solutions-limpiador-de-piedra-natural-stoneclean\/","og_site_name":"Eurostone","article_modified_time":"2024-04-23T15:36:59+00:00","og_image":[{"width":1000,"height":1000,"url":"https:\/\/eurostonepanama.com\/wp-content\/uploads\/2024\/04\/stoneclean.jpg","type":"image\/jpeg"}],"twitter_card":"summary_large_image","twitter_misc":{"Est. reading time":"1 minute"},"schema":{"@context":"https:\/\/schema.org","@graph":[{"@type":"WebPage","@id":"https:\/\/eurostonepanama.com\/en\/producto\/fila-surface-care-solutions-limpiador-de-piedra-natural-stoneclean\/","url":"https:\/\/eurostonepanama.com\/en\/producto\/fila-surface-care-solutions-limpiador-de-piedra-natural-stoneclean\/","name":"Limpiador de Piedra Natural Stoneclean - Eurostone","isPartOf":{"@id":"https:\/\/eurostonepanama.com\/en\/#website"},"primaryImageOfPage":{"@id":"https:\/\/eurostonepanama.com\/en\/producto\/fila-surface-care-solutions-limpiador-de-piedra-natural-stoneclean\/#primaryimage"},"image":{"@id":"https:\/\/eurostonepanama.com\/en\/producto\/fila-surface-care-solutions-limpiador-de-piedra-natural-stoneclean\/#primaryimage"},"thumbnailUrl":"https:\/\/eurostonepanama.com\/wp-content\/uploads\/2024\/04\/stoneclean.jpg","datePublished":"2024-04-15T03:48:25+00:00","dateModified":"2024-04-23T15:36:59+00:00","breadcrumb":{"@id":"https:\/\/eurostonepanama.com\/en\/producto\/fila-surface-care-solutions-limpiador-de-piedra-natural-stoneclean\/#breadcrumb"},"inLanguage":"en-US","potentialAction":[{"@type":"ReadAction","target":["https:\/\/eurostonepanama.com\/en\/producto\/fila-surface-care-solutions-limpiador-de-piedra-natural-stoneclean\/"]}]},{"@type":"ImageObject","inLanguage":"en-US","@id":"https:\/\/eurostonepanama.com\/en\/producto\/fila-surface-care-solutions-limpiador-de-piedra-natural-stoneclean\/#primaryimage","url":"https:\/\/eurostonepanama.com\/wp-content\/uploads\/2024\/04\/stoneclean.jpg","contentUrl":"https:\/\/eurostonepanama.com\/wp-content\/uploads\/2024\/04\/stoneclean.jpg","width":1000,"height":1000},{"@type":"BreadcrumbList","@id":"https:\/\/eurostonepanama.com\/en\/producto\/fila-surface-care-solutions-limpiador-de-piedra-natural-stoneclean\/#breadcrumb","itemListElement":[{"@type":"ListItem","position":1,"name":"Portada","item":"https:\/\/eurostonepanama.com\/en\/"},{"@type":"ListItem","position":2,"name":"Productos","item":"https:\/\/eurostonepanama.com\/tienda\/"},{"@type":"ListItem","position":3,"name":"Limpiador de Piedra Natural Stoneclean"}]},{"@type":"WebSite","@id":"https:\/\/eurostonepanama.com\/en\/#website","url":"https:\/\/eurostonepanama.com\/en\/","name":"Eurostone","description":"Expertos en pisos de M\u00e1rmol, porcelana, sobres y pisos","potentialAction":[{"@type":"SearchAction","target":{"@type":"EntryPoint","urlTemplate":"https:\/\/eurostonepanama.com\/en\/?s={search_term_string}"},"query-input":{"@type":"PropertyValueSpecification","valueRequired":true,"valueName":"search_term_string"}}],"inLanguage":"en-US"}]}},"_links":{"self":[{"href":"https:\/\/eurostonepanama.com\/en\/wp-json\/wp\/v2\/product\/2944","targetHints":{"allow":["GET"]}}],"collection":[{"href":"https:\/\/eurostonepanama.com\/en\/wp-json\/wp\/v2\/product"}],"about":[{"href":"https:\/\/eurostonepanama.com\/en\/wp-json\/wp\/v2\/types\/product"}],"replies":[{"embeddable":true,"href":"https:\/\/eurostonepanama.com\/en\/wp-json\/wp\/v2\/comments?post=2944"}],"version-history":[{"count":6,"href":"https:\/\/eurostonepanama.com\/en\/wp-json\/wp\/v2\/product\/2944\/revisions"}],"predecessor-version":[{"id":3013,"href":"https:\/\/eurostonepanama.com\/en\/wp-json\/wp\/v2\/product\/2944\/revisions\/3013"}],"wp:featuredmedia":[{"embeddable":true,"href":"https:\/\/eurostonepanama.com\/en\/wp-json\/wp\/v2\/media\/2945"}],"wp:attachment":[{"href":"https:\/\/eurostonepanama.com\/en\/wp-json\/wp\/v2\/media?parent=2944"}],"wp:term":[{"taxonomy":"product_brand","embeddable":true,"href":"https:\/\/eurostonepanama.com\/en\/wp-json\/wp\/v2\/product_brand?post=2944"},{"taxonomy":"product_cat","embeddable":true,"href":"https:\/\/eurostonepanama.com\/en\/wp-json\/wp\/v2\/product_cat?post=2944"},{"taxonomy":"product_tag","embeddable":true,"href":"https:\/\/eurostonepanama.com\/en\/wp-json\/wp\/v2\/product_tag?post=2944"}],"curies":[{"name":"wp","href":"https:\/\/api.w.org\/{rel}","templated":true}]}}