{"id":2664,"date":"2024-04-12T12:32:22","date_gmt":"2024-04-12T17:32:22","guid":{"rendered":"https:\/\/www.eurostone-atelier.com\/?post_type=product&#038;p=2664"},"modified":"2024-04-12T12:35:08","modified_gmt":"2024-04-12T17:35:08","slug":"dekton-sirius","status":"publish","type":"product","link":"https:\/\/eurostonepanama.com\/en\/producto\/dekton-sirius\/","title":{"rendered":"Dekton Sirius"},"content":{"rendered":"\t\t<div data-elementor-type=\"product-post\" data-elementor-id=\"2664\" class=\"elementor elementor-2664\" data-elementor-post-type=\"product\">\n\t\t\t\t\t\t<section class=\"wd-negative-gap elementor-section elementor-top-section elementor-element elementor-element-7335d7e3 elementor-section-boxed elementor-section-height-default elementor-section-height-default\" data-id=\"7335d7e3\" data-element_type=\"section\" data-settings=\"{&quot;ekit_has_onepagescroll_dot&quot;:&quot;yes&quot;}\">\n\t\t\t\t\t\t<div class=\"elementor-container elementor-column-gap-default\">\n\t\t\t\t\t<div class=\"elementor-column elementor-col-33 elementor-top-column elementor-element elementor-element-fccde7c\" data-id=\"fccde7c\" data-element_type=\"column\">\n\t\t\t<div class=\"elementor-widget-wrap elementor-element-populated\">\n\t\t\t\t\t\t<div class=\"elementor-element elementor-element-583b4fd4 elementor-widget elementor-widget-wd_text_block\" data-id=\"583b4fd4\" data-element_type=\"widget\" data-settings=\"{&quot;ekit_we_effect_on&quot;:&quot;none&quot;}\" data-widget_type=\"wd_text_block.default\">\n\t\t\t\t<div class=\"elementor-widget-container\">\n\t\t\t\t\t\t\t<div class=\"wd-text-block reset-last-child text-left\">\n\t\t\t\n\t\t\t<h4>Acabados Disponibles<\/h4><p><strong>Mate<\/strong><br \/>Color s\u00f3lido y satinado <\/p>\n\t\t\t\t\t<\/div>\n\t\t\t\t\t\t<\/div>\n\t\t\t\t<\/div>\n\t\t\t\t\t<\/div>\n\t\t<\/div>\n\t\t\t\t<div class=\"elementor-column elementor-col-33 elementor-top-column elementor-element elementor-element-11164494\" data-id=\"11164494\" data-element_type=\"column\">\n\t\t\t<div class=\"elementor-widget-wrap elementor-element-populated\">\n\t\t\t\t\t\t<div class=\"elementor-element elementor-element-4ade198d elementor-widget elementor-widget-wd_text_block\" data-id=\"4ade198d\" data-element_type=\"widget\" data-settings=\"{&quot;ekit_we_effect_on&quot;:&quot;none&quot;}\" data-widget_type=\"wd_text_block.default\">\n\t\t\t\t<div class=\"elementor-widget-container\">\n\t\t\t\t\t\t\t<div class=\"wd-text-block reset-last-child text-left\">\n\t\t\t\n\t\t\t<h4>Espesores<\/h4><p>0,8 cm<br \/>1,2 cm<br \/>0,4 cm<br \/>2,0 cm<br \/>3,0 cm<\/p>\n\t\t\t\t\t<\/div>\n\t\t\t\t\t\t<\/div>\n\t\t\t\t<\/div>\n\t\t\t\t\t<\/div>\n\t\t<\/div>\n\t\t\t\t<div class=\"elementor-column elementor-col-33 elementor-top-column elementor-element elementor-element-73cfd2e1\" data-id=\"73cfd2e1\" data-element_type=\"column\">\n\t\t\t<div class=\"elementor-widget-wrap elementor-element-populated\">\n\t\t\t\t\t\t<div class=\"elementor-element elementor-element-67fdf4a9 elementor-widget elementor-widget-wd_text_block\" data-id=\"67fdf4a9\" data-element_type=\"widget\" data-settings=\"{&quot;ekit_we_effect_on&quot;:&quot;none&quot;}\" data-widget_type=\"wd_text_block.default\">\n\t\t\t\t<div class=\"elementor-widget-container\">\n\t\t\t\t\t\t\t<div class=\"wd-text-block reset-last-child text-left\">\n\t\t\t\n\t\t\t<h4>Formato<\/h4><p>321 x 144 cm<br \/>300 x 100 cm<br \/>322 x 145 cm<\/p>\n\t\t\t\t\t<\/div>\n\t\t\t\t\t\t<\/div>\n\t\t\t\t<\/div>\n\t\t\t\t\t<\/div>\n\t\t<\/div>\n\t\t\t\t\t<\/div>\n\t\t<\/section>\n\t\t\t\t<section class=\"wd-negative-gap elementor-section elementor-top-section elementor-element elementor-element-6d19dc39 elementor-section-boxed elementor-section-height-default elementor-section-height-default\" data-id=\"6d19dc39\" data-element_type=\"section\" data-settings=\"{&quot;ekit_has_onepagescroll_dot&quot;:&quot;yes&quot;}\">\n\t\t\t\t\t\t<div class=\"elementor-container elementor-column-gap-default\">\n\t\t\t\t\t<div class=\"elementor-column elementor-col-50 elementor-top-column elementor-element elementor-element-33467898\" data-id=\"33467898\" data-element_type=\"column\">\n\t\t\t<div class=\"elementor-widget-wrap elementor-element-populated\">\n\t\t\t\t\t\t<div class=\"elementor-element elementor-element-3e0a443d color-scheme-inherit text-left elementor-widget elementor-widget-text-editor\" data-id=\"3e0a443d\" data-element_type=\"widget\" data-settings=\"{&quot;ekit_we_effect_on&quot;:&quot;none&quot;}\" data-widget_type=\"text-editor.default\">\n\t\t\t\t<div class=\"elementor-widget-container\">\n\t\t\t\t\t\t\t\t\t<h2>\u00bfPor qu\u00e9 elegir Dekton Sirius?<\/h2><p>Dekton es la innovadora superficie ultracompacta de Cosentino, un material tecnol\u00f3gico compuesto por una sofisticada mezcla de minerales. Se beneficia de una alta resistencia y versatilidad, perfecto para usar tanto en aplicaciones dom\u00e9sticas como en proyectos m\u00e1s grandes.<\/p>\t\t\t\t\t\t\t\t<\/div>\n\t\t\t\t<\/div>\n\t\t\t\t\t<\/div>\n\t\t<\/div>\n\t\t\t\t<div class=\"elementor-column elementor-col-50 elementor-top-column elementor-element elementor-element-7ea7ea4c\" data-id=\"7ea7ea4c\" data-element_type=\"column\">\n\t\t\t<div class=\"elementor-widget-wrap elementor-element-populated\">\n\t\t\t\t\t\t<div class=\"elementor-element elementor-element-17d117d6 elementor-widget elementor-widget-spacer\" data-id=\"17d117d6\" data-element_type=\"widget\" data-settings=\"{&quot;ekit_we_effect_on&quot;:&quot;none&quot;}\" data-widget_type=\"spacer.default\">\n\t\t\t\t<div class=\"elementor-widget-container\">\n\t\t\t\t\t\t\t<div class=\"elementor-spacer\">\n\t\t\t<div class=\"elementor-spacer-inner\"><\/div>\n\t\t<\/div>\n\t\t\t\t\t\t<\/div>\n\t\t\t\t<\/div>\n\t\t\t\t<div class=\"elementor-element elementor-element-6a43c880 color-scheme-inherit text-left elementor-widget elementor-widget-text-editor\" data-id=\"6a43c880\" data-element_type=\"widget\" data-settings=\"{&quot;ekit_we_effect_on&quot;:&quot;none&quot;}\" data-widget_type=\"text-editor.default\">\n\t\t\t\t<div class=\"elementor-widget-container\">\n\t\t\t\t\t\t\t\t\t<p>Las superficies Dekton cuentan con propiedades t\u00e9cnicas, altas prestaciones y caracter\u00edsticos colores y texturas para proyectos de interior y exterior: encimeras de cocina, encimeras de ba\u00f1o, revestimientos de paredes, fachadas residenciales, suelos, mobiliario y platos de ducha. De esta manera, es posible crear espacios con diferentes aplicaciones a juego o combinadas entre s\u00ed.<\/p>\t\t\t\t\t\t\t\t<\/div>\n\t\t\t\t<\/div>\n\t\t\t\t\t<\/div>\n\t\t<\/div>\n\t\t\t\t\t<\/div>\n\t\t<\/section>\n\t\t\t\t<section class=\"wd-negative-gap elementor-section elementor-top-section elementor-element elementor-element-72bd0d43 elementor-section-boxed elementor-section-height-default elementor-section-height-default\" data-id=\"72bd0d43\" data-element_type=\"section\" data-settings=\"{&quot;ekit_has_onepagescroll_dot&quot;:&quot;yes&quot;}\">\n\t\t\t\t\t\t<div class=\"elementor-container elementor-column-gap-default\">\n\t\t\t\t\t<div class=\"elementor-column elementor-col-100 elementor-top-column elementor-element elementor-element-737c5d43\" data-id=\"737c5d43\" data-element_type=\"column\">\n\t\t\t<div class=\"elementor-widget-wrap elementor-element-populated\">\n\t\t\t\t\t\t<div class=\"elementor-element elementor-element-291c9195 color-scheme-inherit text-left elementor-widget elementor-widget-text-editor\" data-id=\"291c9195\" data-element_type=\"widget\" data-settings=\"{&quot;ekit_we_effect_on&quot;:&quot;none&quot;}\" data-widget_type=\"text-editor.default\">\n\t\t\t\t<div class=\"elementor-widget-container\">\n\t\t\t\t\t\t\t\t\t<h3>Ventajas de Dekton<\/h3>\t\t\t\t\t\t\t\t<\/div>\n\t\t\t\t<\/div>\n\t\t\t\t\t<\/div>\n\t\t<\/div>\n\t\t\t\t\t<\/div>\n\t\t<\/section>\n\t\t\t\t<section class=\"wd-negative-gap elementor-section elementor-top-section elementor-element elementor-element-3df9a8ea elementor-section-boxed elementor-section-height-default elementor-section-height-default\" data-id=\"3df9a8ea\" data-element_type=\"section\" data-settings=\"{&quot;ekit_has_onepagescroll_dot&quot;:&quot;yes&quot;}\">\n\t\t\t\t\t\t<div class=\"elementor-container elementor-column-gap-default\">\n\t\t\t\t\t<div class=\"elementor-column elementor-col-33 elementor-top-column elementor-element elementor-element-389b368a\" data-id=\"389b368a\" data-element_type=\"column\">\n\t\t\t<div class=\"elementor-widget-wrap elementor-element-populated\">\n\t\t\t\t\t\t<div class=\"elementor-element elementor-element-81fe2fb wd-width-100 elementor-widget elementor-widget-wd_video\" data-id=\"81fe2fb\" data-element_type=\"widget\" data-settings=\"{&quot;ekit_we_effect_on&quot;:&quot;none&quot;}\" data-widget_type=\"wd_video.default\">\n\t\t\t\t<div class=\"elementor-widget-container\">\n\t\t\t\t\t\n\t\t<div class=\"wd-el-video wd-action-without wd-video-hosted\">\n\t\t\t\t\t\t\t<video src=\"https:\/\/eurostonepanama.com\/\/wp-content\/uploads\/2023\/04\/Resistencia-al-rayado-Encimera-Cocina.mp4\" playsinline loop muted autoplay><\/video>\t\t\t\n\t\t\t\n\t\t\t\n\t\t\t\t\t<\/div>\n\t\t\t\t\t\t<\/div>\n\t\t\t\t<\/div>\n\t\t\t\t<div class=\"elementor-element elementor-element-299ead9e color-scheme-inherit text-left elementor-widget elementor-widget-text-editor\" data-id=\"299ead9e\" data-element_type=\"widget\" data-settings=\"{&quot;ekit_we_effect_on&quot;:&quot;none&quot;}\" data-widget_type=\"text-editor.default\">\n\t\t\t\t<div class=\"elementor-widget-container\">\n\t\t\t\t\t\t\t\t\t<h4>Altamente resistente al rayado<\/h4><p>Los utensilios de cocina no rayan a dekton<\/p>\t\t\t\t\t\t\t\t<\/div>\n\t\t\t\t<\/div>\n\t\t\t\t\t<\/div>\n\t\t<\/div>\n\t\t\t\t<div class=\"elementor-column elementor-col-33 elementor-top-column elementor-element elementor-element-7e0c5645\" data-id=\"7e0c5645\" data-element_type=\"column\">\n\t\t\t<div class=\"elementor-widget-wrap elementor-element-populated\">\n\t\t\t\t\t\t<div class=\"elementor-element elementor-element-9308081 wd-width-100 elementor-widget elementor-widget-wd_video\" data-id=\"9308081\" data-element_type=\"widget\" data-settings=\"{&quot;ekit_we_effect_on&quot;:&quot;none&quot;}\" data-widget_type=\"wd_video.default\">\n\t\t\t\t<div class=\"elementor-widget-container\">\n\t\t\t\t\t\n\t\t<div class=\"wd-el-video wd-action-without wd-video-hosted\">\n\t\t\t\t\t\t\t<video src=\"https:\/\/eurostonepanama.com\/\/wp-content\/uploads\/2023\/04\/Resistencia-a-las-manchas-Encimera-Cocina.mp4\" playsinline loop muted autoplay><\/video>\t\t\t\n\t\t\t\n\t\t\t\n\t\t\t\t\t<\/div>\n\t\t\t\t\t\t<\/div>\n\t\t\t\t<\/div>\n\t\t\t\t<div class=\"elementor-element elementor-element-41df1ce color-scheme-inherit text-left elementor-widget elementor-widget-text-editor\" data-id=\"41df1ce\" data-element_type=\"widget\" data-settings=\"{&quot;ekit_we_effect_on&quot;:&quot;none&quot;}\" data-widget_type=\"text-editor.default\">\n\t\t\t\t<div class=\"elementor-widget-container\">\n\t\t\t\t\t\t\t\t\t<h4>Resistencia a las manchas<\/h4><p>Las encimeras de Dekton resisten las manchas m\u00e1s dif\u00edciles, permitiendo su f\u00e1cil limpieza y mantenimiento.<\/p>\t\t\t\t\t\t\t\t<\/div>\n\t\t\t\t<\/div>\n\t\t\t\t\t<\/div>\n\t\t<\/div>\n\t\t\t\t<div class=\"elementor-column elementor-col-33 elementor-top-column elementor-element elementor-element-392174c1\" data-id=\"392174c1\" data-element_type=\"column\">\n\t\t\t<div class=\"elementor-widget-wrap elementor-element-populated\">\n\t\t\t\t\t\t<div class=\"elementor-element elementor-element-5754f987 wd-width-100 elementor-widget elementor-widget-wd_video\" data-id=\"5754f987\" data-element_type=\"widget\" data-settings=\"{&quot;ekit_we_effect_on&quot;:&quot;none&quot;}\" data-widget_type=\"wd_video.default\">\n\t\t\t\t<div class=\"elementor-widget-container\">\n\t\t\t\t\t\n\t\t<div class=\"wd-el-video wd-action-without wd-video-hosted\">\n\t\t\t\t\t\t\t<video src=\"https:\/\/eurostonepanama.com\/\/wp-content\/uploads\/2023\/04\/Resistencia-al-calor-Encimera-Exterior-1.mp4\" playsinline loop muted autoplay><\/video>\t\t\t\n\t\t\t\n\t\t\t\n\t\t\t\t\t<\/div>\n\t\t\t\t\t\t<\/div>\n\t\t\t\t<\/div>\n\t\t\t\t<div class=\"elementor-element elementor-element-1f1268cf color-scheme-inherit text-left elementor-widget elementor-widget-text-editor\" data-id=\"1f1268cf\" data-element_type=\"widget\" data-settings=\"{&quot;ekit_we_effect_on&quot;:&quot;none&quot;}\" data-widget_type=\"text-editor.default\">\n\t\t\t\t<div class=\"elementor-widget-container\">\n\t\t\t\t\t\t\t\t\t<h4>Resistencia al fuego y calor<\/h4><p>Dekton resiste altas temperaturas evitando da\u00f1os en su superficie.<\/p>\t\t\t\t\t\t\t\t<\/div>\n\t\t\t\t<\/div>\n\t\t\t\t\t<\/div>\n\t\t<\/div>\n\t\t\t\t\t<\/div>\n\t\t<\/section>\n\t\t\t\t<section class=\"wd-negative-gap elementor-section elementor-top-section elementor-element elementor-element-b452f85 elementor-section-boxed elementor-section-height-default elementor-section-height-default\" data-id=\"b452f85\" data-element_type=\"section\" data-settings=\"{&quot;ekit_has_onepagescroll_dot&quot;:&quot;yes&quot;}\">\n\t\t\t\t\t\t<div class=\"elementor-container elementor-column-gap-default\">\n\t\t\t\t\t<div class=\"elementor-column elementor-col-33 elementor-top-column elementor-element elementor-element-4e688d90\" data-id=\"4e688d90\" data-element_type=\"column\">\n\t\t\t<div class=\"elementor-widget-wrap elementor-element-populated\">\n\t\t\t\t\t\t<div class=\"elementor-element elementor-element-ad1595d wd-width-100 elementor-widget elementor-widget-wd_video\" data-id=\"ad1595d\" data-element_type=\"widget\" data-settings=\"{&quot;ekit_we_effect_on&quot;:&quot;none&quot;}\" data-widget_type=\"wd_video.default\">\n\t\t\t\t<div class=\"elementor-widget-container\">\n\t\t\t\t\t\n\t\t<div class=\"wd-el-video wd-action-without wd-video-hosted\">\n\t\t\t\t\t\t\t<video src=\"https:\/\/eurostonepanama.com\/\/wp-content\/uploads\/2023\/04\/Resistencia-al-impactos-Encimera-Exterior.mp4\" playsinline loop muted autoplay><\/video>\t\t\t\n\t\t\t\n\t\t\t\n\t\t\t\t\t<\/div>\n\t\t\t\t\t\t<\/div>\n\t\t\t\t<\/div>\n\t\t\t\t<div class=\"elementor-element elementor-element-35a2d540 color-scheme-inherit text-left elementor-widget elementor-widget-text-editor\" data-id=\"35a2d540\" data-element_type=\"widget\" data-settings=\"{&quot;ekit_we_effect_on&quot;:&quot;none&quot;}\" data-widget_type=\"text-editor.default\">\n\t\t\t\t<div class=\"elementor-widget-container\">\n\t\t\t\t\t\t\t\t\t<h4>Gran resistencia a impactos<\/h4><p>Alta resistencia a los impactos y golpes diarios<\/p>\t\t\t\t\t\t\t\t<\/div>\n\t\t\t\t<\/div>\n\t\t\t\t\t<\/div>\n\t\t<\/div>\n\t\t\t\t<div class=\"elementor-column elementor-col-33 elementor-top-column elementor-element elementor-element-67f0399b\" data-id=\"67f0399b\" data-element_type=\"column\">\n\t\t\t<div class=\"elementor-widget-wrap elementor-element-populated\">\n\t\t\t\t\t\t<div class=\"elementor-element elementor-element-408130bf wd-width-100 elementor-widget elementor-widget-wd_video\" data-id=\"408130bf\" data-element_type=\"widget\" data-settings=\"{&quot;ekit_we_effect_on&quot;:&quot;none&quot;}\" data-widget_type=\"wd_video.default\">\n\t\t\t\t<div class=\"elementor-widget-container\">\n\t\t\t\t\t\n\t\t<div class=\"wd-el-video wd-action-without wd-video-hosted\">\n\t\t\t\t\t\t\t<video src=\"https:\/\/eurostonepanama.com\/\/wp-content\/uploads\/2023\/04\/Resistencia-a-la-abrasion-Encimera-Cocina.mp4\" playsinline loop muted autoplay><\/video>\t\t\t\n\t\t\t\n\t\t\t\n\t\t\t\t\t<\/div>\n\t\t\t\t\t\t<\/div>\n\t\t\t\t<\/div>\n\t\t\t\t<div class=\"elementor-element elementor-element-56a138ee color-scheme-inherit text-left elementor-widget elementor-widget-text-editor\" data-id=\"56a138ee\" data-element_type=\"widget\" data-settings=\"{&quot;ekit_we_effect_on&quot;:&quot;none&quot;}\" data-widget_type=\"text-editor.default\">\n\t\t\t\t<div class=\"elementor-widget-container\">\n\t\t\t\t\t\t\t\t\t<h4>Resistente a la abrasi\u00f3n<\/h4><p>Dekton tiene una enorme resistencia a la abrasi\u00f3n, ideal para superficies de trabajo de uso intenso.<\/p>\t\t\t\t\t\t\t\t<\/div>\n\t\t\t\t<\/div>\n\t\t\t\t\t<\/div>\n\t\t<\/div>\n\t\t\t\t<div class=\"elementor-column elementor-col-33 elementor-top-column elementor-element elementor-element-7c77c5c\" data-id=\"7c77c5c\" data-element_type=\"column\">\n\t\t\t<div class=\"elementor-widget-wrap elementor-element-populated\">\n\t\t\t\t\t\t<div class=\"elementor-element elementor-element-1c3820c2 wd-width-100 elementor-widget elementor-widget-wd_video\" data-id=\"1c3820c2\" data-element_type=\"widget\" data-settings=\"{&quot;ekit_we_effect_on&quot;:&quot;none&quot;}\" data-widget_type=\"wd_video.default\">\n\t\t\t\t<div class=\"elementor-widget-container\">\n\t\t\t\t\t\n\t\t<div class=\"wd-el-video wd-action-without wd-video-hosted\">\n\t\t\t\t\t\t\t<video src=\"https:\/\/eurostonepanama.com\/\/wp-content\/uploads\/2023\/04\/Reducida-Absorcion-de-agua-Encimeras-Cocina.mp4\" playsinline loop muted autoplay><\/video>\t\t\t\n\t\t\t\n\t\t\t\n\t\t\t\t\t<\/div>\n\t\t\t\t\t\t<\/div>\n\t\t\t\t<\/div>\n\t\t\t\t<div class=\"elementor-element elementor-element-4463526b color-scheme-inherit text-left elementor-widget elementor-widget-text-editor\" data-id=\"4463526b\" data-element_type=\"widget\" data-settings=\"{&quot;ekit_we_effect_on&quot;:&quot;none&quot;}\" data-widget_type=\"text-editor.default\">\n\t\t\t\t<div class=\"elementor-widget-container\">\n\t\t\t\t\t\t\t\t\t<h4>Reducida absorci\u00f3n de agua<\/h4><p>La casi nula porosidad de Dekton evita la absorci\u00f3n de agua y otros l\u00edquidos, facilitando as\u00ed su limpieza.<\/p>\t\t\t\t\t\t\t\t<\/div>\n\t\t\t\t<\/div>\n\t\t\t\t\t<\/div>\n\t\t<\/div>\n\t\t\t\t\t<\/div>\n\t\t<\/section>\n\t\t\t\t<\/div>\n\t\t","protected":false},"excerpt":{"rendered":"<p>Este negro con sensaci\u00f3n visual texturizada y toques verdosos aportar\u00e1 realismo y fuerza a los ambientes.<\/p>\n<h5 class=\"h4 mb-xs\">Certificados<\/h5>\n<div class=\"certificates\"><img decoding=\"async\" class=\"logo-epd mr-xs entered lazyloaded\" src=\"https:\/\/www.cosentino.com\/es\/wp-content\/plugins\/CosentinoShowcase\/assets\/img\/logo-epd.jpg\" alt=\"Environmental Product Declarations\" width=\"124\" height=\"31\" data-lazy-src=\"https:\/\/www.cosentino.com\/es\/wp-content\/plugins\/CosentinoShowcase\/views\/partials\/ficha-color\/..\/..\/..\/assets\/img\/logo-epd.jpg\" data-ll-status=\"loaded\" \/> <img decoding=\"async\" class=\"logo-co2 entered lazyloaded\" title=\"Cosentino CO2 Neutral\" src=\"https:\/\/www.cosentino.com\/es\/wp-content\/plugins\/CosentinoShowcase\/assets\/img\/co2-neutral.svg\" alt=\"Cosentino CO2 Neutral\" width=\"36\" height=\"36\" data-lazy-src=\"https:\/\/www.cosentino.com\/es\/wp-content\/plugins\/CosentinoShowcase\/views\/partials\/ficha-color\/..\/..\/..\/assets\/img\/co2-neutral.svg\" data-ll-status=\"loaded\" \/><\/div>\n","protected":false},"featured_media":2665,"comment_status":"open","ping_status":"closed","template":"","meta":[],"product_brand":[],"product_cat":[83],"product_tag":[],"class_list":{"0":"post-2664","1":"product","2":"type-product","3":"status-publish","4":"has-post-thumbnail","6":"product_cat-dekton","8":"first","9":"instock","10":"shipping-taxable","11":"product-type-simple"},"yoast_head":"<!-- This site is optimized with the Yoast SEO plugin v26.1.1 - https:\/\/yoast.com\/wordpress\/plugins\/seo\/ -->\n<title>Dekton Sirius - Eurostone<\/title>\n<meta name=\"robots\" content=\"index, follow, max-snippet:-1, max-image-preview:large, max-video-preview:-1\" \/>\n<link rel=\"canonical\" href=\"https:\/\/eurostonepanama.com\/en\/producto\/dekton-sirius\/\" \/>\n<meta property=\"og:locale\" content=\"en_US\" \/>\n<meta property=\"og:type\" content=\"article\" \/>\n<meta property=\"og:title\" content=\"Dekton Sirius - Eurostone\" \/>\n<meta property=\"og:description\" content=\"Este negro con sensaci\u00f3n visual texturizada y toques verdosos aportar\u00e1 realismo y fuerza a los ambientes. Certificados\" \/>\n<meta property=\"og:url\" content=\"https:\/\/eurostonepanama.com\/en\/producto\/dekton-sirius\/\" \/>\n<meta property=\"og:site_name\" content=\"Eurostone\" \/>\n<meta property=\"article:modified_time\" content=\"2024-04-12T17:35:08+00:00\" \/>\n<meta property=\"og:image\" content=\"https:\/\/eurostonepanama.com\/wp-content\/uploads\/2024\/04\/sirius01.jpg\" \/>\n\t<meta property=\"og:image:width\" content=\"1000\" \/>\n\t<meta property=\"og:image:height\" content=\"1000\" \/>\n\t<meta property=\"og:image:type\" content=\"image\/jpeg\" \/>\n<meta name=\"twitter:card\" content=\"summary_large_image\" \/>\n<meta name=\"twitter:label1\" content=\"Est. reading time\" \/>\n\t<meta name=\"twitter:data1\" content=\"1 minute\" \/>\n<script type=\"application\/ld+json\" class=\"yoast-schema-graph\">{\"@context\":\"https:\/\/schema.org\",\"@graph\":[{\"@type\":\"WebPage\",\"@id\":\"https:\/\/eurostonepanama.com\/en\/producto\/dekton-sirius\/\",\"url\":\"https:\/\/eurostonepanama.com\/en\/producto\/dekton-sirius\/\",\"name\":\"Dekton Sirius - Eurostone\",\"isPartOf\":{\"@id\":\"https:\/\/eurostonepanama.com\/en\/#website\"},\"primaryImageOfPage\":{\"@id\":\"https:\/\/eurostonepanama.com\/en\/producto\/dekton-sirius\/#primaryimage\"},\"image\":{\"@id\":\"https:\/\/eurostonepanama.com\/en\/producto\/dekton-sirius\/#primaryimage\"},\"thumbnailUrl\":\"https:\/\/eurostonepanama.com\/wp-content\/uploads\/2024\/04\/sirius01.jpg\",\"datePublished\":\"2024-04-12T17:32:22+00:00\",\"dateModified\":\"2024-04-12T17:35:08+00:00\",\"breadcrumb\":{\"@id\":\"https:\/\/eurostonepanama.com\/en\/producto\/dekton-sirius\/#breadcrumb\"},\"inLanguage\":\"en-US\",\"potentialAction\":[{\"@type\":\"ReadAction\",\"target\":[\"https:\/\/eurostonepanama.com\/en\/producto\/dekton-sirius\/\"]}]},{\"@type\":\"ImageObject\",\"inLanguage\":\"en-US\",\"@id\":\"https:\/\/eurostonepanama.com\/en\/producto\/dekton-sirius\/#primaryimage\",\"url\":\"https:\/\/eurostonepanama.com\/wp-content\/uploads\/2024\/04\/sirius01.jpg\",\"contentUrl\":\"https:\/\/eurostonepanama.com\/wp-content\/uploads\/2024\/04\/sirius01.jpg\",\"width\":1000,\"height\":1000},{\"@type\":\"BreadcrumbList\",\"@id\":\"https:\/\/eurostonepanama.com\/en\/producto\/dekton-sirius\/#breadcrumb\",\"itemListElement\":[{\"@type\":\"ListItem\",\"position\":1,\"name\":\"Portada\",\"item\":\"https:\/\/eurostonepanama.com\/en\/\"},{\"@type\":\"ListItem\",\"position\":2,\"name\":\"Productos\",\"item\":\"https:\/\/eurostonepanama.com\/tienda\/\"},{\"@type\":\"ListItem\",\"position\":3,\"name\":\"Dekton Sirius\"}]},{\"@type\":\"WebSite\",\"@id\":\"https:\/\/eurostonepanama.com\/en\/#website\",\"url\":\"https:\/\/eurostonepanama.com\/en\/\",\"name\":\"Eurostone\",\"description\":\"Expertos en pisos de M\u00e1rmol, porcelana, sobres y pisos\",\"potentialAction\":[{\"@type\":\"SearchAction\",\"target\":{\"@type\":\"EntryPoint\",\"urlTemplate\":\"https:\/\/eurostonepanama.com\/en\/?s={search_term_string}\"},\"query-input\":{\"@type\":\"PropertyValueSpecification\",\"valueRequired\":true,\"valueName\":\"search_term_string\"}}],\"inLanguage\":\"en-US\"}]}<\/script>\n<!-- \/ Yoast SEO plugin. -->","yoast_head_json":{"title":"Dekton Sirius - Eurostone","robots":{"index":"index","follow":"follow","max-snippet":"max-snippet:-1","max-image-preview":"max-image-preview:large","max-video-preview":"max-video-preview:-1"},"canonical":"https:\/\/eurostonepanama.com\/en\/producto\/dekton-sirius\/","og_locale":"en_US","og_type":"article","og_title":"Dekton Sirius - Eurostone","og_description":"Este negro con sensaci\u00f3n visual texturizada y toques verdosos aportar\u00e1 realismo y fuerza a los ambientes. Certificados","og_url":"https:\/\/eurostonepanama.com\/en\/producto\/dekton-sirius\/","og_site_name":"Eurostone","article_modified_time":"2024-04-12T17:35:08+00:00","og_image":[{"width":1000,"height":1000,"url":"https:\/\/eurostonepanama.com\/wp-content\/uploads\/2024\/04\/sirius01.jpg","type":"image\/jpeg"}],"twitter_card":"summary_large_image","twitter_misc":{"Est. reading time":"1 minute"},"schema":{"@context":"https:\/\/schema.org","@graph":[{"@type":"WebPage","@id":"https:\/\/eurostonepanama.com\/en\/producto\/dekton-sirius\/","url":"https:\/\/eurostonepanama.com\/en\/producto\/dekton-sirius\/","name":"Dekton Sirius - Eurostone","isPartOf":{"@id":"https:\/\/eurostonepanama.com\/en\/#website"},"primaryImageOfPage":{"@id":"https:\/\/eurostonepanama.com\/en\/producto\/dekton-sirius\/#primaryimage"},"image":{"@id":"https:\/\/eurostonepanama.com\/en\/producto\/dekton-sirius\/#primaryimage"},"thumbnailUrl":"https:\/\/eurostonepanama.com\/wp-content\/uploads\/2024\/04\/sirius01.jpg","datePublished":"2024-04-12T17:32:22+00:00","dateModified":"2024-04-12T17:35:08+00:00","breadcrumb":{"@id":"https:\/\/eurostonepanama.com\/en\/producto\/dekton-sirius\/#breadcrumb"},"inLanguage":"en-US","potentialAction":[{"@type":"ReadAction","target":["https:\/\/eurostonepanama.com\/en\/producto\/dekton-sirius\/"]}]},{"@type":"ImageObject","inLanguage":"en-US","@id":"https:\/\/eurostonepanama.com\/en\/producto\/dekton-sirius\/#primaryimage","url":"https:\/\/eurostonepanama.com\/wp-content\/uploads\/2024\/04\/sirius01.jpg","contentUrl":"https:\/\/eurostonepanama.com\/wp-content\/uploads\/2024\/04\/sirius01.jpg","width":1000,"height":1000},{"@type":"BreadcrumbList","@id":"https:\/\/eurostonepanama.com\/en\/producto\/dekton-sirius\/#breadcrumb","itemListElement":[{"@type":"ListItem","position":1,"name":"Portada","item":"https:\/\/eurostonepanama.com\/en\/"},{"@type":"ListItem","position":2,"name":"Productos","item":"https:\/\/eurostonepanama.com\/tienda\/"},{"@type":"ListItem","position":3,"name":"Dekton Sirius"}]},{"@type":"WebSite","@id":"https:\/\/eurostonepanama.com\/en\/#website","url":"https:\/\/eurostonepanama.com\/en\/","name":"Eurostone","description":"Expertos en pisos de M\u00e1rmol, porcelana, sobres y pisos","potentialAction":[{"@type":"SearchAction","target":{"@type":"EntryPoint","urlTemplate":"https:\/\/eurostonepanama.com\/en\/?s={search_term_string}"},"query-input":{"@type":"PropertyValueSpecification","valueRequired":true,"valueName":"search_term_string"}}],"inLanguage":"en-US"}]}},"_links":{"self":[{"href":"https:\/\/eurostonepanama.com\/en\/wp-json\/wp\/v2\/product\/2664","targetHints":{"allow":["GET"]}}],"collection":[{"href":"https:\/\/eurostonepanama.com\/en\/wp-json\/wp\/v2\/product"}],"about":[{"href":"https:\/\/eurostonepanama.com\/en\/wp-json\/wp\/v2\/types\/product"}],"replies":[{"embeddable":true,"href":"https:\/\/eurostonepanama.com\/en\/wp-json\/wp\/v2\/comments?post=2664"}],"version-history":[{"count":4,"href":"https:\/\/eurostonepanama.com\/en\/wp-json\/wp\/v2\/product\/2664\/revisions"}],"predecessor-version":[{"id":2677,"href":"https:\/\/eurostonepanama.com\/en\/wp-json\/wp\/v2\/product\/2664\/revisions\/2677"}],"wp:featuredmedia":[{"embeddable":true,"href":"https:\/\/eurostonepanama.com\/en\/wp-json\/wp\/v2\/media\/2665"}],"wp:attachment":[{"href":"https:\/\/eurostonepanama.com\/en\/wp-json\/wp\/v2\/media?parent=2664"}],"wp:term":[{"taxonomy":"product_brand","embeddable":true,"href":"https:\/\/eurostonepanama.com\/en\/wp-json\/wp\/v2\/product_brand?post=2664"},{"taxonomy":"product_cat","embeddable":true,"href":"https:\/\/eurostonepanama.com\/en\/wp-json\/wp\/v2\/product_cat?post=2664"},{"taxonomy":"product_tag","embeddable":true,"href":"https:\/\/eurostonepanama.com\/en\/wp-json\/wp\/v2\/product_tag?post=2664"}],"curies":[{"name":"wp","href":"https:\/\/api.w.org\/{rel}","templated":true}]}}