{"id":2559,"date":"2024-03-26T09:53:40","date_gmt":"2024-03-26T14:53:40","guid":{"rendered":"https:\/\/www.eurostone-atelier.com\/?post_type=product&#038;p=2559"},"modified":"2024-03-26T10:56:03","modified_gmt":"2024-03-26T15:56:03","slug":"silestone-cemento-spa","status":"publish","type":"product","link":"https:\/\/eurostonepanama.com\/en\/producto\/silestone-cemento-spa\/","title":{"rendered":"Silestone Cemento Spa"},"content":{"rendered":"\t\t<div data-elementor-type=\"product-post\" data-elementor-id=\"2559\" class=\"elementor elementor-2559\" data-elementor-post-type=\"product\">\n\t\t\t\t\t\t<section class=\"wd-negative-gap elementor-section elementor-top-section elementor-element elementor-element-5706b1af elementor-section-boxed elementor-section-height-default elementor-section-height-default\" data-id=\"5706b1af\" data-element_type=\"section\" data-settings=\"{&quot;ekit_has_onepagescroll_dot&quot;:&quot;yes&quot;}\">\n\t\t\t\t\t\t<div class=\"elementor-container elementor-column-gap-default\">\n\t\t\t\t\t<div class=\"elementor-column elementor-col-50 elementor-top-column elementor-element elementor-element-b43afcb\" data-id=\"b43afcb\" data-element_type=\"column\">\n\t\t\t<div class=\"elementor-widget-wrap elementor-element-populated\">\n\t\t\t\t\t\t<div class=\"elementor-element elementor-element-7d5e1d0b elementor-widget elementor-widget-wd_text_block\" data-id=\"7d5e1d0b\" data-element_type=\"widget\" data-settings=\"{&quot;ekit_we_effect_on&quot;:&quot;none&quot;}\" data-widget_type=\"wd_text_block.default\">\n\t\t\t\t<div class=\"elementor-widget-container\">\n\t\t\t\t\t\t\t<div class=\"wd-text-block reset-last-child text-left\">\n\t\t\t\n\t\t\t<h4>Acabados Disponibles<\/h4><div id=\"collapse-acabados\" class=\"propiedades a_acabados dont-collapse-sm collapse show\" aria-labelledby=\"titulo-acabados\" data-parent=\"#columnas-propiedades\"><div class=\"acabados_content\"><div class=\"acabados_content_title title\">Pulido<\/div><div class=\"acabados_content_text text\">M\u00e1s viveza e intensidad de color y reflejo<\/div><\/div><div class=\"acabados_content\"><div class=\"acabados_content_title title\">Suede<\/div><div class=\"acabados_content_text text\">Tacto suave y agradable con una consistencia total de color<\/div><\/div><div class=\"acabados_content\"><div class=\"acabados_content_title title\">Volcano<\/div><div class=\"acabados_content_text text\">Textura r\u00fastica ideal para los amantes de los materiales rugosos<\/div><\/div><\/div><p>\u00a0<\/p>\n\t\t\t\t\t<\/div>\n\t\t\t\t\t\t<\/div>\n\t\t\t\t<\/div>\n\t\t\t\t\t<\/div>\n\t\t<\/div>\n\t\t\t\t<div class=\"elementor-column elementor-col-50 elementor-top-column elementor-element elementor-element-4b30fefc\" data-id=\"4b30fefc\" data-element_type=\"column\">\n\t\t\t<div class=\"elementor-widget-wrap elementor-element-populated\">\n\t\t\t\t\t\t<div class=\"elementor-element elementor-element-39c8394e elementor-widget elementor-widget-wd_text_block\" data-id=\"39c8394e\" data-element_type=\"widget\" data-settings=\"{&quot;ekit_we_effect_on&quot;:&quot;none&quot;}\" data-widget_type=\"wd_text_block.default\">\n\t\t\t\t<div class=\"elementor-widget-container\">\n\t\t\t\t\t\t\t<div class=\"wd-text-block reset-last-child text-left\">\n\t\t\t\n\t\t\t<h4>Espesores<\/h4><div id=\"collapse-espesores\" class=\"espesores-content muestrario-content-block dont-collapse-sm collapse\" aria-labelledby=\"titulo-espesores\" data-parent=\"#columnas-propiedades\"><div class=\"espesor_block d-flex\"><div class=\"container-line d-flex\"><div class=\"grosor grosor-1\">\u00a0<\/div><\/div><span class=\"span-espesor\"> 1,2 cm <\/span><\/div><div class=\"espesor_block d-flex\"><div class=\"container-line d-flex\"><div class=\"grosor grosor-2\">\u00a0<\/div><\/div><span class=\"span-espesor\"> 2,0 cm <\/span><\/div><div class=\"espesor_block d-flex\"><div class=\"container-line d-flex\"><div class=\"grosor grosor-3\">\u00a0<\/div><\/div><span class=\"span-espesor\"> 3,0 cm <\/span><\/div><\/div>\n\t\t\t\t\t<\/div>\n\t\t\t\t\t\t<\/div>\n\t\t\t\t<\/div>\n\t\t\t\t\t<\/div>\n\t\t<\/div>\n\t\t\t\t\t<\/div>\n\t\t<\/section>\n\t\t\t\t<section class=\"wd-negative-gap elementor-section elementor-top-section elementor-element elementor-element-4e7b90a3 elementor-section-boxed elementor-section-height-default elementor-section-height-default\" data-id=\"4e7b90a3\" data-element_type=\"section\" data-settings=\"{&quot;ekit_has_onepagescroll_dot&quot;:&quot;yes&quot;}\">\n\t\t\t\t\t\t<div class=\"elementor-container elementor-column-gap-default\">\n\t\t\t\t\t<div class=\"elementor-column elementor-col-50 elementor-top-column elementor-element elementor-element-1cb0bc9f\" data-id=\"1cb0bc9f\" data-element_type=\"column\">\n\t\t\t<div class=\"elementor-widget-wrap elementor-element-populated\">\n\t\t\t\t\t\t<div class=\"elementor-element elementor-element-63b72398 color-scheme-inherit text-left elementor-widget elementor-widget-text-editor\" data-id=\"63b72398\" data-element_type=\"widget\" data-settings=\"{&quot;ekit_we_effect_on&quot;:&quot;none&quot;}\" data-widget_type=\"text-editor.default\">\n\t\t\t\t<div class=\"elementor-widget-container\">\n\t\t\t\t\t\t\t\t\t<h2>\u00bfPor qu\u00e9 elegir Silestone Cemento Spa?<\/h2>\nSilestone es una superficie h\u00edbrida de minerales y materiales reciclados capaz de aportar color y textura a tu espacio. Gracias a su exclusiva e innovadora tecnolog\u00eda HybriQ +, el mantenimiento es m\u00ednimo y se garantiza una alta resistencia a las manchas y rayados.\t\t\t\t\t\t\t\t<\/div>\n\t\t\t\t<\/div>\n\t\t\t\t\t<\/div>\n\t\t<\/div>\n\t\t\t\t<div class=\"elementor-column elementor-col-50 elementor-top-column elementor-element elementor-element-64ddfbfa\" data-id=\"64ddfbfa\" data-element_type=\"column\">\n\t\t\t<div class=\"elementor-widget-wrap elementor-element-populated\">\n\t\t\t\t\t\t<div class=\"elementor-element elementor-element-7ce53259 elementor-widget elementor-widget-spacer\" data-id=\"7ce53259\" data-element_type=\"widget\" data-settings=\"{&quot;ekit_we_effect_on&quot;:&quot;none&quot;}\" data-widget_type=\"spacer.default\">\n\t\t\t\t<div class=\"elementor-widget-container\">\n\t\t\t\t\t\t\t<div class=\"elementor-spacer\">\n\t\t\t<div class=\"elementor-spacer-inner\"><\/div>\n\t\t<\/div>\n\t\t\t\t\t\t<\/div>\n\t\t\t\t<\/div>\n\t\t\t\t<div class=\"elementor-element elementor-element-5d5eaca1 color-scheme-inherit text-left elementor-widget elementor-widget-text-editor\" data-id=\"5d5eaca1\" data-element_type=\"widget\" data-settings=\"{&quot;ekit_we_effect_on&quot;:&quot;none&quot;}\" data-widget_type=\"text-editor.default\">\n\t\t\t\t<div class=\"elementor-widget-container\">\n\t\t\t\t\t\t\t\t\t<p>Desde su nacimiento, Silestone\u00ae ha marcado las tendencias m\u00e1s significativas en su categor\u00eda, transformado el mundo de las encimeras de cocina, siendo hoy un referente en el dise\u00f1o interior. Una vez m\u00e1s, volvemos a cambiarlo todo.<\/p>\t\t\t\t\t\t\t\t<\/div>\n\t\t\t\t<\/div>\n\t\t\t\t\t<\/div>\n\t\t<\/div>\n\t\t\t\t\t<\/div>\n\t\t<\/section>\n\t\t\t\t<section class=\"wd-negative-gap elementor-section elementor-top-section elementor-element elementor-element-2c606e8 elementor-section-boxed elementor-section-height-default elementor-section-height-default\" data-id=\"2c606e8\" data-element_type=\"section\" data-settings=\"{&quot;ekit_has_onepagescroll_dot&quot;:&quot;yes&quot;}\">\n\t\t\t\t\t\t<div class=\"elementor-container elementor-column-gap-default\">\n\t\t\t\t\t<div class=\"elementor-column elementor-col-100 elementor-top-column elementor-element elementor-element-5cae1663\" data-id=\"5cae1663\" data-element_type=\"column\">\n\t\t\t<div class=\"elementor-widget-wrap elementor-element-populated\">\n\t\t\t\t\t\t<div class=\"elementor-element elementor-element-e5860f1 color-scheme-inherit text-left elementor-widget elementor-widget-text-editor\" data-id=\"e5860f1\" data-element_type=\"widget\" data-settings=\"{&quot;ekit_we_effect_on&quot;:&quot;none&quot;}\" data-widget_type=\"text-editor.default\">\n\t\t\t\t<div class=\"elementor-widget-container\">\n\t\t\t\t\t\t\t\t\t<h3>Ventajas de Silestone<\/h3>\t\t\t\t\t\t\t\t<\/div>\n\t\t\t\t<\/div>\n\t\t\t\t\t<\/div>\n\t\t<\/div>\n\t\t\t\t\t<\/div>\n\t\t<\/section>\n\t\t\t\t<section class=\"wd-negative-gap elementor-section elementor-top-section elementor-element elementor-element-5e4db6ba elementor-section-boxed elementor-section-height-default elementor-section-height-default\" data-id=\"5e4db6ba\" data-element_type=\"section\" data-settings=\"{&quot;ekit_has_onepagescroll_dot&quot;:&quot;yes&quot;}\">\n\t\t\t\t\t\t<div class=\"elementor-container elementor-column-gap-default\">\n\t\t\t\t\t<div class=\"elementor-column elementor-col-25 elementor-top-column elementor-element elementor-element-794488bf\" data-id=\"794488bf\" data-element_type=\"column\">\n\t\t\t<div class=\"elementor-widget-wrap elementor-element-populated\">\n\t\t\t\t\t\t<div class=\"elementor-element elementor-element-58dc44b elementor-widget elementor-widget-image\" data-id=\"58dc44b\" data-element_type=\"widget\" data-settings=\"{&quot;ekit_we_effect_on&quot;:&quot;none&quot;}\" data-widget_type=\"image.default\">\n\t\t\t\t<div class=\"elementor-widget-container\">\n\t\t\t\t\t\t\t\t\t\t\t\t\t\t\t<img fetchpriority=\"high\" decoding=\"async\" width=\"700\" height=\"526\" src=\"https:\/\/eurostonepanama.com\/wp-content\/uploads\/2024\/03\/sl-rayado.jpg\" class=\"attachment-large size-large wp-image-2554\" alt=\"\" srcset=\"https:\/\/eurostonepanama.com\/wp-content\/uploads\/2024\/03\/sl-rayado.jpg 700w, https:\/\/eurostonepanama.com\/wp-content\/uploads\/2024\/03\/sl-rayado-300x225.jpg 300w, https:\/\/eurostonepanama.com\/wp-content\/uploads\/2024\/03\/sl-rayado-150x113.jpg 150w\" sizes=\"(max-width: 700px) 100vw, 700px\" \/>\t\t\t\t\t\t\t\t\t\t\t\t\t\t\t<\/div>\n\t\t\t\t<\/div>\n\t\t\t\t<div class=\"elementor-element elementor-element-6ceacefb color-scheme-inherit text-left elementor-widget elementor-widget-text-editor\" data-id=\"6ceacefb\" data-element_type=\"widget\" data-settings=\"{&quot;ekit_we_effect_on&quot;:&quot;none&quot;}\" data-widget_type=\"text-editor.default\">\n\t\t\t\t<div class=\"elementor-widget-container\">\n\t\t\t\t\t\t\t\t\t<h4>Altamente resistente al rayado<\/h4>\nEl uso y desgaste diarios no rayan Silestone \t\t\t\t\t\t\t\t<\/div>\n\t\t\t\t<\/div>\n\t\t\t\t\t<\/div>\n\t\t<\/div>\n\t\t\t\t<div class=\"elementor-column elementor-col-25 elementor-top-column elementor-element elementor-element-44852d1\" data-id=\"44852d1\" data-element_type=\"column\">\n\t\t\t<div class=\"elementor-widget-wrap elementor-element-populated\">\n\t\t\t\t\t\t<div class=\"elementor-element elementor-element-920db1a elementor-widget elementor-widget-image\" data-id=\"920db1a\" data-element_type=\"widget\" data-settings=\"{&quot;ekit_we_effect_on&quot;:&quot;none&quot;}\" data-widget_type=\"image.default\">\n\t\t\t\t<div class=\"elementor-widget-container\">\n\t\t\t\t\t\t\t\t\t\t\t\t\t\t\t<img decoding=\"async\" width=\"700\" height=\"526\" src=\"https:\/\/eurostonepanama.com\/wp-content\/uploads\/2024\/03\/sl-manchas.jpg\" class=\"attachment-large size-large wp-image-2552\" alt=\"\" srcset=\"https:\/\/eurostonepanama.com\/wp-content\/uploads\/2024\/03\/sl-manchas.jpg 700w, https:\/\/eurostonepanama.com\/wp-content\/uploads\/2024\/03\/sl-manchas-300x225.jpg 300w, https:\/\/eurostonepanama.com\/wp-content\/uploads\/2024\/03\/sl-manchas-150x113.jpg 150w\" sizes=\"(max-width: 700px) 100vw, 700px\" \/>\t\t\t\t\t\t\t\t\t\t\t\t\t\t\t<\/div>\n\t\t\t\t<\/div>\n\t\t\t\t<div class=\"elementor-element elementor-element-db20202 color-scheme-inherit text-left elementor-widget elementor-widget-text-editor\" data-id=\"db20202\" data-element_type=\"widget\" data-settings=\"{&quot;ekit_we_effect_on&quot;:&quot;none&quot;}\" data-widget_type=\"text-editor.default\">\n\t\t\t\t<div class=\"elementor-widget-container\">\n\t\t\t\t\t\t\t\t\t<h4>Resistencia a las manchas<\/h4>\nSu baja porosidad hace que sea altamente resistente a las manchas\t\t\t\t\t\t\t\t<\/div>\n\t\t\t\t<\/div>\n\t\t\t\t\t<\/div>\n\t\t<\/div>\n\t\t\t\t<div class=\"elementor-column elementor-col-25 elementor-top-column elementor-element elementor-element-4d15f70b\" data-id=\"4d15f70b\" data-element_type=\"column\">\n\t\t\t<div class=\"elementor-widget-wrap elementor-element-populated\">\n\t\t\t\t\t\t<div class=\"elementor-element elementor-element-3fd529b elementor-widget elementor-widget-image\" data-id=\"3fd529b\" data-element_type=\"widget\" data-settings=\"{&quot;ekit_we_effect_on&quot;:&quot;none&quot;}\" data-widget_type=\"image.default\">\n\t\t\t\t<div class=\"elementor-widget-container\">\n\t\t\t\t\t\t\t\t\t\t\t\t\t\t\t<img decoding=\"async\" width=\"700\" height=\"526\" src=\"https:\/\/eurostonepanama.com\/wp-content\/uploads\/2024\/03\/sl-impacto.jpg\" class=\"attachment-large size-large wp-image-2550\" alt=\"\" srcset=\"https:\/\/eurostonepanama.com\/wp-content\/uploads\/2024\/03\/sl-impacto.jpg 700w, https:\/\/eurostonepanama.com\/wp-content\/uploads\/2024\/03\/sl-impacto-300x225.jpg 300w, https:\/\/eurostonepanama.com\/wp-content\/uploads\/2024\/03\/sl-impacto-150x113.jpg 150w\" sizes=\"(max-width: 700px) 100vw, 700px\" \/>\t\t\t\t\t\t\t\t\t\t\t\t\t\t\t<\/div>\n\t\t\t\t<\/div>\n\t\t\t\t<div class=\"elementor-element elementor-element-451e8e06 color-scheme-inherit text-left elementor-widget elementor-widget-text-editor\" data-id=\"451e8e06\" data-element_type=\"widget\" data-settings=\"{&quot;ekit_we_effect_on&quot;:&quot;none&quot;}\" data-widget_type=\"text-editor.default\">\n\t\t\t\t<div class=\"elementor-widget-container\">\n\t\t\t\t\t\t\t\t\t<h4>Gran resistencia a impactos<\/h4>\nAlta resistencia a los impactos y golpes diarios\t\t\t\t\t\t\t\t<\/div>\n\t\t\t\t<\/div>\n\t\t\t\t\t<\/div>\n\t\t<\/div>\n\t\t\t\t<div class=\"elementor-column elementor-col-25 elementor-top-column elementor-element elementor-element-4938d42e\" data-id=\"4938d42e\" data-element_type=\"column\">\n\t\t\t<div class=\"elementor-widget-wrap elementor-element-populated\">\n\t\t\t\t\t\t<div class=\"elementor-element elementor-element-5722666 elementor-widget elementor-widget-image\" data-id=\"5722666\" data-element_type=\"widget\" data-settings=\"{&quot;ekit_we_effect_on&quot;:&quot;none&quot;}\" data-widget_type=\"image.default\">\n\t\t\t\t<div class=\"elementor-widget-container\">\n\t\t\t\t\t\t\t\t\t\t\t\t\t\t\t<img loading=\"lazy\" decoding=\"async\" width=\"700\" height=\"526\" src=\"https:\/\/eurostonepanama.com\/wp-content\/uploads\/2024\/03\/sl-acido.jpg\" class=\"attachment-large size-large wp-image-2548\" alt=\"\" srcset=\"https:\/\/eurostonepanama.com\/wp-content\/uploads\/2024\/03\/sl-acido.jpg 700w, https:\/\/eurostonepanama.com\/wp-content\/uploads\/2024\/03\/sl-acido-300x225.jpg 300w, https:\/\/eurostonepanama.com\/wp-content\/uploads\/2024\/03\/sl-acido-150x113.jpg 150w\" sizes=\"(max-width: 700px) 100vw, 700px\" \/>\t\t\t\t\t\t\t\t\t\t\t\t\t\t\t<\/div>\n\t\t\t\t<\/div>\n\t\t\t\t<div class=\"elementor-element elementor-element-2ab5fa71 color-scheme-inherit text-left elementor-widget elementor-widget-text-editor\" data-id=\"2ab5fa71\" data-element_type=\"widget\" data-settings=\"{&quot;ekit_we_effect_on&quot;:&quot;none&quot;}\" data-widget_type=\"text-editor.default\">\n\t\t\t\t<div class=\"elementor-widget-container\">\n\t\t\t\t\t\t\t\t\t<h4>Resistente al \u00e1cido<\/h4>\nLa baja porosidad de Silestone evita que se da\u00f1e por manchas de \u00e1cido\t\t\t\t\t\t\t\t<\/div>\n\t\t\t\t<\/div>\n\t\t\t\t\t<\/div>\n\t\t<\/div>\n\t\t\t\t\t<\/div>\n\t\t<\/section>\n\t\t\t\t<\/div>\n\t\t","protected":false},"excerpt":{"rendered":"<p>Aportar un toque industrial, moderno y vanguardista a sus estancias no ser\u00e1 dif\u00edcil con Cemento Spa, el gris oscuro que imita el acabado, tono e impurezas de este material.<\/p>\n<div class=\"mr-m\">\n<h3 class=\"h4 mb-s\">Technology<\/h3>\n<p><a href=\"https:\/\/www.cosentino.com\/es\/silestone\/hybriq-technology\/\"> <img decoding=\"async\" class=\"logo-hybriq entered lazyloaded\" src=\"https:\/\/www.cosentino.com\/es\/wp-content\/plugins\/CosentinoShowcase\/assets\/img\/logohybriQ.svg\" alt=\"Hybriq\" data-lazy-src=\"https:\/\/www.cosentino.com\/es\/wp-content\/plugins\/CosentinoShowcase\/views\/partials\/ficha-color\/..\/..\/..\/assets\/img\/logohybriQ.svg\" data-ll-status=\"loaded\" \/> <\/a><\/div>\n<div>\n<h3 class=\"h4 mb-xs\">Certificados<\/h3>\n<div class=\"certificates\"><img loading=\"lazy\" decoding=\"async\" class=\"logo-epd mr-xs entered lazyloaded\" src=\"https:\/\/www.cosentino.com\/es\/wp-content\/plugins\/CosentinoShowcase\/assets\/img\/logo-epd.jpg\" alt=\"Environmental Product Declarations\" width=\"157\" height=\"39\" data-lazy-src=\"https:\/\/www.cosentino.com\/es\/wp-content\/plugins\/CosentinoShowcase\/views\/partials\/ficha-color\/..\/..\/..\/assets\/img\/logo-epd.jpg\" data-ll-status=\"loaded\" \/><\/div>\n<\/div>\n","protected":false},"featured_media":2562,"comment_status":"open","ping_status":"closed","template":"","meta":[],"product_brand":[],"product_cat":[90],"product_tag":[],"class_list":{"0":"post-2559","1":"product","2":"type-product","3":"status-publish","4":"has-post-thumbnail","6":"product_cat-silestone","8":"first","9":"instock","10":"shipping-taxable","11":"product-type-simple"},"yoast_head":"<!-- This site is optimized with the Yoast SEO plugin v26.1.1 - https:\/\/yoast.com\/wordpress\/plugins\/seo\/ -->\n<title>Silestone Cemento Spa - Eurostone<\/title>\n<meta name=\"robots\" content=\"index, follow, max-snippet:-1, max-image-preview:large, max-video-preview:-1\" \/>\n<link rel=\"canonical\" href=\"https:\/\/eurostonepanama.com\/en\/producto\/silestone-cemento-spa\/\" \/>\n<meta property=\"og:locale\" content=\"en_US\" \/>\n<meta property=\"og:type\" content=\"article\" \/>\n<meta property=\"og:title\" content=\"Silestone Cemento Spa - Eurostone\" \/>\n<meta property=\"og:description\" content=\"Aportar un toque industrial, moderno y vanguardista a sus estancias no ser\u00e1 dif\u00edcil con Cemento Spa, el gris oscuro que imita el acabado, tono e impurezas de este material.  Technology    Certificados\" \/>\n<meta property=\"og:url\" content=\"https:\/\/eurostonepanama.com\/en\/producto\/silestone-cemento-spa\/\" \/>\n<meta property=\"og:site_name\" content=\"Eurostone\" \/>\n<meta property=\"article:modified_time\" content=\"2024-03-26T15:56:03+00:00\" \/>\n<meta property=\"og:image\" content=\"https:\/\/eurostonepanama.com\/wp-content\/uploads\/2024\/03\/cemento-spa02.jpg\" \/>\n\t<meta property=\"og:image:width\" content=\"1000\" \/>\n\t<meta property=\"og:image:height\" content=\"1000\" \/>\n\t<meta property=\"og:image:type\" content=\"image\/jpeg\" \/>\n<meta name=\"twitter:card\" content=\"summary_large_image\" \/>\n<meta name=\"twitter:label1\" content=\"Est. reading time\" \/>\n\t<meta name=\"twitter:data1\" content=\"1 minute\" \/>\n<script type=\"application\/ld+json\" class=\"yoast-schema-graph\">{\"@context\":\"https:\/\/schema.org\",\"@graph\":[{\"@type\":\"WebPage\",\"@id\":\"https:\/\/eurostonepanama.com\/en\/producto\/silestone-cemento-spa\/\",\"url\":\"https:\/\/eurostonepanama.com\/en\/producto\/silestone-cemento-spa\/\",\"name\":\"Silestone Cemento Spa - Eurostone\",\"isPartOf\":{\"@id\":\"https:\/\/eurostonepanama.com\/en\/#website\"},\"primaryImageOfPage\":{\"@id\":\"https:\/\/eurostonepanama.com\/en\/producto\/silestone-cemento-spa\/#primaryimage\"},\"image\":{\"@id\":\"https:\/\/eurostonepanama.com\/en\/producto\/silestone-cemento-spa\/#primaryimage\"},\"thumbnailUrl\":\"https:\/\/eurostonepanama.com\/wp-content\/uploads\/2024\/03\/cemento-spa02.jpg\",\"datePublished\":\"2024-03-26T14:53:40+00:00\",\"dateModified\":\"2024-03-26T15:56:03+00:00\",\"breadcrumb\":{\"@id\":\"https:\/\/eurostonepanama.com\/en\/producto\/silestone-cemento-spa\/#breadcrumb\"},\"inLanguage\":\"en-US\",\"potentialAction\":[{\"@type\":\"ReadAction\",\"target\":[\"https:\/\/eurostonepanama.com\/en\/producto\/silestone-cemento-spa\/\"]}]},{\"@type\":\"ImageObject\",\"inLanguage\":\"en-US\",\"@id\":\"https:\/\/eurostonepanama.com\/en\/producto\/silestone-cemento-spa\/#primaryimage\",\"url\":\"https:\/\/eurostonepanama.com\/wp-content\/uploads\/2024\/03\/cemento-spa02.jpg\",\"contentUrl\":\"https:\/\/eurostonepanama.com\/wp-content\/uploads\/2024\/03\/cemento-spa02.jpg\",\"width\":1000,\"height\":1000},{\"@type\":\"BreadcrumbList\",\"@id\":\"https:\/\/eurostonepanama.com\/en\/producto\/silestone-cemento-spa\/#breadcrumb\",\"itemListElement\":[{\"@type\":\"ListItem\",\"position\":1,\"name\":\"Portada\",\"item\":\"https:\/\/eurostonepanama.com\/en\/\"},{\"@type\":\"ListItem\",\"position\":2,\"name\":\"Productos\",\"item\":\"https:\/\/eurostonepanama.com\/tienda\/\"},{\"@type\":\"ListItem\",\"position\":3,\"name\":\"Silestone Cemento Spa\"}]},{\"@type\":\"WebSite\",\"@id\":\"https:\/\/eurostonepanama.com\/en\/#website\",\"url\":\"https:\/\/eurostonepanama.com\/en\/\",\"name\":\"Eurostone\",\"description\":\"Expertos en pisos de M\u00e1rmol, porcelana, sobres y pisos\",\"potentialAction\":[{\"@type\":\"SearchAction\",\"target\":{\"@type\":\"EntryPoint\",\"urlTemplate\":\"https:\/\/eurostonepanama.com\/en\/?s={search_term_string}\"},\"query-input\":{\"@type\":\"PropertyValueSpecification\",\"valueRequired\":true,\"valueName\":\"search_term_string\"}}],\"inLanguage\":\"en-US\"}]}<\/script>\n<!-- \/ Yoast SEO plugin. -->","yoast_head_json":{"title":"Silestone Cemento Spa - Eurostone","robots":{"index":"index","follow":"follow","max-snippet":"max-snippet:-1","max-image-preview":"max-image-preview:large","max-video-preview":"max-video-preview:-1"},"canonical":"https:\/\/eurostonepanama.com\/en\/producto\/silestone-cemento-spa\/","og_locale":"en_US","og_type":"article","og_title":"Silestone Cemento Spa - Eurostone","og_description":"Aportar un toque industrial, moderno y vanguardista a sus estancias no ser\u00e1 dif\u00edcil con Cemento Spa, el gris oscuro que imita el acabado, tono e impurezas de este material.  Technology    Certificados","og_url":"https:\/\/eurostonepanama.com\/en\/producto\/silestone-cemento-spa\/","og_site_name":"Eurostone","article_modified_time":"2024-03-26T15:56:03+00:00","og_image":[{"width":1000,"height":1000,"url":"https:\/\/eurostonepanama.com\/wp-content\/uploads\/2024\/03\/cemento-spa02.jpg","type":"image\/jpeg"}],"twitter_card":"summary_large_image","twitter_misc":{"Est. reading time":"1 minute"},"schema":{"@context":"https:\/\/schema.org","@graph":[{"@type":"WebPage","@id":"https:\/\/eurostonepanama.com\/en\/producto\/silestone-cemento-spa\/","url":"https:\/\/eurostonepanama.com\/en\/producto\/silestone-cemento-spa\/","name":"Silestone Cemento Spa - Eurostone","isPartOf":{"@id":"https:\/\/eurostonepanama.com\/en\/#website"},"primaryImageOfPage":{"@id":"https:\/\/eurostonepanama.com\/en\/producto\/silestone-cemento-spa\/#primaryimage"},"image":{"@id":"https:\/\/eurostonepanama.com\/en\/producto\/silestone-cemento-spa\/#primaryimage"},"thumbnailUrl":"https:\/\/eurostonepanama.com\/wp-content\/uploads\/2024\/03\/cemento-spa02.jpg","datePublished":"2024-03-26T14:53:40+00:00","dateModified":"2024-03-26T15:56:03+00:00","breadcrumb":{"@id":"https:\/\/eurostonepanama.com\/en\/producto\/silestone-cemento-spa\/#breadcrumb"},"inLanguage":"en-US","potentialAction":[{"@type":"ReadAction","target":["https:\/\/eurostonepanama.com\/en\/producto\/silestone-cemento-spa\/"]}]},{"@type":"ImageObject","inLanguage":"en-US","@id":"https:\/\/eurostonepanama.com\/en\/producto\/silestone-cemento-spa\/#primaryimage","url":"https:\/\/eurostonepanama.com\/wp-content\/uploads\/2024\/03\/cemento-spa02.jpg","contentUrl":"https:\/\/eurostonepanama.com\/wp-content\/uploads\/2024\/03\/cemento-spa02.jpg","width":1000,"height":1000},{"@type":"BreadcrumbList","@id":"https:\/\/eurostonepanama.com\/en\/producto\/silestone-cemento-spa\/#breadcrumb","itemListElement":[{"@type":"ListItem","position":1,"name":"Portada","item":"https:\/\/eurostonepanama.com\/en\/"},{"@type":"ListItem","position":2,"name":"Productos","item":"https:\/\/eurostonepanama.com\/tienda\/"},{"@type":"ListItem","position":3,"name":"Silestone Cemento Spa"}]},{"@type":"WebSite","@id":"https:\/\/eurostonepanama.com\/en\/#website","url":"https:\/\/eurostonepanama.com\/en\/","name":"Eurostone","description":"Expertos en pisos de M\u00e1rmol, porcelana, sobres y pisos","potentialAction":[{"@type":"SearchAction","target":{"@type":"EntryPoint","urlTemplate":"https:\/\/eurostonepanama.com\/en\/?s={search_term_string}"},"query-input":{"@type":"PropertyValueSpecification","valueRequired":true,"valueName":"search_term_string"}}],"inLanguage":"en-US"}]}},"_links":{"self":[{"href":"https:\/\/eurostonepanama.com\/en\/wp-json\/wp\/v2\/product\/2559","targetHints":{"allow":["GET"]}}],"collection":[{"href":"https:\/\/eurostonepanama.com\/en\/wp-json\/wp\/v2\/product"}],"about":[{"href":"https:\/\/eurostonepanama.com\/en\/wp-json\/wp\/v2\/types\/product"}],"replies":[{"embeddable":true,"href":"https:\/\/eurostonepanama.com\/en\/wp-json\/wp\/v2\/comments?post=2559"}],"version-history":[{"count":4,"href":"https:\/\/eurostonepanama.com\/en\/wp-json\/wp\/v2\/product\/2559\/revisions"}],"predecessor-version":[{"id":2568,"href":"https:\/\/eurostonepanama.com\/en\/wp-json\/wp\/v2\/product\/2559\/revisions\/2568"}],"wp:featuredmedia":[{"embeddable":true,"href":"https:\/\/eurostonepanama.com\/en\/wp-json\/wp\/v2\/media\/2562"}],"wp:attachment":[{"href":"https:\/\/eurostonepanama.com\/en\/wp-json\/wp\/v2\/media?parent=2559"}],"wp:term":[{"taxonomy":"product_brand","embeddable":true,"href":"https:\/\/eurostonepanama.com\/en\/wp-json\/wp\/v2\/product_brand?post=2559"},{"taxonomy":"product_cat","embeddable":true,"href":"https:\/\/eurostonepanama.com\/en\/wp-json\/wp\/v2\/product_cat?post=2559"},{"taxonomy":"product_tag","embeddable":true,"href":"https:\/\/eurostonepanama.com\/en\/wp-json\/wp\/v2\/product_tag?post=2559"}],"curies":[{"name":"wp","href":"https:\/\/api.w.org\/{rel}","templated":true}]}}