{"id":2541,"date":"2024-03-26T09:08:09","date_gmt":"2024-03-26T14:08:09","guid":{"rendered":"https:\/\/www.eurostone-atelier.com\/?post_type=product&#038;p=2541"},"modified":"2024-03-26T10:56:14","modified_gmt":"2024-03-26T15:56:14","slug":"silestone-stellar-blanco","status":"publish","type":"product","link":"https:\/\/eurostonepanama.com\/en\/producto\/silestone-stellar-blanco\/","title":{"rendered":"Silestone Stellar Blanco"},"content":{"rendered":"\t\t<div data-elementor-type=\"product-post\" data-elementor-id=\"2541\" class=\"elementor elementor-2541\" data-elementor-post-type=\"product\">\n\t\t\t\t\t\t<section class=\"wd-negative-gap elementor-section elementor-top-section elementor-element elementor-element-6de1bf98 elementor-section-boxed elementor-section-height-default elementor-section-height-default\" data-id=\"6de1bf98\" data-element_type=\"section\" data-settings=\"{&quot;ekit_has_onepagescroll_dot&quot;:&quot;yes&quot;}\">\n\t\t\t\t\t\t<div class=\"elementor-container elementor-column-gap-default\">\n\t\t\t\t\t<div class=\"elementor-column elementor-col-50 elementor-top-column elementor-element elementor-element-3b829efe\" data-id=\"3b829efe\" data-element_type=\"column\">\n\t\t\t<div class=\"elementor-widget-wrap elementor-element-populated\">\n\t\t\t\t\t\t<div class=\"elementor-element elementor-element-4b3ee23f elementor-widget elementor-widget-wd_text_block\" data-id=\"4b3ee23f\" data-element_type=\"widget\" data-settings=\"{&quot;ekit_we_effect_on&quot;:&quot;none&quot;}\" data-widget_type=\"wd_text_block.default\">\n\t\t\t\t<div class=\"elementor-widget-container\">\n\t\t\t\t\t\t\t<div class=\"wd-text-block reset-last-child text-left\">\n\t\t\t\n\t\t\t<h4>Acabados Disponibles<\/h4><p><strong>Pulido<\/strong><br \/>M\u00e1s viveza e intensidad de color y reflejo<\/p><p><strong>Suede<\/strong><br \/>Tacto suave y agradable con una consistencia total de color<\/p>\n\t\t\t\t\t<\/div>\n\t\t\t\t\t\t<\/div>\n\t\t\t\t<\/div>\n\t\t\t\t\t<\/div>\n\t\t<\/div>\n\t\t\t\t<div class=\"elementor-column elementor-col-50 elementor-top-column elementor-element elementor-element-38b2601a\" data-id=\"38b2601a\" data-element_type=\"column\">\n\t\t\t<div class=\"elementor-widget-wrap elementor-element-populated\">\n\t\t\t\t\t\t<div class=\"elementor-element elementor-element-2a1fa7cc elementor-widget elementor-widget-wd_text_block\" data-id=\"2a1fa7cc\" data-element_type=\"widget\" data-settings=\"{&quot;ekit_we_effect_on&quot;:&quot;none&quot;}\" data-widget_type=\"wd_text_block.default\">\n\t\t\t\t<div class=\"elementor-widget-container\">\n\t\t\t\t\t\t\t<div class=\"wd-text-block reset-last-child text-left\">\n\t\t\t\n\t\t\t<h4>Espesores<\/h4><p>1,2 cm<br \/>2,0 cm<br \/>3,0 cm<\/p>\n\t\t\t\t\t<\/div>\n\t\t\t\t\t\t<\/div>\n\t\t\t\t<\/div>\n\t\t\t\t\t<\/div>\n\t\t<\/div>\n\t\t\t\t\t<\/div>\n\t\t<\/section>\n\t\t\t\t<section class=\"wd-negative-gap elementor-section elementor-top-section elementor-element elementor-element-f543085 elementor-section-boxed elementor-section-height-default elementor-section-height-default\" data-id=\"f543085\" data-element_type=\"section\" data-settings=\"{&quot;ekit_has_onepagescroll_dot&quot;:&quot;yes&quot;}\">\n\t\t\t\t\t\t<div class=\"elementor-container elementor-column-gap-default\">\n\t\t\t\t\t<div class=\"elementor-column elementor-col-50 elementor-top-column elementor-element elementor-element-62ec00f1\" data-id=\"62ec00f1\" data-element_type=\"column\">\n\t\t\t<div class=\"elementor-widget-wrap elementor-element-populated\">\n\t\t\t\t\t\t<div class=\"elementor-element elementor-element-6b26c056 color-scheme-inherit text-left elementor-widget elementor-widget-text-editor\" data-id=\"6b26c056\" data-element_type=\"widget\" data-settings=\"{&quot;ekit_we_effect_on&quot;:&quot;none&quot;}\" data-widget_type=\"text-editor.default\">\n\t\t\t\t<div class=\"elementor-widget-container\">\n\t\t\t\t\t\t\t\t\t<h2>\u00bfPor qu\u00e9 elegir Silestone Stellar Blanco?<\/h2><p>Silestone es una superficie h\u00edbrida de minerales y materiales reciclados capaz de aportar color y textura a tu espacio. Gracias a su exclusiva e innovadora tecnolog\u00eda HybriQ +, el mantenimiento es m\u00ednimo y se garantiza una alta resistencia a las manchas y rayados.<\/p>\t\t\t\t\t\t\t\t<\/div>\n\t\t\t\t<\/div>\n\t\t\t\t\t<\/div>\n\t\t<\/div>\n\t\t\t\t<div class=\"elementor-column elementor-col-50 elementor-top-column elementor-element elementor-element-29e42716\" data-id=\"29e42716\" data-element_type=\"column\">\n\t\t\t<div class=\"elementor-widget-wrap elementor-element-populated\">\n\t\t\t\t\t\t<div class=\"elementor-element elementor-element-791ab87c elementor-widget elementor-widget-spacer\" data-id=\"791ab87c\" data-element_type=\"widget\" data-settings=\"{&quot;ekit_we_effect_on&quot;:&quot;none&quot;}\" data-widget_type=\"spacer.default\">\n\t\t\t\t<div class=\"elementor-widget-container\">\n\t\t\t\t\t\t\t<div class=\"elementor-spacer\">\n\t\t\t<div class=\"elementor-spacer-inner\"><\/div>\n\t\t<\/div>\n\t\t\t\t\t\t<\/div>\n\t\t\t\t<\/div>\n\t\t\t\t<div class=\"elementor-element elementor-element-60ef7799 color-scheme-inherit text-left elementor-widget elementor-widget-text-editor\" data-id=\"60ef7799\" data-element_type=\"widget\" data-settings=\"{&quot;ekit_we_effect_on&quot;:&quot;none&quot;}\" data-widget_type=\"text-editor.default\">\n\t\t\t\t<div class=\"elementor-widget-container\">\n\t\t\t\t\t\t\t\t\t<p>Desde su nacimiento, Silestone\u00ae ha marcado las tendencias m\u00e1s significativas en su categor\u00eda, transformado el mundo de las encimeras de cocina, siendo hoy un referente en el dise\u00f1o interior. Una vez m\u00e1s, volvemos a cambiarlo todo.<\/p>\t\t\t\t\t\t\t\t<\/div>\n\t\t\t\t<\/div>\n\t\t\t\t\t<\/div>\n\t\t<\/div>\n\t\t\t\t\t<\/div>\n\t\t<\/section>\n\t\t\t\t<section class=\"wd-negative-gap elementor-section elementor-top-section elementor-element elementor-element-1c0d2f96 elementor-section-boxed elementor-section-height-default elementor-section-height-default\" data-id=\"1c0d2f96\" data-element_type=\"section\" data-settings=\"{&quot;ekit_has_onepagescroll_dot&quot;:&quot;yes&quot;}\">\n\t\t\t\t\t\t<div class=\"elementor-container elementor-column-gap-default\">\n\t\t\t\t\t<div class=\"elementor-column elementor-col-100 elementor-top-column elementor-element elementor-element-5fa463df\" data-id=\"5fa463df\" data-element_type=\"column\">\n\t\t\t<div class=\"elementor-widget-wrap elementor-element-populated\">\n\t\t\t\t\t\t<div class=\"elementor-element elementor-element-2216fb93 color-scheme-inherit text-left elementor-widget elementor-widget-text-editor\" data-id=\"2216fb93\" data-element_type=\"widget\" data-settings=\"{&quot;ekit_we_effect_on&quot;:&quot;none&quot;}\" data-widget_type=\"text-editor.default\">\n\t\t\t\t<div class=\"elementor-widget-container\">\n\t\t\t\t\t\t\t\t\t<h3>Ventajas de Silestone<\/h3>\t\t\t\t\t\t\t\t<\/div>\n\t\t\t\t<\/div>\n\t\t\t\t\t<\/div>\n\t\t<\/div>\n\t\t\t\t\t<\/div>\n\t\t<\/section>\n\t\t\t\t<section class=\"wd-negative-gap elementor-section elementor-top-section elementor-element elementor-element-46515bfd elementor-section-boxed elementor-section-height-default elementor-section-height-default\" data-id=\"46515bfd\" data-element_type=\"section\" data-settings=\"{&quot;ekit_has_onepagescroll_dot&quot;:&quot;yes&quot;}\">\n\t\t\t\t\t\t<div class=\"elementor-container elementor-column-gap-default\">\n\t\t\t\t\t<div class=\"elementor-column elementor-col-25 elementor-top-column elementor-element elementor-element-50f5ab35\" data-id=\"50f5ab35\" data-element_type=\"column\">\n\t\t\t<div class=\"elementor-widget-wrap elementor-element-populated\">\n\t\t\t\t\t\t<div class=\"elementor-element elementor-element-13a39f8 elementor-widget elementor-widget-image\" data-id=\"13a39f8\" data-element_type=\"widget\" data-settings=\"{&quot;ekit_we_effect_on&quot;:&quot;none&quot;}\" data-widget_type=\"image.default\">\n\t\t\t\t<div class=\"elementor-widget-container\">\n\t\t\t\t\t\t\t\t\t\t\t\t\t\t\t<img fetchpriority=\"high\" decoding=\"async\" width=\"700\" height=\"526\" src=\"https:\/\/eurostonepanama.com\/wp-content\/uploads\/2024\/03\/sl-rayado.jpg\" class=\"attachment-large size-large wp-image-2554\" alt=\"\" srcset=\"https:\/\/eurostonepanama.com\/wp-content\/uploads\/2024\/03\/sl-rayado.jpg 700w, https:\/\/eurostonepanama.com\/wp-content\/uploads\/2024\/03\/sl-rayado-300x225.jpg 300w, https:\/\/eurostonepanama.com\/wp-content\/uploads\/2024\/03\/sl-rayado-150x113.jpg 150w\" sizes=\"(max-width: 700px) 100vw, 700px\" \/>\t\t\t\t\t\t\t\t\t\t\t\t\t\t\t<\/div>\n\t\t\t\t<\/div>\n\t\t\t\t<div class=\"elementor-element elementor-element-379a4c3e color-scheme-inherit text-left elementor-widget elementor-widget-text-editor\" data-id=\"379a4c3e\" data-element_type=\"widget\" data-settings=\"{&quot;ekit_we_effect_on&quot;:&quot;none&quot;}\" data-widget_type=\"text-editor.default\">\n\t\t\t\t<div class=\"elementor-widget-container\">\n\t\t\t\t\t\t\t\t\t<h4>Altamente resistente al rayado<\/h4>\nEl uso y desgaste diarios no rayan Silestone\t\t\t\t\t\t\t\t<\/div>\n\t\t\t\t<\/div>\n\t\t\t\t\t<\/div>\n\t\t<\/div>\n\t\t\t\t<div class=\"elementor-column elementor-col-25 elementor-top-column elementor-element elementor-element-30e12ff\" data-id=\"30e12ff\" data-element_type=\"column\">\n\t\t\t<div class=\"elementor-widget-wrap elementor-element-populated\">\n\t\t\t\t\t\t<div class=\"elementor-element elementor-element-ecfd05a elementor-widget elementor-widget-image\" data-id=\"ecfd05a\" data-element_type=\"widget\" data-settings=\"{&quot;ekit_we_effect_on&quot;:&quot;none&quot;}\" data-widget_type=\"image.default\">\n\t\t\t\t<div class=\"elementor-widget-container\">\n\t\t\t\t\t\t\t\t\t\t\t\t\t\t\t<img decoding=\"async\" width=\"700\" height=\"526\" src=\"https:\/\/eurostonepanama.com\/wp-content\/uploads\/2024\/03\/sl-manchas.jpg\" class=\"attachment-large size-large wp-image-2552\" alt=\"\" srcset=\"https:\/\/eurostonepanama.com\/wp-content\/uploads\/2024\/03\/sl-manchas.jpg 700w, https:\/\/eurostonepanama.com\/wp-content\/uploads\/2024\/03\/sl-manchas-300x225.jpg 300w, https:\/\/eurostonepanama.com\/wp-content\/uploads\/2024\/03\/sl-manchas-150x113.jpg 150w\" sizes=\"(max-width: 700px) 100vw, 700px\" \/>\t\t\t\t\t\t\t\t\t\t\t\t\t\t\t<\/div>\n\t\t\t\t<\/div>\n\t\t\t\t<div class=\"elementor-element elementor-element-e8a00d4 color-scheme-inherit text-left elementor-widget elementor-widget-text-editor\" data-id=\"e8a00d4\" data-element_type=\"widget\" data-settings=\"{&quot;ekit_we_effect_on&quot;:&quot;none&quot;}\" data-widget_type=\"text-editor.default\">\n\t\t\t\t<div class=\"elementor-widget-container\">\n\t\t\t\t\t\t\t\t\t<h4>Resistencia a las manchas<\/h4>\nSu baja porosidad hace que sea altamente resistente a las manchas\t\t\t\t\t\t\t\t<\/div>\n\t\t\t\t<\/div>\n\t\t\t\t\t<\/div>\n\t\t<\/div>\n\t\t\t\t<div class=\"elementor-column elementor-col-25 elementor-top-column elementor-element elementor-element-53588791\" data-id=\"53588791\" data-element_type=\"column\">\n\t\t\t<div class=\"elementor-widget-wrap elementor-element-populated\">\n\t\t\t\t\t\t<div class=\"elementor-element elementor-element-7f5dd29 elementor-widget elementor-widget-image\" data-id=\"7f5dd29\" data-element_type=\"widget\" data-settings=\"{&quot;ekit_we_effect_on&quot;:&quot;none&quot;}\" data-widget_type=\"image.default\">\n\t\t\t\t<div class=\"elementor-widget-container\">\n\t\t\t\t\t\t\t\t\t\t\t\t\t\t\t<img decoding=\"async\" width=\"700\" height=\"526\" src=\"https:\/\/eurostonepanama.com\/wp-content\/uploads\/2024\/03\/sl-impacto.jpg\" class=\"attachment-large size-large wp-image-2550\" alt=\"\" srcset=\"https:\/\/eurostonepanama.com\/wp-content\/uploads\/2024\/03\/sl-impacto.jpg 700w, https:\/\/eurostonepanama.com\/wp-content\/uploads\/2024\/03\/sl-impacto-300x225.jpg 300w, https:\/\/eurostonepanama.com\/wp-content\/uploads\/2024\/03\/sl-impacto-150x113.jpg 150w\" sizes=\"(max-width: 700px) 100vw, 700px\" \/>\t\t\t\t\t\t\t\t\t\t\t\t\t\t\t<\/div>\n\t\t\t\t<\/div>\n\t\t\t\t<div class=\"elementor-element elementor-element-3cb08d0e color-scheme-inherit text-left elementor-widget elementor-widget-text-editor\" data-id=\"3cb08d0e\" data-element_type=\"widget\" data-settings=\"{&quot;ekit_we_effect_on&quot;:&quot;none&quot;}\" data-widget_type=\"text-editor.default\">\n\t\t\t\t<div class=\"elementor-widget-container\">\n\t\t\t\t\t\t\t\t\t<h4>Gran resistencia a impactos<\/h4>\nAlta resistencia a los impactos y golpes diarios\t\t\t\t\t\t\t\t<\/div>\n\t\t\t\t<\/div>\n\t\t\t\t\t<\/div>\n\t\t<\/div>\n\t\t\t\t<div class=\"elementor-column elementor-col-25 elementor-top-column elementor-element elementor-element-2632f50d\" data-id=\"2632f50d\" data-element_type=\"column\">\n\t\t\t<div class=\"elementor-widget-wrap elementor-element-populated\">\n\t\t\t\t\t\t<div class=\"elementor-element elementor-element-b8097c6 elementor-widget elementor-widget-image\" data-id=\"b8097c6\" data-element_type=\"widget\" data-settings=\"{&quot;ekit_we_effect_on&quot;:&quot;none&quot;}\" data-widget_type=\"image.default\">\n\t\t\t\t<div class=\"elementor-widget-container\">\n\t\t\t\t\t\t\t\t\t\t\t\t\t\t\t<img loading=\"lazy\" decoding=\"async\" width=\"700\" height=\"526\" src=\"https:\/\/eurostonepanama.com\/wp-content\/uploads\/2024\/03\/sl-acido.jpg\" class=\"attachment-large size-large wp-image-2548\" alt=\"\" srcset=\"https:\/\/eurostonepanama.com\/wp-content\/uploads\/2024\/03\/sl-acido.jpg 700w, https:\/\/eurostonepanama.com\/wp-content\/uploads\/2024\/03\/sl-acido-300x225.jpg 300w, https:\/\/eurostonepanama.com\/wp-content\/uploads\/2024\/03\/sl-acido-150x113.jpg 150w\" sizes=\"(max-width: 700px) 100vw, 700px\" \/>\t\t\t\t\t\t\t\t\t\t\t\t\t\t\t<\/div>\n\t\t\t\t<\/div>\n\t\t\t\t<div class=\"elementor-element elementor-element-1b2409d5 color-scheme-inherit text-left elementor-widget elementor-widget-text-editor\" data-id=\"1b2409d5\" data-element_type=\"widget\" data-settings=\"{&quot;ekit_we_effect_on&quot;:&quot;none&quot;}\" data-widget_type=\"text-editor.default\">\n\t\t\t\t<div class=\"elementor-widget-container\">\n\t\t\t\t\t\t\t\t\t<h4>Resistente al \u00e1cido<\/h4>\nLa baja porosidad de Silestone evita que se da\u00f1e por manchas de \u00e1cido\t\t\t\t\t\t\t\t<\/div>\n\t\t\t\t<\/div>\n\t\t\t\t\t<\/div>\n\t\t<\/div>\n\t\t\t\t\t<\/div>\n\t\t<\/section>\n\t\t\t\t<\/div>\n\t\t","protected":false},"excerpt":{"rendered":"<p>Un tono fr\u00edo y limpio con acabado en alto brillo. Este color da a las habitaciones una sensaci\u00f3n de luminosidad y espacio.<\/p>\n<div class=\"mr-m\">\n<h3 class=\"h4 mb-s\">Technology<\/h3>\n<p><a href=\"https:\/\/www.cosentino.com\/es\/silestone\/hybriq-technology\/\"> <img decoding=\"async\" class=\"logo-hybriq entered lazyloaded\" src=\"https:\/\/www.cosentino.com\/es\/wp-content\/plugins\/CosentinoShowcase\/assets\/img\/logohybriQ+.svg\" alt=\"Hybriq+\" data-lazy-src=\"https:\/\/www.cosentino.com\/es\/wp-content\/plugins\/CosentinoShowcase\/views\/partials\/ficha-color\/..\/..\/..\/assets\/img\/logohybriQ+.svg\" data-ll-status=\"loaded\" \/> <\/a><\/div>\n<div>\n<h3 class=\"h4 mb-xs\">Certificados<\/h3>\n<div class=\"certificates\"><img loading=\"lazy\" decoding=\"async\" class=\"logo-epd mr-xs entered lazyloaded\" src=\"https:\/\/www.cosentino.com\/es\/wp-content\/plugins\/CosentinoShowcase\/assets\/img\/logo-epd.jpg\" alt=\"Environmental Product Declarations\" width=\"165\" height=\"41\" data-lazy-src=\"https:\/\/www.cosentino.com\/es\/wp-content\/plugins\/CosentinoShowcase\/views\/partials\/ficha-color\/..\/..\/..\/assets\/img\/logo-epd.jpg\" data-ll-status=\"loaded\" \/><\/div>\n<\/div>\n","protected":false},"featured_media":2542,"comment_status":"open","ping_status":"closed","template":"","meta":[],"product_brand":[],"product_cat":[90],"product_tag":[],"class_list":{"0":"post-2541","1":"product","2":"type-product","3":"status-publish","4":"has-post-thumbnail","6":"product_cat-silestone","8":"first","9":"instock","10":"shipping-taxable","11":"product-type-simple"},"yoast_head":"<!-- This site is optimized with the Yoast SEO plugin v26.1.1 - https:\/\/yoast.com\/wordpress\/plugins\/seo\/ -->\n<title>Silestone Stellar Blanco - Eurostone<\/title>\n<meta name=\"robots\" content=\"index, follow, max-snippet:-1, max-image-preview:large, max-video-preview:-1\" \/>\n<link rel=\"canonical\" href=\"https:\/\/eurostonepanama.com\/en\/producto\/silestone-stellar-blanco\/\" \/>\n<meta property=\"og:locale\" content=\"en_US\" \/>\n<meta property=\"og:type\" content=\"article\" \/>\n<meta property=\"og:title\" content=\"Silestone Stellar Blanco - Eurostone\" \/>\n<meta property=\"og:description\" content=\"Un tono fr\u00edo y limpio con acabado en alto brillo. Este color da a las habitaciones una sensaci\u00f3n de luminosidad y espacio.  Technology    Certificados\" \/>\n<meta property=\"og:url\" content=\"https:\/\/eurostonepanama.com\/en\/producto\/silestone-stellar-blanco\/\" \/>\n<meta property=\"og:site_name\" content=\"Eurostone\" \/>\n<meta property=\"article:modified_time\" content=\"2024-03-26T15:56:14+00:00\" \/>\n<meta property=\"og:image\" content=\"https:\/\/eurostonepanama.com\/wp-content\/uploads\/2024\/03\/stellar-silestone2.png\" \/>\n\t<meta property=\"og:image:width\" content=\"1000\" \/>\n\t<meta property=\"og:image:height\" content=\"1000\" \/>\n\t<meta property=\"og:image:type\" content=\"image\/png\" \/>\n<meta name=\"twitter:card\" content=\"summary_large_image\" \/>\n<meta name=\"twitter:label1\" content=\"Est. reading time\" \/>\n\t<meta name=\"twitter:data1\" content=\"1 minute\" \/>\n<script type=\"application\/ld+json\" class=\"yoast-schema-graph\">{\"@context\":\"https:\/\/schema.org\",\"@graph\":[{\"@type\":\"WebPage\",\"@id\":\"https:\/\/eurostonepanama.com\/en\/producto\/silestone-stellar-blanco\/\",\"url\":\"https:\/\/eurostonepanama.com\/en\/producto\/silestone-stellar-blanco\/\",\"name\":\"Silestone Stellar Blanco - Eurostone\",\"isPartOf\":{\"@id\":\"https:\/\/eurostonepanama.com\/en\/#website\"},\"primaryImageOfPage\":{\"@id\":\"https:\/\/eurostonepanama.com\/en\/producto\/silestone-stellar-blanco\/#primaryimage\"},\"image\":{\"@id\":\"https:\/\/eurostonepanama.com\/en\/producto\/silestone-stellar-blanco\/#primaryimage\"},\"thumbnailUrl\":\"https:\/\/eurostonepanama.com\/wp-content\/uploads\/2024\/03\/stellar-silestone2.png\",\"datePublished\":\"2024-03-26T14:08:09+00:00\",\"dateModified\":\"2024-03-26T15:56:14+00:00\",\"breadcrumb\":{\"@id\":\"https:\/\/eurostonepanama.com\/en\/producto\/silestone-stellar-blanco\/#breadcrumb\"},\"inLanguage\":\"en-US\",\"potentialAction\":[{\"@type\":\"ReadAction\",\"target\":[\"https:\/\/eurostonepanama.com\/en\/producto\/silestone-stellar-blanco\/\"]}]},{\"@type\":\"ImageObject\",\"inLanguage\":\"en-US\",\"@id\":\"https:\/\/eurostonepanama.com\/en\/producto\/silestone-stellar-blanco\/#primaryimage\",\"url\":\"https:\/\/eurostonepanama.com\/wp-content\/uploads\/2024\/03\/stellar-silestone2.png\",\"contentUrl\":\"https:\/\/eurostonepanama.com\/wp-content\/uploads\/2024\/03\/stellar-silestone2.png\",\"width\":1000,\"height\":1000},{\"@type\":\"BreadcrumbList\",\"@id\":\"https:\/\/eurostonepanama.com\/en\/producto\/silestone-stellar-blanco\/#breadcrumb\",\"itemListElement\":[{\"@type\":\"ListItem\",\"position\":1,\"name\":\"Portada\",\"item\":\"https:\/\/eurostonepanama.com\/en\/\"},{\"@type\":\"ListItem\",\"position\":2,\"name\":\"Productos\",\"item\":\"https:\/\/eurostonepanama.com\/tienda\/\"},{\"@type\":\"ListItem\",\"position\":3,\"name\":\"Silestone Stellar Blanco\"}]},{\"@type\":\"WebSite\",\"@id\":\"https:\/\/eurostonepanama.com\/en\/#website\",\"url\":\"https:\/\/eurostonepanama.com\/en\/\",\"name\":\"Eurostone\",\"description\":\"Expertos en pisos de M\u00e1rmol, porcelana, sobres y pisos\",\"potentialAction\":[{\"@type\":\"SearchAction\",\"target\":{\"@type\":\"EntryPoint\",\"urlTemplate\":\"https:\/\/eurostonepanama.com\/en\/?s={search_term_string}\"},\"query-input\":{\"@type\":\"PropertyValueSpecification\",\"valueRequired\":true,\"valueName\":\"search_term_string\"}}],\"inLanguage\":\"en-US\"}]}<\/script>\n<!-- \/ Yoast SEO plugin. -->","yoast_head_json":{"title":"Silestone Stellar Blanco - Eurostone","robots":{"index":"index","follow":"follow","max-snippet":"max-snippet:-1","max-image-preview":"max-image-preview:large","max-video-preview":"max-video-preview:-1"},"canonical":"https:\/\/eurostonepanama.com\/en\/producto\/silestone-stellar-blanco\/","og_locale":"en_US","og_type":"article","og_title":"Silestone Stellar Blanco - Eurostone","og_description":"Un tono fr\u00edo y limpio con acabado en alto brillo. Este color da a las habitaciones una sensaci\u00f3n de luminosidad y espacio.  Technology    Certificados","og_url":"https:\/\/eurostonepanama.com\/en\/producto\/silestone-stellar-blanco\/","og_site_name":"Eurostone","article_modified_time":"2024-03-26T15:56:14+00:00","og_image":[{"width":1000,"height":1000,"url":"https:\/\/eurostonepanama.com\/wp-content\/uploads\/2024\/03\/stellar-silestone2.png","type":"image\/png"}],"twitter_card":"summary_large_image","twitter_misc":{"Est. reading time":"1 minute"},"schema":{"@context":"https:\/\/schema.org","@graph":[{"@type":"WebPage","@id":"https:\/\/eurostonepanama.com\/en\/producto\/silestone-stellar-blanco\/","url":"https:\/\/eurostonepanama.com\/en\/producto\/silestone-stellar-blanco\/","name":"Silestone Stellar Blanco - Eurostone","isPartOf":{"@id":"https:\/\/eurostonepanama.com\/en\/#website"},"primaryImageOfPage":{"@id":"https:\/\/eurostonepanama.com\/en\/producto\/silestone-stellar-blanco\/#primaryimage"},"image":{"@id":"https:\/\/eurostonepanama.com\/en\/producto\/silestone-stellar-blanco\/#primaryimage"},"thumbnailUrl":"https:\/\/eurostonepanama.com\/wp-content\/uploads\/2024\/03\/stellar-silestone2.png","datePublished":"2024-03-26T14:08:09+00:00","dateModified":"2024-03-26T15:56:14+00:00","breadcrumb":{"@id":"https:\/\/eurostonepanama.com\/en\/producto\/silestone-stellar-blanco\/#breadcrumb"},"inLanguage":"en-US","potentialAction":[{"@type":"ReadAction","target":["https:\/\/eurostonepanama.com\/en\/producto\/silestone-stellar-blanco\/"]}]},{"@type":"ImageObject","inLanguage":"en-US","@id":"https:\/\/eurostonepanama.com\/en\/producto\/silestone-stellar-blanco\/#primaryimage","url":"https:\/\/eurostonepanama.com\/wp-content\/uploads\/2024\/03\/stellar-silestone2.png","contentUrl":"https:\/\/eurostonepanama.com\/wp-content\/uploads\/2024\/03\/stellar-silestone2.png","width":1000,"height":1000},{"@type":"BreadcrumbList","@id":"https:\/\/eurostonepanama.com\/en\/producto\/silestone-stellar-blanco\/#breadcrumb","itemListElement":[{"@type":"ListItem","position":1,"name":"Portada","item":"https:\/\/eurostonepanama.com\/en\/"},{"@type":"ListItem","position":2,"name":"Productos","item":"https:\/\/eurostonepanama.com\/tienda\/"},{"@type":"ListItem","position":3,"name":"Silestone Stellar Blanco"}]},{"@type":"WebSite","@id":"https:\/\/eurostonepanama.com\/en\/#website","url":"https:\/\/eurostonepanama.com\/en\/","name":"Eurostone","description":"Expertos en pisos de M\u00e1rmol, porcelana, sobres y pisos","potentialAction":[{"@type":"SearchAction","target":{"@type":"EntryPoint","urlTemplate":"https:\/\/eurostonepanama.com\/en\/?s={search_term_string}"},"query-input":{"@type":"PropertyValueSpecification","valueRequired":true,"valueName":"search_term_string"}}],"inLanguage":"en-US"}]}},"_links":{"self":[{"href":"https:\/\/eurostonepanama.com\/en\/wp-json\/wp\/v2\/product\/2541","targetHints":{"allow":["GET"]}}],"collection":[{"href":"https:\/\/eurostonepanama.com\/en\/wp-json\/wp\/v2\/product"}],"about":[{"href":"https:\/\/eurostonepanama.com\/en\/wp-json\/wp\/v2\/types\/product"}],"replies":[{"embeddable":true,"href":"https:\/\/eurostonepanama.com\/en\/wp-json\/wp\/v2\/comments?post=2541"}],"version-history":[{"count":4,"href":"https:\/\/eurostonepanama.com\/en\/wp-json\/wp\/v2\/product\/2541\/revisions"}],"predecessor-version":[{"id":2558,"href":"https:\/\/eurostonepanama.com\/en\/wp-json\/wp\/v2\/product\/2541\/revisions\/2558"}],"wp:featuredmedia":[{"embeddable":true,"href":"https:\/\/eurostonepanama.com\/en\/wp-json\/wp\/v2\/media\/2542"}],"wp:attachment":[{"href":"https:\/\/eurostonepanama.com\/en\/wp-json\/wp\/v2\/media?parent=2541"}],"wp:term":[{"taxonomy":"product_brand","embeddable":true,"href":"https:\/\/eurostonepanama.com\/en\/wp-json\/wp\/v2\/product_brand?post=2541"},{"taxonomy":"product_cat","embeddable":true,"href":"https:\/\/eurostonepanama.com\/en\/wp-json\/wp\/v2\/product_cat?post=2541"},{"taxonomy":"product_tag","embeddable":true,"href":"https:\/\/eurostonepanama.com\/en\/wp-json\/wp\/v2\/product_tag?post=2541"}],"curies":[{"name":"wp","href":"https:\/\/api.w.org\/{rel}","templated":true}]}}