{"id":2422,"date":"2023-12-05T17:45:40","date_gmt":"2023-12-05T22:45:40","guid":{"rendered":"https:\/\/www.eurostone-atelier.com\/?post_type=product&#038;p=2422"},"modified":"2024-04-23T10:38:04","modified_gmt":"2024-04-23T15:38:04","slug":"marmol-galala-select-tiles-honed","status":"publish","type":"product","link":"https:\/\/eurostonepanama.com\/en\/producto\/marmol-galala-select-tiles-honed\/","title":{"rendered":"Marmol Galala Select Tiles Honed"},"content":{"rendered":"","protected":false},"excerpt":{"rendered":"<p>Los m\u00e1rmoles, canteras, granitos, pizarras y dem\u00e1s piedras, por ser productos naturales est\u00e1n sujetos a variaciones de color, matiz, textura, vetas, relices, fisuras y cristalizaciones, caracter\u00edsticas propias de los recubrimientos p\u00e9treos<\/p>\n","protected":false},"featured_media":2423,"comment_status":"open","ping_status":"closed","template":"","meta":[],"product_brand":[],"product_cat":[116,114],"product_tag":[],"class_list":{"0":"post-2422","1":"product","2":"type-product","3":"status-publish","4":"has-post-thumbnail","6":"product_cat-brushed","7":"product_cat-marmol","9":"first","10":"instock","11":"shipping-taxable","12":"product-type-simple"},"yoast_head":"<!-- This site is optimized with the Yoast SEO plugin v26.1.1 - https:\/\/yoast.com\/wordpress\/plugins\/seo\/ -->\n<title>Marmol Galala Select Tiles Honed - Eurostone<\/title>\n<meta name=\"robots\" content=\"index, follow, max-snippet:-1, max-image-preview:large, max-video-preview:-1\" \/>\n<link rel=\"canonical\" href=\"https:\/\/eurostonepanama.com\/en\/producto\/marmol-galala-select-tiles-honed\/\" \/>\n<meta property=\"og:locale\" content=\"en_US\" \/>\n<meta property=\"og:type\" content=\"article\" \/>\n<meta property=\"og:title\" content=\"Marmol Galala Select Tiles Honed - Eurostone\" \/>\n<meta property=\"og:description\" content=\"Los m\u00e1rmoles, canteras, granitos, pizarras y dem\u00e1s piedras, por ser productos naturales est\u00e1n sujetos a variaciones de color, matiz, textura, vetas, relices, fisuras y cristalizaciones, caracter\u00edsticas propias de los recubrimientos p\u00e9treos\" \/>\n<meta property=\"og:url\" content=\"https:\/\/eurostonepanama.com\/en\/producto\/marmol-galala-select-tiles-honed\/\" \/>\n<meta property=\"og:site_name\" content=\"Eurostone\" \/>\n<meta property=\"article:modified_time\" content=\"2024-04-23T15:38:04+00:00\" \/>\n<meta property=\"og:image\" content=\"https:\/\/eurostonepanama.com\/wp-content\/uploads\/2023\/12\/marmol-galala.png\" \/>\n\t<meta property=\"og:image:width\" content=\"1000\" \/>\n\t<meta property=\"og:image:height\" content=\"1100\" \/>\n\t<meta property=\"og:image:type\" content=\"image\/png\" \/>\n<meta name=\"twitter:card\" content=\"summary_large_image\" \/>\n<script type=\"application\/ld+json\" class=\"yoast-schema-graph\">{\"@context\":\"https:\/\/schema.org\",\"@graph\":[{\"@type\":\"WebPage\",\"@id\":\"https:\/\/eurostonepanama.com\/en\/producto\/marmol-galala-select-tiles-honed\/\",\"url\":\"https:\/\/eurostonepanama.com\/en\/producto\/marmol-galala-select-tiles-honed\/\",\"name\":\"Marmol Galala Select Tiles Honed - Eurostone\",\"isPartOf\":{\"@id\":\"https:\/\/eurostonepanama.com\/en\/#website\"},\"primaryImageOfPage\":{\"@id\":\"https:\/\/eurostonepanama.com\/en\/producto\/marmol-galala-select-tiles-honed\/#primaryimage\"},\"image\":{\"@id\":\"https:\/\/eurostonepanama.com\/en\/producto\/marmol-galala-select-tiles-honed\/#primaryimage\"},\"thumbnailUrl\":\"https:\/\/eurostonepanama.com\/wp-content\/uploads\/2023\/12\/marmol-galala.png\",\"datePublished\":\"2023-12-05T22:45:40+00:00\",\"dateModified\":\"2024-04-23T15:38:04+00:00\",\"breadcrumb\":{\"@id\":\"https:\/\/eurostonepanama.com\/en\/producto\/marmol-galala-select-tiles-honed\/#breadcrumb\"},\"inLanguage\":\"en-US\",\"potentialAction\":[{\"@type\":\"ReadAction\",\"target\":[\"https:\/\/eurostonepanama.com\/en\/producto\/marmol-galala-select-tiles-honed\/\"]}]},{\"@type\":\"ImageObject\",\"inLanguage\":\"en-US\",\"@id\":\"https:\/\/eurostonepanama.com\/en\/producto\/marmol-galala-select-tiles-honed\/#primaryimage\",\"url\":\"https:\/\/eurostonepanama.com\/wp-content\/uploads\/2023\/12\/marmol-galala.png\",\"contentUrl\":\"https:\/\/eurostonepanama.com\/wp-content\/uploads\/2023\/12\/marmol-galala.png\",\"width\":1000,\"height\":1100},{\"@type\":\"BreadcrumbList\",\"@id\":\"https:\/\/eurostonepanama.com\/en\/producto\/marmol-galala-select-tiles-honed\/#breadcrumb\",\"itemListElement\":[{\"@type\":\"ListItem\",\"position\":1,\"name\":\"Portada\",\"item\":\"https:\/\/eurostonepanama.com\/en\/\"},{\"@type\":\"ListItem\",\"position\":2,\"name\":\"Productos\",\"item\":\"https:\/\/eurostonepanama.com\/tienda\/\"},{\"@type\":\"ListItem\",\"position\":3,\"name\":\"Marmol Galala Select Tiles Honed\"}]},{\"@type\":\"WebSite\",\"@id\":\"https:\/\/eurostonepanama.com\/en\/#website\",\"url\":\"https:\/\/eurostonepanama.com\/en\/\",\"name\":\"Eurostone\",\"description\":\"Expertos en pisos de M\u00e1rmol, porcelana, sobres y pisos\",\"potentialAction\":[{\"@type\":\"SearchAction\",\"target\":{\"@type\":\"EntryPoint\",\"urlTemplate\":\"https:\/\/eurostonepanama.com\/en\/?s={search_term_string}\"},\"query-input\":{\"@type\":\"PropertyValueSpecification\",\"valueRequired\":true,\"valueName\":\"search_term_string\"}}],\"inLanguage\":\"en-US\"}]}<\/script>\n<!-- \/ Yoast SEO plugin. -->","yoast_head_json":{"title":"Marmol Galala Select Tiles Honed - Eurostone","robots":{"index":"index","follow":"follow","max-snippet":"max-snippet:-1","max-image-preview":"max-image-preview:large","max-video-preview":"max-video-preview:-1"},"canonical":"https:\/\/eurostonepanama.com\/en\/producto\/marmol-galala-select-tiles-honed\/","og_locale":"en_US","og_type":"article","og_title":"Marmol Galala Select Tiles Honed - Eurostone","og_description":"Los m\u00e1rmoles, canteras, granitos, pizarras y dem\u00e1s piedras, por ser productos naturales est\u00e1n sujetos a variaciones de color, matiz, textura, vetas, relices, fisuras y cristalizaciones, caracter\u00edsticas propias de los recubrimientos p\u00e9treos","og_url":"https:\/\/eurostonepanama.com\/en\/producto\/marmol-galala-select-tiles-honed\/","og_site_name":"Eurostone","article_modified_time":"2024-04-23T15:38:04+00:00","og_image":[{"width":1000,"height":1100,"url":"https:\/\/eurostonepanama.com\/wp-content\/uploads\/2023\/12\/marmol-galala.png","type":"image\/png"}],"twitter_card":"summary_large_image","schema":{"@context":"https:\/\/schema.org","@graph":[{"@type":"WebPage","@id":"https:\/\/eurostonepanama.com\/en\/producto\/marmol-galala-select-tiles-honed\/","url":"https:\/\/eurostonepanama.com\/en\/producto\/marmol-galala-select-tiles-honed\/","name":"Marmol Galala Select Tiles Honed - Eurostone","isPartOf":{"@id":"https:\/\/eurostonepanama.com\/en\/#website"},"primaryImageOfPage":{"@id":"https:\/\/eurostonepanama.com\/en\/producto\/marmol-galala-select-tiles-honed\/#primaryimage"},"image":{"@id":"https:\/\/eurostonepanama.com\/en\/producto\/marmol-galala-select-tiles-honed\/#primaryimage"},"thumbnailUrl":"https:\/\/eurostonepanama.com\/wp-content\/uploads\/2023\/12\/marmol-galala.png","datePublished":"2023-12-05T22:45:40+00:00","dateModified":"2024-04-23T15:38:04+00:00","breadcrumb":{"@id":"https:\/\/eurostonepanama.com\/en\/producto\/marmol-galala-select-tiles-honed\/#breadcrumb"},"inLanguage":"en-US","potentialAction":[{"@type":"ReadAction","target":["https:\/\/eurostonepanama.com\/en\/producto\/marmol-galala-select-tiles-honed\/"]}]},{"@type":"ImageObject","inLanguage":"en-US","@id":"https:\/\/eurostonepanama.com\/en\/producto\/marmol-galala-select-tiles-honed\/#primaryimage","url":"https:\/\/eurostonepanama.com\/wp-content\/uploads\/2023\/12\/marmol-galala.png","contentUrl":"https:\/\/eurostonepanama.com\/wp-content\/uploads\/2023\/12\/marmol-galala.png","width":1000,"height":1100},{"@type":"BreadcrumbList","@id":"https:\/\/eurostonepanama.com\/en\/producto\/marmol-galala-select-tiles-honed\/#breadcrumb","itemListElement":[{"@type":"ListItem","position":1,"name":"Portada","item":"https:\/\/eurostonepanama.com\/en\/"},{"@type":"ListItem","position":2,"name":"Productos","item":"https:\/\/eurostonepanama.com\/tienda\/"},{"@type":"ListItem","position":3,"name":"Marmol Galala Select Tiles Honed"}]},{"@type":"WebSite","@id":"https:\/\/eurostonepanama.com\/en\/#website","url":"https:\/\/eurostonepanama.com\/en\/","name":"Eurostone","description":"Expertos en pisos de M\u00e1rmol, porcelana, sobres y pisos","potentialAction":[{"@type":"SearchAction","target":{"@type":"EntryPoint","urlTemplate":"https:\/\/eurostonepanama.com\/en\/?s={search_term_string}"},"query-input":{"@type":"PropertyValueSpecification","valueRequired":true,"valueName":"search_term_string"}}],"inLanguage":"en-US"}]}},"_links":{"self":[{"href":"https:\/\/eurostonepanama.com\/en\/wp-json\/wp\/v2\/product\/2422","targetHints":{"allow":["GET"]}}],"collection":[{"href":"https:\/\/eurostonepanama.com\/en\/wp-json\/wp\/v2\/product"}],"about":[{"href":"https:\/\/eurostonepanama.com\/en\/wp-json\/wp\/v2\/types\/product"}],"replies":[{"embeddable":true,"href":"https:\/\/eurostonepanama.com\/en\/wp-json\/wp\/v2\/comments?post=2422"}],"version-history":[{"count":4,"href":"https:\/\/eurostonepanama.com\/en\/wp-json\/wp\/v2\/product\/2422\/revisions"}],"predecessor-version":[{"id":3015,"href":"https:\/\/eurostonepanama.com\/en\/wp-json\/wp\/v2\/product\/2422\/revisions\/3015"}],"wp:featuredmedia":[{"embeddable":true,"href":"https:\/\/eurostonepanama.com\/en\/wp-json\/wp\/v2\/media\/2423"}],"wp:attachment":[{"href":"https:\/\/eurostonepanama.com\/en\/wp-json\/wp\/v2\/media?parent=2422"}],"wp:term":[{"taxonomy":"product_brand","embeddable":true,"href":"https:\/\/eurostonepanama.com\/en\/wp-json\/wp\/v2\/product_brand?post=2422"},{"taxonomy":"product_cat","embeddable":true,"href":"https:\/\/eurostonepanama.com\/en\/wp-json\/wp\/v2\/product_cat?post=2422"},{"taxonomy":"product_tag","embeddable":true,"href":"https:\/\/eurostonepanama.com\/en\/wp-json\/wp\/v2\/product_tag?post=2422"}],"curies":[{"name":"wp","href":"https:\/\/api.w.org\/{rel}","templated":true}]}}