{"id":2417,"date":"2023-12-05T17:39:12","date_gmt":"2023-12-05T22:39:12","guid":{"rendered":"https:\/\/www.eurostone-atelier.com\/?post_type=product&#038;p=2417"},"modified":"2024-04-23T10:38:15","modified_gmt":"2024-04-23T15:38:15","slug":"marmol-royal-bushhammered-brushed","status":"publish","type":"product","link":"https:\/\/eurostonepanama.com\/en\/producto\/marmol-royal-bushhammered-brushed\/","title":{"rendered":"Marmol Royal Bushhammered &#038; Brushed"},"content":{"rendered":"<table>\n<tbody>\n<tr>\n<td>PETROGRAPHIC CLASIFICATION<\/td>\n<td>Doloesparite<\/td>\n<\/tr>\n<tr>\n<td>ABSORTION COEFICIENT<\/td>\n<td>0,74%<\/td>\n<\/tr>\n<tr>\n<td>APARENT SPECIFIC WEIGHT<\/td>\n<td>2,73 g\/cm3<\/td>\n<\/tr>\n<tr>\n<td>POROSITY<\/td>\n<td>2,00%<\/td>\n<\/tr>\n<tr>\n<td>FROZEN RESISTANCE<\/td>\n<td>0,03%<\/td>\n<\/tr>\n<tr>\n<td>COMPRESSION RESISTANCE<\/td>\n<td>110,6 MPa<\/td>\n<\/tr>\n<tr>\n<td>FLEXION RESISTANCE<\/td>\n<td>9,1 MPa<\/td>\n<\/tr>\n<tr>\n<td>KNOOP HARDNESS<\/td>\n<td>3584,3 MPa<\/td>\n<\/tr>\n<tr>\n<td>IMPACT RESISTANCE<\/td>\n<td>23,0 cm<\/td>\n<\/tr>\n<tr>\n<td>TERMIC RESISTANCE<\/td>\n<td>0,01%<\/td>\n<\/tr>\n<\/tbody>\n<\/table>\n","protected":false},"excerpt":{"rendered":"<p>Roca marm\u00f3rea compacta y de grano peque\u00f1o. Presenta vetas irregulares y su color es marr\u00f3n claro. Admite cualquier acabado superficial, pulido, abujardado, apomazado, envejecido, etc&#8230; El sistema de extracci\u00f3n se basa en grandes bancos de piedra por lo que los bloques son de tama\u00f1os medianos a grandes. Las reservas de este material son muy elevadas.<\/p>\n","protected":false},"featured_media":2418,"comment_status":"open","ping_status":"closed","template":"","meta":[],"product_brand":[],"product_cat":[117,114],"product_tag":[],"class_list":{"0":"post-2417","1":"product","2":"type-product","3":"status-publish","4":"has-post-thumbnail","6":"product_cat-bushhammered-brushed","7":"product_cat-marmol","9":"first","10":"instock","11":"shipping-taxable","12":"product-type-simple"},"yoast_head":"<!-- This site is optimized with the Yoast SEO plugin v26.1.1 - https:\/\/yoast.com\/wordpress\/plugins\/seo\/ -->\n<title>Marmol Royal Bushhammered &amp; Brushed - Eurostone<\/title>\n<meta name=\"robots\" content=\"index, follow, max-snippet:-1, max-image-preview:large, max-video-preview:-1\" \/>\n<link rel=\"canonical\" href=\"https:\/\/eurostonepanama.com\/en\/producto\/marmol-royal-bushhammered-brushed\/\" \/>\n<meta property=\"og:locale\" content=\"en_US\" \/>\n<meta property=\"og:type\" content=\"article\" \/>\n<meta property=\"og:title\" content=\"Marmol Royal Bushhammered &amp; Brushed - Eurostone\" \/>\n<meta property=\"og:description\" content=\"Roca marm\u00f3rea compacta y de grano peque\u00f1o. Presenta vetas irregulares y su color es marr\u00f3n claro. Admite cualquier acabado superficial, pulido, abujardado, apomazado, envejecido, etc... El sistema de extracci\u00f3n se basa en grandes bancos de piedra por lo que los bloques son de tama\u00f1os medianos a grandes. Las reservas de este material son muy elevadas.\" \/>\n<meta property=\"og:url\" content=\"https:\/\/eurostonepanama.com\/en\/producto\/marmol-royal-bushhammered-brushed\/\" \/>\n<meta property=\"og:site_name\" content=\"Eurostone\" \/>\n<meta property=\"article:modified_time\" content=\"2024-04-23T15:38:15+00:00\" \/>\n<meta property=\"og:image\" content=\"https:\/\/eurostonepanama.com\/wp-content\/uploads\/2023\/12\/bush.png\" \/>\n\t<meta property=\"og:image:width\" content=\"1000\" \/>\n\t<meta property=\"og:image:height\" content=\"1100\" \/>\n\t<meta property=\"og:image:type\" content=\"image\/png\" \/>\n<meta name=\"twitter:card\" content=\"summary_large_image\" \/>\n<script type=\"application\/ld+json\" class=\"yoast-schema-graph\">{\"@context\":\"https:\/\/schema.org\",\"@graph\":[{\"@type\":\"WebPage\",\"@id\":\"https:\/\/eurostonepanama.com\/en\/producto\/marmol-royal-bushhammered-brushed\/\",\"url\":\"https:\/\/eurostonepanama.com\/en\/producto\/marmol-royal-bushhammered-brushed\/\",\"name\":\"Marmol Royal Bushhammered & Brushed - Eurostone\",\"isPartOf\":{\"@id\":\"https:\/\/eurostonepanama.com\/en\/#website\"},\"primaryImageOfPage\":{\"@id\":\"https:\/\/eurostonepanama.com\/en\/producto\/marmol-royal-bushhammered-brushed\/#primaryimage\"},\"image\":{\"@id\":\"https:\/\/eurostonepanama.com\/en\/producto\/marmol-royal-bushhammered-brushed\/#primaryimage\"},\"thumbnailUrl\":\"https:\/\/eurostonepanama.com\/wp-content\/uploads\/2023\/12\/bush.png\",\"datePublished\":\"2023-12-05T22:39:12+00:00\",\"dateModified\":\"2024-04-23T15:38:15+00:00\",\"breadcrumb\":{\"@id\":\"https:\/\/eurostonepanama.com\/en\/producto\/marmol-royal-bushhammered-brushed\/#breadcrumb\"},\"inLanguage\":\"en-US\",\"potentialAction\":[{\"@type\":\"ReadAction\",\"target\":[\"https:\/\/eurostonepanama.com\/en\/producto\/marmol-royal-bushhammered-brushed\/\"]}]},{\"@type\":\"ImageObject\",\"inLanguage\":\"en-US\",\"@id\":\"https:\/\/eurostonepanama.com\/en\/producto\/marmol-royal-bushhammered-brushed\/#primaryimage\",\"url\":\"https:\/\/eurostonepanama.com\/wp-content\/uploads\/2023\/12\/bush.png\",\"contentUrl\":\"https:\/\/eurostonepanama.com\/wp-content\/uploads\/2023\/12\/bush.png\",\"width\":1000,\"height\":1100},{\"@type\":\"BreadcrumbList\",\"@id\":\"https:\/\/eurostonepanama.com\/en\/producto\/marmol-royal-bushhammered-brushed\/#breadcrumb\",\"itemListElement\":[{\"@type\":\"ListItem\",\"position\":1,\"name\":\"Portada\",\"item\":\"https:\/\/eurostonepanama.com\/en\/\"},{\"@type\":\"ListItem\",\"position\":2,\"name\":\"Productos\",\"item\":\"https:\/\/eurostonepanama.com\/tienda\/\"},{\"@type\":\"ListItem\",\"position\":3,\"name\":\"Marmol Royal Bushhammered &#038; Brushed\"}]},{\"@type\":\"WebSite\",\"@id\":\"https:\/\/eurostonepanama.com\/en\/#website\",\"url\":\"https:\/\/eurostonepanama.com\/en\/\",\"name\":\"Eurostone\",\"description\":\"Expertos en pisos de M\u00e1rmol, porcelana, sobres y pisos\",\"potentialAction\":[{\"@type\":\"SearchAction\",\"target\":{\"@type\":\"EntryPoint\",\"urlTemplate\":\"https:\/\/eurostonepanama.com\/en\/?s={search_term_string}\"},\"query-input\":{\"@type\":\"PropertyValueSpecification\",\"valueRequired\":true,\"valueName\":\"search_term_string\"}}],\"inLanguage\":\"en-US\"}]}<\/script>\n<!-- \/ Yoast SEO plugin. -->","yoast_head_json":{"title":"Marmol Royal Bushhammered & Brushed - Eurostone","robots":{"index":"index","follow":"follow","max-snippet":"max-snippet:-1","max-image-preview":"max-image-preview:large","max-video-preview":"max-video-preview:-1"},"canonical":"https:\/\/eurostonepanama.com\/en\/producto\/marmol-royal-bushhammered-brushed\/","og_locale":"en_US","og_type":"article","og_title":"Marmol Royal Bushhammered & Brushed - Eurostone","og_description":"Roca marm\u00f3rea compacta y de grano peque\u00f1o. Presenta vetas irregulares y su color es marr\u00f3n claro. Admite cualquier acabado superficial, pulido, abujardado, apomazado, envejecido, etc... El sistema de extracci\u00f3n se basa en grandes bancos de piedra por lo que los bloques son de tama\u00f1os medianos a grandes. Las reservas de este material son muy elevadas.","og_url":"https:\/\/eurostonepanama.com\/en\/producto\/marmol-royal-bushhammered-brushed\/","og_site_name":"Eurostone","article_modified_time":"2024-04-23T15:38:15+00:00","og_image":[{"width":1000,"height":1100,"url":"https:\/\/eurostonepanama.com\/wp-content\/uploads\/2023\/12\/bush.png","type":"image\/png"}],"twitter_card":"summary_large_image","schema":{"@context":"https:\/\/schema.org","@graph":[{"@type":"WebPage","@id":"https:\/\/eurostonepanama.com\/en\/producto\/marmol-royal-bushhammered-brushed\/","url":"https:\/\/eurostonepanama.com\/en\/producto\/marmol-royal-bushhammered-brushed\/","name":"Marmol Royal Bushhammered & Brushed - Eurostone","isPartOf":{"@id":"https:\/\/eurostonepanama.com\/en\/#website"},"primaryImageOfPage":{"@id":"https:\/\/eurostonepanama.com\/en\/producto\/marmol-royal-bushhammered-brushed\/#primaryimage"},"image":{"@id":"https:\/\/eurostonepanama.com\/en\/producto\/marmol-royal-bushhammered-brushed\/#primaryimage"},"thumbnailUrl":"https:\/\/eurostonepanama.com\/wp-content\/uploads\/2023\/12\/bush.png","datePublished":"2023-12-05T22:39:12+00:00","dateModified":"2024-04-23T15:38:15+00:00","breadcrumb":{"@id":"https:\/\/eurostonepanama.com\/en\/producto\/marmol-royal-bushhammered-brushed\/#breadcrumb"},"inLanguage":"en-US","potentialAction":[{"@type":"ReadAction","target":["https:\/\/eurostonepanama.com\/en\/producto\/marmol-royal-bushhammered-brushed\/"]}]},{"@type":"ImageObject","inLanguage":"en-US","@id":"https:\/\/eurostonepanama.com\/en\/producto\/marmol-royal-bushhammered-brushed\/#primaryimage","url":"https:\/\/eurostonepanama.com\/wp-content\/uploads\/2023\/12\/bush.png","contentUrl":"https:\/\/eurostonepanama.com\/wp-content\/uploads\/2023\/12\/bush.png","width":1000,"height":1100},{"@type":"BreadcrumbList","@id":"https:\/\/eurostonepanama.com\/en\/producto\/marmol-royal-bushhammered-brushed\/#breadcrumb","itemListElement":[{"@type":"ListItem","position":1,"name":"Portada","item":"https:\/\/eurostonepanama.com\/en\/"},{"@type":"ListItem","position":2,"name":"Productos","item":"https:\/\/eurostonepanama.com\/tienda\/"},{"@type":"ListItem","position":3,"name":"Marmol Royal Bushhammered &#038; Brushed"}]},{"@type":"WebSite","@id":"https:\/\/eurostonepanama.com\/en\/#website","url":"https:\/\/eurostonepanama.com\/en\/","name":"Eurostone","description":"Expertos en pisos de M\u00e1rmol, porcelana, sobres y pisos","potentialAction":[{"@type":"SearchAction","target":{"@type":"EntryPoint","urlTemplate":"https:\/\/eurostonepanama.com\/en\/?s={search_term_string}"},"query-input":{"@type":"PropertyValueSpecification","valueRequired":true,"valueName":"search_term_string"}}],"inLanguage":"en-US"}]}},"_links":{"self":[{"href":"https:\/\/eurostonepanama.com\/en\/wp-json\/wp\/v2\/product\/2417","targetHints":{"allow":["GET"]}}],"collection":[{"href":"https:\/\/eurostonepanama.com\/en\/wp-json\/wp\/v2\/product"}],"about":[{"href":"https:\/\/eurostonepanama.com\/en\/wp-json\/wp\/v2\/types\/product"}],"replies":[{"embeddable":true,"href":"https:\/\/eurostonepanama.com\/en\/wp-json\/wp\/v2\/comments?post=2417"}],"version-history":[{"count":3,"href":"https:\/\/eurostonepanama.com\/en\/wp-json\/wp\/v2\/product\/2417\/revisions"}],"predecessor-version":[{"id":3016,"href":"https:\/\/eurostonepanama.com\/en\/wp-json\/wp\/v2\/product\/2417\/revisions\/3016"}],"wp:featuredmedia":[{"embeddable":true,"href":"https:\/\/eurostonepanama.com\/en\/wp-json\/wp\/v2\/media\/2418"}],"wp:attachment":[{"href":"https:\/\/eurostonepanama.com\/en\/wp-json\/wp\/v2\/media?parent=2417"}],"wp:term":[{"taxonomy":"product_brand","embeddable":true,"href":"https:\/\/eurostonepanama.com\/en\/wp-json\/wp\/v2\/product_brand?post=2417"},{"taxonomy":"product_cat","embeddable":true,"href":"https:\/\/eurostonepanama.com\/en\/wp-json\/wp\/v2\/product_cat?post=2417"},{"taxonomy":"product_tag","embeddable":true,"href":"https:\/\/eurostonepanama.com\/en\/wp-json\/wp\/v2\/product_tag?post=2417"}],"curies":[{"name":"wp","href":"https:\/\/api.w.org\/{rel}","templated":true}]}}