{"id":2371,"date":"2023-12-05T14:33:37","date_gmt":"2023-12-05T19:33:37","guid":{"rendered":"https:\/\/www.eurostone-atelier.com\/?post_type=product&#038;p=2371"},"modified":"2024-04-23T22:51:12","modified_gmt":"2024-04-24T03:51:12","slug":"porcelanato-quarzita-beige-rako","status":"publish","type":"product","link":"https:\/\/eurostonepanama.com\/en\/producto\/porcelanato-quarzita-beige-rako\/","title":{"rendered":"Porcelanato Quarzita Beige Rako"},"content":{"rendered":"<table border=\"1\">\n<tbody>\n<tr>\n<td>Formato<\/td>\n<td>29x59cm<\/td>\n<\/tr>\n<tr>\n<td>Acabado<\/td>\n<td>Antideslizante<\/td>\n<\/tr>\n<tr>\n<td>Aplicaci\u00f3n<\/td>\n<td>Piso<\/td>\n<\/tr>\n<tr>\n<td>Uso<\/td>\n<td>Exterior<\/td>\n<\/tr>\n<tr>\n<td>Concepto<\/td>\n<td>Exterior Antideslizante<\/td>\n<\/tr>\n<tr>\n<td>Borde<\/td>\n<td>Rectificado<\/td>\n<\/tr>\n<tr>\n<td>Variaci\u00f3n Gr\u00e1fica<\/td>\n<td>V1<\/td>\n<\/tr>\n<tr>\n<td>Pa\u00eds de Procedencia<\/td>\n<td>Ecuador<\/td>\n<\/tr>\n<\/tbody>\n<\/table>\n","protected":false},"excerpt":{"rendered":"<p>Dimensiones: 90 \u00d7 90 \u00d7 1 cm<br \/>\nTextura: Satinado<br \/>\nAplicaci\u00f3n: Paredes Interiores, Pisos Interiores<br \/>\nTerminaci\u00f3n: Rectificado<br \/>\nUnidades por caja: 2<br \/>\nVariaci\u00f3n de Tono: 5<\/p>\n","protected":false},"featured_media":3069,"comment_status":"open","ping_status":"closed","template":"","meta":[],"product_brand":[],"product_cat":[98,101],"product_tag":[],"class_list":{"0":"post-2371","1":"product","2":"type-product","3":"status-publish","4":"has-post-thumbnail","6":"product_cat-porcelanato","7":"product_cat-tipo-madera","9":"first","10":"instock","11":"shipping-taxable","12":"product-type-simple"},"yoast_head":"<!-- This site is optimized with the Yoast SEO plugin v26.1.1 - https:\/\/yoast.com\/wordpress\/plugins\/seo\/ -->\n<title>Porcelanato Quarzita Beige Rako - Eurostone<\/title>\n<meta name=\"robots\" content=\"index, follow, max-snippet:-1, max-image-preview:large, max-video-preview:-1\" \/>\n<link rel=\"canonical\" href=\"https:\/\/eurostonepanama.com\/en\/producto\/porcelanato-quarzita-beige-rako\/\" \/>\n<meta property=\"og:locale\" content=\"en_US\" \/>\n<meta property=\"og:type\" content=\"article\" \/>\n<meta property=\"og:title\" content=\"Porcelanato Quarzita Beige Rako - Eurostone\" \/>\n<meta property=\"og:description\" content=\"Dimensiones: 90 \u00d7 90 \u00d7 1 cm Textura: Satinado Aplicaci\u00f3n: Paredes Interiores, Pisos Interiores Terminaci\u00f3n: Rectificado Unidades por caja: 2 Variaci\u00f3n de Tono: 5\" \/>\n<meta property=\"og:url\" content=\"https:\/\/eurostonepanama.com\/en\/producto\/porcelanato-quarzita-beige-rako\/\" \/>\n<meta property=\"og:site_name\" content=\"Eurostone\" \/>\n<meta property=\"article:modified_time\" content=\"2024-04-24T03:51:12+00:00\" \/>\n<meta property=\"og:image\" content=\"https:\/\/eurostonepanama.com\/wp-content\/uploads\/2023\/12\/porcelanato-quarzita-beige-rako.webp\" \/>\n\t<meta property=\"og:image:width\" content=\"1000\" \/>\n\t<meta property=\"og:image:height\" content=\"1000\" \/>\n\t<meta property=\"og:image:type\" content=\"image\/webp\" \/>\n<meta name=\"twitter:card\" content=\"summary_large_image\" \/>\n<script type=\"application\/ld+json\" class=\"yoast-schema-graph\">{\"@context\":\"https:\/\/schema.org\",\"@graph\":[{\"@type\":\"WebPage\",\"@id\":\"https:\/\/eurostonepanama.com\/en\/producto\/porcelanato-quarzita-beige-rako\/\",\"url\":\"https:\/\/eurostonepanama.com\/en\/producto\/porcelanato-quarzita-beige-rako\/\",\"name\":\"Porcelanato Quarzita Beige Rako - Eurostone\",\"isPartOf\":{\"@id\":\"https:\/\/eurostonepanama.com\/en\/#website\"},\"primaryImageOfPage\":{\"@id\":\"https:\/\/eurostonepanama.com\/en\/producto\/porcelanato-quarzita-beige-rako\/#primaryimage\"},\"image\":{\"@id\":\"https:\/\/eurostonepanama.com\/en\/producto\/porcelanato-quarzita-beige-rako\/#primaryimage\"},\"thumbnailUrl\":\"https:\/\/eurostonepanama.com\/wp-content\/uploads\/2023\/12\/porcelanato-quarzita-beige-rako.webp\",\"datePublished\":\"2023-12-05T19:33:37+00:00\",\"dateModified\":\"2024-04-24T03:51:12+00:00\",\"breadcrumb\":{\"@id\":\"https:\/\/eurostonepanama.com\/en\/producto\/porcelanato-quarzita-beige-rako\/#breadcrumb\"},\"inLanguage\":\"en-US\",\"potentialAction\":[{\"@type\":\"ReadAction\",\"target\":[\"https:\/\/eurostonepanama.com\/en\/producto\/porcelanato-quarzita-beige-rako\/\"]}]},{\"@type\":\"ImageObject\",\"inLanguage\":\"en-US\",\"@id\":\"https:\/\/eurostonepanama.com\/en\/producto\/porcelanato-quarzita-beige-rako\/#primaryimage\",\"url\":\"https:\/\/eurostonepanama.com\/wp-content\/uploads\/2023\/12\/porcelanato-quarzita-beige-rako.webp\",\"contentUrl\":\"https:\/\/eurostonepanama.com\/wp-content\/uploads\/2023\/12\/porcelanato-quarzita-beige-rako.webp\",\"width\":1000,\"height\":1000},{\"@type\":\"BreadcrumbList\",\"@id\":\"https:\/\/eurostonepanama.com\/en\/producto\/porcelanato-quarzita-beige-rako\/#breadcrumb\",\"itemListElement\":[{\"@type\":\"ListItem\",\"position\":1,\"name\":\"Portada\",\"item\":\"https:\/\/eurostonepanama.com\/en\/\"},{\"@type\":\"ListItem\",\"position\":2,\"name\":\"Productos\",\"item\":\"https:\/\/eurostonepanama.com\/tienda\/\"},{\"@type\":\"ListItem\",\"position\":3,\"name\":\"Porcelanato Quarzita Beige Rako\"}]},{\"@type\":\"WebSite\",\"@id\":\"https:\/\/eurostonepanama.com\/en\/#website\",\"url\":\"https:\/\/eurostonepanama.com\/en\/\",\"name\":\"Eurostone\",\"description\":\"Expertos en pisos de M\u00e1rmol, porcelana, sobres y pisos\",\"potentialAction\":[{\"@type\":\"SearchAction\",\"target\":{\"@type\":\"EntryPoint\",\"urlTemplate\":\"https:\/\/eurostonepanama.com\/en\/?s={search_term_string}\"},\"query-input\":{\"@type\":\"PropertyValueSpecification\",\"valueRequired\":true,\"valueName\":\"search_term_string\"}}],\"inLanguage\":\"en-US\"}]}<\/script>\n<!-- \/ Yoast SEO plugin. -->","yoast_head_json":{"title":"Porcelanato Quarzita Beige Rako - Eurostone","robots":{"index":"index","follow":"follow","max-snippet":"max-snippet:-1","max-image-preview":"max-image-preview:large","max-video-preview":"max-video-preview:-1"},"canonical":"https:\/\/eurostonepanama.com\/en\/producto\/porcelanato-quarzita-beige-rako\/","og_locale":"en_US","og_type":"article","og_title":"Porcelanato Quarzita Beige Rako - Eurostone","og_description":"Dimensiones: 90 \u00d7 90 \u00d7 1 cm Textura: Satinado Aplicaci\u00f3n: Paredes Interiores, Pisos Interiores Terminaci\u00f3n: Rectificado Unidades por caja: 2 Variaci\u00f3n de Tono: 5","og_url":"https:\/\/eurostonepanama.com\/en\/producto\/porcelanato-quarzita-beige-rako\/","og_site_name":"Eurostone","article_modified_time":"2024-04-24T03:51:12+00:00","og_image":[{"width":1000,"height":1000,"url":"https:\/\/eurostonepanama.com\/wp-content\/uploads\/2023\/12\/porcelanato-quarzita-beige-rako.webp","type":"image\/webp"}],"twitter_card":"summary_large_image","schema":{"@context":"https:\/\/schema.org","@graph":[{"@type":"WebPage","@id":"https:\/\/eurostonepanama.com\/en\/producto\/porcelanato-quarzita-beige-rako\/","url":"https:\/\/eurostonepanama.com\/en\/producto\/porcelanato-quarzita-beige-rako\/","name":"Porcelanato Quarzita Beige Rako - Eurostone","isPartOf":{"@id":"https:\/\/eurostonepanama.com\/en\/#website"},"primaryImageOfPage":{"@id":"https:\/\/eurostonepanama.com\/en\/producto\/porcelanato-quarzita-beige-rako\/#primaryimage"},"image":{"@id":"https:\/\/eurostonepanama.com\/en\/producto\/porcelanato-quarzita-beige-rako\/#primaryimage"},"thumbnailUrl":"https:\/\/eurostonepanama.com\/wp-content\/uploads\/2023\/12\/porcelanato-quarzita-beige-rako.webp","datePublished":"2023-12-05T19:33:37+00:00","dateModified":"2024-04-24T03:51:12+00:00","breadcrumb":{"@id":"https:\/\/eurostonepanama.com\/en\/producto\/porcelanato-quarzita-beige-rako\/#breadcrumb"},"inLanguage":"en-US","potentialAction":[{"@type":"ReadAction","target":["https:\/\/eurostonepanama.com\/en\/producto\/porcelanato-quarzita-beige-rako\/"]}]},{"@type":"ImageObject","inLanguage":"en-US","@id":"https:\/\/eurostonepanama.com\/en\/producto\/porcelanato-quarzita-beige-rako\/#primaryimage","url":"https:\/\/eurostonepanama.com\/wp-content\/uploads\/2023\/12\/porcelanato-quarzita-beige-rako.webp","contentUrl":"https:\/\/eurostonepanama.com\/wp-content\/uploads\/2023\/12\/porcelanato-quarzita-beige-rako.webp","width":1000,"height":1000},{"@type":"BreadcrumbList","@id":"https:\/\/eurostonepanama.com\/en\/producto\/porcelanato-quarzita-beige-rako\/#breadcrumb","itemListElement":[{"@type":"ListItem","position":1,"name":"Portada","item":"https:\/\/eurostonepanama.com\/en\/"},{"@type":"ListItem","position":2,"name":"Productos","item":"https:\/\/eurostonepanama.com\/tienda\/"},{"@type":"ListItem","position":3,"name":"Porcelanato Quarzita Beige Rako"}]},{"@type":"WebSite","@id":"https:\/\/eurostonepanama.com\/en\/#website","url":"https:\/\/eurostonepanama.com\/en\/","name":"Eurostone","description":"Expertos en pisos de M\u00e1rmol, porcelana, sobres y pisos","potentialAction":[{"@type":"SearchAction","target":{"@type":"EntryPoint","urlTemplate":"https:\/\/eurostonepanama.com\/en\/?s={search_term_string}"},"query-input":{"@type":"PropertyValueSpecification","valueRequired":true,"valueName":"search_term_string"}}],"inLanguage":"en-US"}]}},"_links":{"self":[{"href":"https:\/\/eurostonepanama.com\/en\/wp-json\/wp\/v2\/product\/2371","targetHints":{"allow":["GET"]}}],"collection":[{"href":"https:\/\/eurostonepanama.com\/en\/wp-json\/wp\/v2\/product"}],"about":[{"href":"https:\/\/eurostonepanama.com\/en\/wp-json\/wp\/v2\/types\/product"}],"replies":[{"embeddable":true,"href":"https:\/\/eurostonepanama.com\/en\/wp-json\/wp\/v2\/comments?post=2371"}],"version-history":[{"count":1,"href":"https:\/\/eurostonepanama.com\/en\/wp-json\/wp\/v2\/product\/2371\/revisions"}],"predecessor-version":[{"id":2380,"href":"https:\/\/eurostonepanama.com\/en\/wp-json\/wp\/v2\/product\/2371\/revisions\/2380"}],"wp:featuredmedia":[{"embeddable":true,"href":"https:\/\/eurostonepanama.com\/en\/wp-json\/wp\/v2\/media\/3069"}],"wp:attachment":[{"href":"https:\/\/eurostonepanama.com\/en\/wp-json\/wp\/v2\/media?parent=2371"}],"wp:term":[{"taxonomy":"product_brand","embeddable":true,"href":"https:\/\/eurostonepanama.com\/en\/wp-json\/wp\/v2\/product_brand?post=2371"},{"taxonomy":"product_cat","embeddable":true,"href":"https:\/\/eurostonepanama.com\/en\/wp-json\/wp\/v2\/product_cat?post=2371"},{"taxonomy":"product_tag","embeddable":true,"href":"https:\/\/eurostonepanama.com\/en\/wp-json\/wp\/v2\/product_tag?post=2371"}],"curies":[{"name":"wp","href":"https:\/\/api.w.org\/{rel}","templated":true}]}}