{"id":2344,"date":"2023-11-30T00:00:04","date_gmt":"2023-11-30T05:00:04","guid":{"rendered":"https:\/\/www.eurostone-atelier.com\/?post_type=product&#038;p=2344"},"modified":"2024-04-23T11:00:38","modified_gmt":"2024-04-23T16:00:38","slug":"porcelanato-essence-taupe-tipo-madera","status":"publish","type":"product","link":"https:\/\/eurostonepanama.com\/en\/producto\/porcelanato-essence-taupe-tipo-madera\/","title":{"rendered":"Porcelanato Essence Taupe Tipo Madera"},"content":{"rendered":"","protected":false},"excerpt":{"rendered":"<p>La colecci\u00f3n ESSENCE es una madera cer\u00e1mica de car\u00e1cter noble y atemporal inspirada en la gr\u00e1fica del roble y llevada a cuatro tonos neutros y c\u00e1lidos que mejoran las prestaciones de la madera original. Un parquet cer\u00e1mico elegante y sosegado que se presenta en tres formatos diferentes: 15,3&#215;90 cm, 19,5&#215;121,5 cm y 25&#215;150 cm.<\/p>\n<p>Los formatos 15,3&#215;90 cm y 19,5&#215;121,5 cm est\u00e1n disponibles en cuatro colores diferentes: Almond, Maple, Nut y Taupe siempre rectificados, mientras que el novedoso formato 25&#215;150 se presenta en dos tonos: Almond y Taupe. Su extensa variedad gr\u00e1fica (60 en los formatos m\u00e1s peque\u00f1os y 36 en el formato m\u00e1s grande) hace de ESSENCE una colecci\u00f3n perfecta para espacios de todos los tama\u00f1os, a los que aportar calidez y naturalidad manteniendo siempre la elegancia. Una colecci\u00f3n pensada para ser siempre actual, con el objetivo de que no pierda vigencia con el paso del tiempo ESSENCE nace como una madera cer\u00e1mica pensada en perdurar y mantenerse de actualidad pese a los cambios de estilos ef\u00edmeros y volubles de otras tendencias.<\/p>\n<p>&nbsp;<\/p>\n<p>Material sint\u00e9tico<\/p>\n","protected":false},"featured_media":2345,"comment_status":"open","ping_status":"closed","template":"","meta":[],"product_brand":[],"product_cat":[98,101],"product_tag":[],"class_list":{"0":"post-2344","1":"product","2":"type-product","3":"status-publish","4":"has-post-thumbnail","6":"product_cat-porcelanato","7":"product_cat-tipo-madera","9":"first","10":"instock","11":"shipping-taxable","12":"product-type-simple"},"yoast_head":"<!-- This site is optimized with the Yoast SEO plugin v26.1.1 - https:\/\/yoast.com\/wordpress\/plugins\/seo\/ -->\n<title>Porcelanato Essence Taupe Tipo Madera - Eurostone<\/title>\n<meta name=\"robots\" content=\"index, follow, max-snippet:-1, max-image-preview:large, max-video-preview:-1\" \/>\n<link rel=\"canonical\" href=\"https:\/\/eurostonepanama.com\/en\/producto\/porcelanato-essence-taupe-tipo-madera\/\" \/>\n<meta property=\"og:locale\" content=\"en_US\" \/>\n<meta property=\"og:type\" content=\"article\" \/>\n<meta property=\"og:title\" content=\"Porcelanato Essence Taupe Tipo Madera - Eurostone\" \/>\n<meta property=\"og:description\" content=\"La colecci\u00f3n ESSENCE es una madera cer\u00e1mica de car\u00e1cter noble y atemporal inspirada en la gr\u00e1fica del roble y llevada a cuatro tonos neutros y c\u00e1lidos que mejoran las prestaciones de la madera original. Un parquet cer\u00e1mico elegante y sosegado que se presenta en tres formatos diferentes: 15,3x90 cm, 19,5x121,5 cm y 25x150 cm.  Los formatos 15,3x90 cm y 19,5x121,5 cm est\u00e1n disponibles en cuatro colores diferentes: Almond, Maple, Nut y Taupe siempre rectificados, mientras que el novedoso formato 25x150 se presenta en dos tonos: Almond y Taupe. Su extensa variedad gr\u00e1fica (60 en los formatos m\u00e1s peque\u00f1os y 36 en el formato m\u00e1s grande) hace de ESSENCE una colecci\u00f3n perfecta para espacios de todos los tama\u00f1os, a los que aportar calidez y naturalidad manteniendo siempre la elegancia. Una colecci\u00f3n pensada para ser siempre actual, con el objetivo de que no pierda vigencia con el paso del tiempo ESSENCE nace como una madera cer\u00e1mica pensada en perdurar y mantenerse de actualidad pese a los cambios de estilos ef\u00edmeros y volubles de otras tendencias.  &nbsp;  Material sint\u00e9tico\" \/>\n<meta property=\"og:url\" content=\"https:\/\/eurostonepanama.com\/en\/producto\/porcelanato-essence-taupe-tipo-madera\/\" \/>\n<meta property=\"og:site_name\" content=\"Eurostone\" \/>\n<meta property=\"article:modified_time\" content=\"2024-04-23T16:00:38+00:00\" \/>\n<meta property=\"og:image\" content=\"https:\/\/eurostonepanama.com\/wp-content\/uploads\/2023\/11\/ESSENCE.png\" \/>\n\t<meta property=\"og:image:width\" content=\"1000\" \/>\n\t<meta property=\"og:image:height\" content=\"1100\" \/>\n\t<meta property=\"og:image:type\" content=\"image\/png\" \/>\n<meta name=\"twitter:card\" content=\"summary_large_image\" \/>\n<script type=\"application\/ld+json\" class=\"yoast-schema-graph\">{\"@context\":\"https:\/\/schema.org\",\"@graph\":[{\"@type\":\"WebPage\",\"@id\":\"https:\/\/eurostonepanama.com\/en\/producto\/porcelanato-essence-taupe-tipo-madera\/\",\"url\":\"https:\/\/eurostonepanama.com\/en\/producto\/porcelanato-essence-taupe-tipo-madera\/\",\"name\":\"Porcelanato Essence Taupe Tipo Madera - Eurostone\",\"isPartOf\":{\"@id\":\"https:\/\/eurostonepanama.com\/en\/#website\"},\"primaryImageOfPage\":{\"@id\":\"https:\/\/eurostonepanama.com\/en\/producto\/porcelanato-essence-taupe-tipo-madera\/#primaryimage\"},\"image\":{\"@id\":\"https:\/\/eurostonepanama.com\/en\/producto\/porcelanato-essence-taupe-tipo-madera\/#primaryimage\"},\"thumbnailUrl\":\"https:\/\/eurostonepanama.com\/wp-content\/uploads\/2023\/11\/ESSENCE.png\",\"datePublished\":\"2023-11-30T05:00:04+00:00\",\"dateModified\":\"2024-04-23T16:00:38+00:00\",\"breadcrumb\":{\"@id\":\"https:\/\/eurostonepanama.com\/en\/producto\/porcelanato-essence-taupe-tipo-madera\/#breadcrumb\"},\"inLanguage\":\"en-US\",\"potentialAction\":[{\"@type\":\"ReadAction\",\"target\":[\"https:\/\/eurostonepanama.com\/en\/producto\/porcelanato-essence-taupe-tipo-madera\/\"]}]},{\"@type\":\"ImageObject\",\"inLanguage\":\"en-US\",\"@id\":\"https:\/\/eurostonepanama.com\/en\/producto\/porcelanato-essence-taupe-tipo-madera\/#primaryimage\",\"url\":\"https:\/\/eurostonepanama.com\/wp-content\/uploads\/2023\/11\/ESSENCE.png\",\"contentUrl\":\"https:\/\/eurostonepanama.com\/wp-content\/uploads\/2023\/11\/ESSENCE.png\",\"width\":1000,\"height\":1100},{\"@type\":\"BreadcrumbList\",\"@id\":\"https:\/\/eurostonepanama.com\/en\/producto\/porcelanato-essence-taupe-tipo-madera\/#breadcrumb\",\"itemListElement\":[{\"@type\":\"ListItem\",\"position\":1,\"name\":\"Portada\",\"item\":\"https:\/\/eurostonepanama.com\/en\/\"},{\"@type\":\"ListItem\",\"position\":2,\"name\":\"Productos\",\"item\":\"https:\/\/eurostonepanama.com\/tienda\/\"},{\"@type\":\"ListItem\",\"position\":3,\"name\":\"Porcelanato Essence Taupe Tipo Madera\"}]},{\"@type\":\"WebSite\",\"@id\":\"https:\/\/eurostonepanama.com\/en\/#website\",\"url\":\"https:\/\/eurostonepanama.com\/en\/\",\"name\":\"Eurostone\",\"description\":\"Expertos en pisos de M\u00e1rmol, porcelana, sobres y pisos\",\"potentialAction\":[{\"@type\":\"SearchAction\",\"target\":{\"@type\":\"EntryPoint\",\"urlTemplate\":\"https:\/\/eurostonepanama.com\/en\/?s={search_term_string}\"},\"query-input\":{\"@type\":\"PropertyValueSpecification\",\"valueRequired\":true,\"valueName\":\"search_term_string\"}}],\"inLanguage\":\"en-US\"}]}<\/script>\n<!-- \/ Yoast SEO plugin. -->","yoast_head_json":{"title":"Porcelanato Essence Taupe Tipo Madera - Eurostone","robots":{"index":"index","follow":"follow","max-snippet":"max-snippet:-1","max-image-preview":"max-image-preview:large","max-video-preview":"max-video-preview:-1"},"canonical":"https:\/\/eurostonepanama.com\/en\/producto\/porcelanato-essence-taupe-tipo-madera\/","og_locale":"en_US","og_type":"article","og_title":"Porcelanato Essence Taupe Tipo Madera - Eurostone","og_description":"La colecci\u00f3n ESSENCE es una madera cer\u00e1mica de car\u00e1cter noble y atemporal inspirada en la gr\u00e1fica del roble y llevada a cuatro tonos neutros y c\u00e1lidos que mejoran las prestaciones de la madera original. Un parquet cer\u00e1mico elegante y sosegado que se presenta en tres formatos diferentes: 15,3x90 cm, 19,5x121,5 cm y 25x150 cm.  Los formatos 15,3x90 cm y 19,5x121,5 cm est\u00e1n disponibles en cuatro colores diferentes: Almond, Maple, Nut y Taupe siempre rectificados, mientras que el novedoso formato 25x150 se presenta en dos tonos: Almond y Taupe. Su extensa variedad gr\u00e1fica (60 en los formatos m\u00e1s peque\u00f1os y 36 en el formato m\u00e1s grande) hace de ESSENCE una colecci\u00f3n perfecta para espacios de todos los tama\u00f1os, a los que aportar calidez y naturalidad manteniendo siempre la elegancia. Una colecci\u00f3n pensada para ser siempre actual, con el objetivo de que no pierda vigencia con el paso del tiempo ESSENCE nace como una madera cer\u00e1mica pensada en perdurar y mantenerse de actualidad pese a los cambios de estilos ef\u00edmeros y volubles de otras tendencias.  &nbsp;  Material sint\u00e9tico","og_url":"https:\/\/eurostonepanama.com\/en\/producto\/porcelanato-essence-taupe-tipo-madera\/","og_site_name":"Eurostone","article_modified_time":"2024-04-23T16:00:38+00:00","og_image":[{"width":1000,"height":1100,"url":"https:\/\/eurostonepanama.com\/wp-content\/uploads\/2023\/11\/ESSENCE.png","type":"image\/png"}],"twitter_card":"summary_large_image","schema":{"@context":"https:\/\/schema.org","@graph":[{"@type":"WebPage","@id":"https:\/\/eurostonepanama.com\/en\/producto\/porcelanato-essence-taupe-tipo-madera\/","url":"https:\/\/eurostonepanama.com\/en\/producto\/porcelanato-essence-taupe-tipo-madera\/","name":"Porcelanato Essence Taupe Tipo Madera - Eurostone","isPartOf":{"@id":"https:\/\/eurostonepanama.com\/en\/#website"},"primaryImageOfPage":{"@id":"https:\/\/eurostonepanama.com\/en\/producto\/porcelanato-essence-taupe-tipo-madera\/#primaryimage"},"image":{"@id":"https:\/\/eurostonepanama.com\/en\/producto\/porcelanato-essence-taupe-tipo-madera\/#primaryimage"},"thumbnailUrl":"https:\/\/eurostonepanama.com\/wp-content\/uploads\/2023\/11\/ESSENCE.png","datePublished":"2023-11-30T05:00:04+00:00","dateModified":"2024-04-23T16:00:38+00:00","breadcrumb":{"@id":"https:\/\/eurostonepanama.com\/en\/producto\/porcelanato-essence-taupe-tipo-madera\/#breadcrumb"},"inLanguage":"en-US","potentialAction":[{"@type":"ReadAction","target":["https:\/\/eurostonepanama.com\/en\/producto\/porcelanato-essence-taupe-tipo-madera\/"]}]},{"@type":"ImageObject","inLanguage":"en-US","@id":"https:\/\/eurostonepanama.com\/en\/producto\/porcelanato-essence-taupe-tipo-madera\/#primaryimage","url":"https:\/\/eurostonepanama.com\/wp-content\/uploads\/2023\/11\/ESSENCE.png","contentUrl":"https:\/\/eurostonepanama.com\/wp-content\/uploads\/2023\/11\/ESSENCE.png","width":1000,"height":1100},{"@type":"BreadcrumbList","@id":"https:\/\/eurostonepanama.com\/en\/producto\/porcelanato-essence-taupe-tipo-madera\/#breadcrumb","itemListElement":[{"@type":"ListItem","position":1,"name":"Portada","item":"https:\/\/eurostonepanama.com\/en\/"},{"@type":"ListItem","position":2,"name":"Productos","item":"https:\/\/eurostonepanama.com\/tienda\/"},{"@type":"ListItem","position":3,"name":"Porcelanato Essence Taupe Tipo Madera"}]},{"@type":"WebSite","@id":"https:\/\/eurostonepanama.com\/en\/#website","url":"https:\/\/eurostonepanama.com\/en\/","name":"Eurostone","description":"Expertos en pisos de M\u00e1rmol, porcelana, sobres y pisos","potentialAction":[{"@type":"SearchAction","target":{"@type":"EntryPoint","urlTemplate":"https:\/\/eurostonepanama.com\/en\/?s={search_term_string}"},"query-input":{"@type":"PropertyValueSpecification","valueRequired":true,"valueName":"search_term_string"}}],"inLanguage":"en-US"}]}},"_links":{"self":[{"href":"https:\/\/eurostonepanama.com\/en\/wp-json\/wp\/v2\/product\/2344","targetHints":{"allow":["GET"]}}],"collection":[{"href":"https:\/\/eurostonepanama.com\/en\/wp-json\/wp\/v2\/product"}],"about":[{"href":"https:\/\/eurostonepanama.com\/en\/wp-json\/wp\/v2\/types\/product"}],"replies":[{"embeddable":true,"href":"https:\/\/eurostonepanama.com\/en\/wp-json\/wp\/v2\/comments?post=2344"}],"version-history":[{"count":3,"href":"https:\/\/eurostonepanama.com\/en\/wp-json\/wp\/v2\/product\/2344\/revisions"}],"predecessor-version":[{"id":3019,"href":"https:\/\/eurostonepanama.com\/en\/wp-json\/wp\/v2\/product\/2344\/revisions\/3019"}],"wp:featuredmedia":[{"embeddable":true,"href":"https:\/\/eurostonepanama.com\/en\/wp-json\/wp\/v2\/media\/2345"}],"wp:attachment":[{"href":"https:\/\/eurostonepanama.com\/en\/wp-json\/wp\/v2\/media?parent=2344"}],"wp:term":[{"taxonomy":"product_brand","embeddable":true,"href":"https:\/\/eurostonepanama.com\/en\/wp-json\/wp\/v2\/product_brand?post=2344"},{"taxonomy":"product_cat","embeddable":true,"href":"https:\/\/eurostonepanama.com\/en\/wp-json\/wp\/v2\/product_cat?post=2344"},{"taxonomy":"product_tag","embeddable":true,"href":"https:\/\/eurostonepanama.com\/en\/wp-json\/wp\/v2\/product_tag?post=2344"}],"curies":[{"name":"wp","href":"https:\/\/api.w.org\/{rel}","templated":true}]}}