{"id":2322,"date":"2023-11-16T15:01:33","date_gmt":"2023-11-16T15:01:33","guid":{"rendered":"https:\/\/www.eurostone-atelier.com\/?post_type=product&#038;p=2322"},"modified":"2024-04-23T22:43:45","modified_gmt":"2024-04-24T03:43:45","slug":"porcelanato-burlington-white","status":"publish","type":"product","link":"https:\/\/eurostonepanama.com\/en\/producto\/porcelanato-burlington-white\/","title":{"rendered":"Porcelanato Burlington White"},"content":{"rendered":"","protected":false},"excerpt":{"rendered":"<h4>Naturalidad, delicadeza y personalidad<\/h4>\n<p>Burlington nace de la observaci\u00f3n m\u00e1s profunda de la naturaleza. Es una colecci\u00f3n de gran variedad crom\u00e1tica y llamativa por su riqueza gr\u00e1fica, que le aporta gran personalidad.<\/p>\n<p>Ideal para revestir espacios contempor\u00e1neos. La amplitud de formatos le otorga gran versatilidad puesto que puede adaptarse a espacios muy variados, dot\u00e1ndolos de elegancia y serenidad.<\/p>\n<div class=\"ewa-rteLine\"><strong>Material sint\u00e9tico<\/strong><\/div>\n","protected":false},"featured_media":3064,"comment_status":"open","ping_status":"closed","template":"","meta":[],"product_brand":[],"product_cat":[99,98],"product_tag":[],"class_list":{"0":"post-2322","1":"product","2":"type-product","3":"status-publish","4":"has-post-thumbnail","6":"product_cat-honed-mate","7":"product_cat-porcelanato","9":"first","10":"instock","11":"shipping-taxable","12":"product-type-simple"},"yoast_head":"<!-- This site is optimized with the Yoast SEO plugin v26.1.1 - https:\/\/yoast.com\/wordpress\/plugins\/seo\/ -->\n<title>Porcelanato Burlington White - Eurostone<\/title>\n<meta name=\"robots\" content=\"index, follow, max-snippet:-1, max-image-preview:large, max-video-preview:-1\" \/>\n<link rel=\"canonical\" href=\"https:\/\/eurostonepanama.com\/en\/producto\/porcelanato-burlington-white\/\" \/>\n<meta property=\"og:locale\" content=\"en_US\" \/>\n<meta property=\"og:type\" content=\"article\" \/>\n<meta property=\"og:title\" content=\"Porcelanato Burlington White - Eurostone\" \/>\n<meta property=\"og:description\" content=\"Naturalidad, delicadeza y personalidad Burlington nace de la observaci\u00f3n m\u00e1s profunda de la naturaleza. Es una colecci\u00f3n de gran variedad crom\u00e1tica y llamativa por su riqueza gr\u00e1fica, que le aporta gran personalidad.  Ideal para revestir espacios contempor\u00e1neos. La amplitud de formatos le otorga gran versatilidad puesto que puede adaptarse a espacios muy variados, dot\u00e1ndolos de elegancia y serenidad. Material sint\u00e9tico\" \/>\n<meta property=\"og:url\" content=\"https:\/\/eurostonepanama.com\/en\/producto\/porcelanato-burlington-white\/\" \/>\n<meta property=\"og:site_name\" content=\"Eurostone\" \/>\n<meta property=\"article:modified_time\" content=\"2024-04-24T03:43:45+00:00\" \/>\n<meta property=\"og:image\" content=\"https:\/\/eurostonepanama.com\/wp-content\/uploads\/2023\/11\/porcelanato-burlington-white.webp\" \/>\n\t<meta property=\"og:image:width\" content=\"1000\" \/>\n\t<meta property=\"og:image:height\" content=\"1000\" \/>\n\t<meta property=\"og:image:type\" content=\"image\/webp\" \/>\n<meta name=\"twitter:card\" content=\"summary_large_image\" \/>\n<script type=\"application\/ld+json\" class=\"yoast-schema-graph\">{\"@context\":\"https:\/\/schema.org\",\"@graph\":[{\"@type\":\"WebPage\",\"@id\":\"https:\/\/eurostonepanama.com\/en\/producto\/porcelanato-burlington-white\/\",\"url\":\"https:\/\/eurostonepanama.com\/en\/producto\/porcelanato-burlington-white\/\",\"name\":\"Porcelanato Burlington White - Eurostone\",\"isPartOf\":{\"@id\":\"https:\/\/eurostonepanama.com\/en\/#website\"},\"primaryImageOfPage\":{\"@id\":\"https:\/\/eurostonepanama.com\/en\/producto\/porcelanato-burlington-white\/#primaryimage\"},\"image\":{\"@id\":\"https:\/\/eurostonepanama.com\/en\/producto\/porcelanato-burlington-white\/#primaryimage\"},\"thumbnailUrl\":\"https:\/\/eurostonepanama.com\/wp-content\/uploads\/2023\/11\/porcelanato-burlington-white.webp\",\"datePublished\":\"2023-11-16T15:01:33+00:00\",\"dateModified\":\"2024-04-24T03:43:45+00:00\",\"breadcrumb\":{\"@id\":\"https:\/\/eurostonepanama.com\/en\/producto\/porcelanato-burlington-white\/#breadcrumb\"},\"inLanguage\":\"en-US\",\"potentialAction\":[{\"@type\":\"ReadAction\",\"target\":[\"https:\/\/eurostonepanama.com\/en\/producto\/porcelanato-burlington-white\/\"]}]},{\"@type\":\"ImageObject\",\"inLanguage\":\"en-US\",\"@id\":\"https:\/\/eurostonepanama.com\/en\/producto\/porcelanato-burlington-white\/#primaryimage\",\"url\":\"https:\/\/eurostonepanama.com\/wp-content\/uploads\/2023\/11\/porcelanato-burlington-white.webp\",\"contentUrl\":\"https:\/\/eurostonepanama.com\/wp-content\/uploads\/2023\/11\/porcelanato-burlington-white.webp\",\"width\":1000,\"height\":1000},{\"@type\":\"BreadcrumbList\",\"@id\":\"https:\/\/eurostonepanama.com\/en\/producto\/porcelanato-burlington-white\/#breadcrumb\",\"itemListElement\":[{\"@type\":\"ListItem\",\"position\":1,\"name\":\"Portada\",\"item\":\"https:\/\/eurostonepanama.com\/en\/\"},{\"@type\":\"ListItem\",\"position\":2,\"name\":\"Productos\",\"item\":\"https:\/\/eurostonepanama.com\/tienda\/\"},{\"@type\":\"ListItem\",\"position\":3,\"name\":\"Porcelanato Burlington White\"}]},{\"@type\":\"WebSite\",\"@id\":\"https:\/\/eurostonepanama.com\/en\/#website\",\"url\":\"https:\/\/eurostonepanama.com\/en\/\",\"name\":\"Eurostone\",\"description\":\"Expertos en pisos de M\u00e1rmol, porcelana, sobres y pisos\",\"potentialAction\":[{\"@type\":\"SearchAction\",\"target\":{\"@type\":\"EntryPoint\",\"urlTemplate\":\"https:\/\/eurostonepanama.com\/en\/?s={search_term_string}\"},\"query-input\":{\"@type\":\"PropertyValueSpecification\",\"valueRequired\":true,\"valueName\":\"search_term_string\"}}],\"inLanguage\":\"en-US\"}]}<\/script>\n<!-- \/ Yoast SEO plugin. -->","yoast_head_json":{"title":"Porcelanato Burlington White - Eurostone","robots":{"index":"index","follow":"follow","max-snippet":"max-snippet:-1","max-image-preview":"max-image-preview:large","max-video-preview":"max-video-preview:-1"},"canonical":"https:\/\/eurostonepanama.com\/en\/producto\/porcelanato-burlington-white\/","og_locale":"en_US","og_type":"article","og_title":"Porcelanato Burlington White - Eurostone","og_description":"Naturalidad, delicadeza y personalidad Burlington nace de la observaci\u00f3n m\u00e1s profunda de la naturaleza. Es una colecci\u00f3n de gran variedad crom\u00e1tica y llamativa por su riqueza gr\u00e1fica, que le aporta gran personalidad.  Ideal para revestir espacios contempor\u00e1neos. La amplitud de formatos le otorga gran versatilidad puesto que puede adaptarse a espacios muy variados, dot\u00e1ndolos de elegancia y serenidad. Material sint\u00e9tico","og_url":"https:\/\/eurostonepanama.com\/en\/producto\/porcelanato-burlington-white\/","og_site_name":"Eurostone","article_modified_time":"2024-04-24T03:43:45+00:00","og_image":[{"width":1000,"height":1000,"url":"https:\/\/eurostonepanama.com\/wp-content\/uploads\/2023\/11\/porcelanato-burlington-white.webp","type":"image\/webp"}],"twitter_card":"summary_large_image","schema":{"@context":"https:\/\/schema.org","@graph":[{"@type":"WebPage","@id":"https:\/\/eurostonepanama.com\/en\/producto\/porcelanato-burlington-white\/","url":"https:\/\/eurostonepanama.com\/en\/producto\/porcelanato-burlington-white\/","name":"Porcelanato Burlington White - Eurostone","isPartOf":{"@id":"https:\/\/eurostonepanama.com\/en\/#website"},"primaryImageOfPage":{"@id":"https:\/\/eurostonepanama.com\/en\/producto\/porcelanato-burlington-white\/#primaryimage"},"image":{"@id":"https:\/\/eurostonepanama.com\/en\/producto\/porcelanato-burlington-white\/#primaryimage"},"thumbnailUrl":"https:\/\/eurostonepanama.com\/wp-content\/uploads\/2023\/11\/porcelanato-burlington-white.webp","datePublished":"2023-11-16T15:01:33+00:00","dateModified":"2024-04-24T03:43:45+00:00","breadcrumb":{"@id":"https:\/\/eurostonepanama.com\/en\/producto\/porcelanato-burlington-white\/#breadcrumb"},"inLanguage":"en-US","potentialAction":[{"@type":"ReadAction","target":["https:\/\/eurostonepanama.com\/en\/producto\/porcelanato-burlington-white\/"]}]},{"@type":"ImageObject","inLanguage":"en-US","@id":"https:\/\/eurostonepanama.com\/en\/producto\/porcelanato-burlington-white\/#primaryimage","url":"https:\/\/eurostonepanama.com\/wp-content\/uploads\/2023\/11\/porcelanato-burlington-white.webp","contentUrl":"https:\/\/eurostonepanama.com\/wp-content\/uploads\/2023\/11\/porcelanato-burlington-white.webp","width":1000,"height":1000},{"@type":"BreadcrumbList","@id":"https:\/\/eurostonepanama.com\/en\/producto\/porcelanato-burlington-white\/#breadcrumb","itemListElement":[{"@type":"ListItem","position":1,"name":"Portada","item":"https:\/\/eurostonepanama.com\/en\/"},{"@type":"ListItem","position":2,"name":"Productos","item":"https:\/\/eurostonepanama.com\/tienda\/"},{"@type":"ListItem","position":3,"name":"Porcelanato Burlington White"}]},{"@type":"WebSite","@id":"https:\/\/eurostonepanama.com\/en\/#website","url":"https:\/\/eurostonepanama.com\/en\/","name":"Eurostone","description":"Expertos en pisos de M\u00e1rmol, porcelana, sobres y pisos","potentialAction":[{"@type":"SearchAction","target":{"@type":"EntryPoint","urlTemplate":"https:\/\/eurostonepanama.com\/en\/?s={search_term_string}"},"query-input":{"@type":"PropertyValueSpecification","valueRequired":true,"valueName":"search_term_string"}}],"inLanguage":"en-US"}]}},"_links":{"self":[{"href":"https:\/\/eurostonepanama.com\/en\/wp-json\/wp\/v2\/product\/2322","targetHints":{"allow":["GET"]}}],"collection":[{"href":"https:\/\/eurostonepanama.com\/en\/wp-json\/wp\/v2\/product"}],"about":[{"href":"https:\/\/eurostonepanama.com\/en\/wp-json\/wp\/v2\/types\/product"}],"replies":[{"embeddable":true,"href":"https:\/\/eurostonepanama.com\/en\/wp-json\/wp\/v2\/comments?post=2322"}],"version-history":[{"count":1,"href":"https:\/\/eurostonepanama.com\/en\/wp-json\/wp\/v2\/product\/2322\/revisions"}],"predecessor-version":[{"id":2329,"href":"https:\/\/eurostonepanama.com\/en\/wp-json\/wp\/v2\/product\/2322\/revisions\/2329"}],"wp:featuredmedia":[{"embeddable":true,"href":"https:\/\/eurostonepanama.com\/en\/wp-json\/wp\/v2\/media\/3064"}],"wp:attachment":[{"href":"https:\/\/eurostonepanama.com\/en\/wp-json\/wp\/v2\/media?parent=2322"}],"wp:term":[{"taxonomy":"product_brand","embeddable":true,"href":"https:\/\/eurostonepanama.com\/en\/wp-json\/wp\/v2\/product_brand?post=2322"},{"taxonomy":"product_cat","embeddable":true,"href":"https:\/\/eurostonepanama.com\/en\/wp-json\/wp\/v2\/product_cat?post=2322"},{"taxonomy":"product_tag","embeddable":true,"href":"https:\/\/eurostonepanama.com\/en\/wp-json\/wp\/v2\/product_tag?post=2322"}],"curies":[{"name":"wp","href":"https:\/\/api.w.org\/{rel}","templated":true}]}}