{"id":2310,"date":"2023-11-16T14:33:16","date_gmt":"2023-11-16T14:33:16","guid":{"rendered":"https:\/\/www.eurostone-atelier.com\/?post_type=product&#038;p=2310"},"modified":"2024-04-23T10:40:55","modified_gmt":"2024-04-23T15:40:55","slug":"porcelanato-planet-mud-nt","status":"publish","type":"product","link":"https:\/\/eurostonepanama.com\/en\/producto\/porcelanato-planet-mud-nt\/","title":{"rendered":"Porcelanato Planet Mud NT"},"content":{"rendered":"<div class=\"coleccion dato\"><span class=\"titulo\">Colecci\u00f3n<\/span> PLANET<\/div>\n<div class=\"referencia dato\"><span class=\"titulo\">Referencia<\/span>25064<\/div>\n<div class=\"formato_real dato\"><span class=\"titulo\">Formato cm<\/span>90&#215;90<\/div>\n<div class=\"formato_real dato\"><span class=\"titulo\">Formato pulgadas<\/span>35 7\/16 * 35 7\/16 * 3\/8<\/div>\n<div class=\"acabado dato\"><span class=\"titulo\">Acabado<\/span>Natural, Rectificado<\/div>\n<div class=\"espesor dato\"><span class=\"titulo\">Espesor<\/span>10 mm<\/div>\n<div><\/div>\n<div class=\"carac_tecnicas dato | mt-24\">\n<p><span class=\"titulo\">Caracter\u00edsticas t\u00e9cnicas<\/span><\/p>\n<div class=\"tabla_carac_tecnicas\">\n<ul>\n<li><span class=\"carac titulo\">\u00c1ngulo Cr\u00edtico<\/span> <span class=\"nombre_carac\">R-10<\/span><\/li>\n<li><span class=\"carac titulo\">Pies Descalzos<\/span> <span class=\"nombre_carac\">A+B<\/span><\/li>\n<li><span class=\"carac titulo\">Test P\u00e9ndulo<\/span> <span class=\"nombre_carac\">2<\/span><\/li>\n<li><span class=\"carac titulo\">Test P\u00e9ndulo Brit\u00e1nico<\/span> <span class=\"nombre_carac\">36<\/span><\/li>\n<li><span class=\"carac titulo\">Coeficiente Fricci\u00f3n<\/span> <span class=\"nombre_carac\">&gt;0,42<\/span><\/li>\n<li><span class=\"carac titulo\">Norma Dureza<\/span> <span class=\"nombre_carac\">5<\/span><\/li>\n<li><span class=\"carac titulo\">Norma UPEC<\/span> <span class=\"nombre_carac\">U4 P3 E3 C2<\/span><\/li>\n<\/ul>\n<p>&nbsp;<\/p>\n<p><a href=\"https:\/\/peronda-cloud.s3.eu-west-3.amazonaws.com\/PERONDA\/FICHAS_TECNICAS\/PLANET\/ES_25064_PLANET_MUD_NT_90X90_R.pdf\" target=\"_blank\" rel=\"noopener\">Ver ficha t\u00e9cnica<\/a><\/p>\n<\/div>\n<\/div>\n","protected":false},"excerpt":{"rendered":"<p>La colecci\u00f3n PLANET se inspira en la tendencia crom\u00e1tica \u2018Planetary\u2019 que refleja a trav\u00e9s de su combinaci\u00f3n tonal un viaje por paisajes que no parecen de este planeta. Viajamos a trav\u00e9s de ella a universos casi lunares o parajes propios de Marte sin salir de nuestro planeta Tierra. PLANET es una amplia colecci\u00f3n con una gran variedad de formatos y acabados, que nos permite disfrutar del producto en todo tipo de Espacios. De gr\u00e1fica calmada, PLANET se presenta en 5 atractivos y estudiados tonos neutros alineados con las \u00faltimas tendencias crom\u00e1ticas. PLANET es una colecci\u00f3n de avanzadas caracter\u00edsticas t\u00e9cnicas, gracias a su fabricaci\u00f3n en porcel\u00e1nico coloreado y al cuidado desarrollo de su superficie cumple con los est\u00e1ndares m\u00e1s exigentes de UPEC.<\/p>\n<p>De esta manera, la colecci\u00f3n PLANET es el pavimento perfecto tanto para interiores como tambi\u00e9n para exteriores por lo que se convierte en un producto altamente comercial. La nueva actualizaci\u00f3n de la colecci\u00f3n nos trae el formato 60*120, el 75*150 y el color de mejor combinaci\u00f3n: el Blanco.<\/p>\n<div class=\"ewa-rteLine\"><strong>Material sint\u00e9tico<\/strong><\/div>\n","protected":false},"featured_media":2311,"comment_status":"closed","ping_status":"closed","template":"","meta":[],"product_brand":[],"product_cat":[100,98],"product_tag":[],"class_list":{"0":"post-2310","1":"product","2":"type-product","3":"status-publish","4":"has-post-thumbnail","6":"product_cat-antislip","7":"product_cat-porcelanato","9":"first","10":"instock","11":"shipping-taxable","12":"product-type-simple"},"yoast_head":"<!-- This site is optimized with the Yoast SEO plugin v26.1.1 - https:\/\/yoast.com\/wordpress\/plugins\/seo\/ -->\n<title>Porcelanato Planet Mud NT - Eurostone<\/title>\n<meta name=\"robots\" content=\"index, follow, max-snippet:-1, max-image-preview:large, max-video-preview:-1\" \/>\n<link rel=\"canonical\" href=\"https:\/\/eurostonepanama.com\/en\/producto\/porcelanato-planet-mud-nt\/\" \/>\n<meta property=\"og:locale\" content=\"en_US\" \/>\n<meta property=\"og:type\" content=\"article\" \/>\n<meta property=\"og:title\" content=\"Porcelanato Planet Mud NT - Eurostone\" \/>\n<meta property=\"og:description\" content=\"La colecci\u00f3n PLANET se inspira en la tendencia crom\u00e1tica \u2018Planetary\u2019 que refleja a trav\u00e9s de su combinaci\u00f3n tonal un viaje por paisajes que no parecen de este planeta. Viajamos a trav\u00e9s de ella a universos casi lunares o parajes propios de Marte sin salir de nuestro planeta Tierra. PLANET es una amplia colecci\u00f3n con una gran variedad de formatos y acabados, que nos permite disfrutar del producto en todo tipo de Espacios. De gr\u00e1fica calmada, PLANET se presenta en 5 atractivos y estudiados tonos neutros alineados con las \u00faltimas tendencias crom\u00e1ticas. PLANET es una colecci\u00f3n de avanzadas caracter\u00edsticas t\u00e9cnicas, gracias a su fabricaci\u00f3n en porcel\u00e1nico coloreado y al cuidado desarrollo de su superficie cumple con los est\u00e1ndares m\u00e1s exigentes de UPEC.  De esta manera, la colecci\u00f3n PLANET es el pavimento perfecto tanto para interiores como tambi\u00e9n para exteriores por lo que se convierte en un producto altamente comercial. La nueva actualizaci\u00f3n de la colecci\u00f3n nos trae el formato 60*120, el 75*150 y el color de mejor combinaci\u00f3n: el Blanco. Material sint\u00e9tico\" \/>\n<meta property=\"og:url\" content=\"https:\/\/eurostonepanama.com\/en\/producto\/porcelanato-planet-mud-nt\/\" \/>\n<meta property=\"og:site_name\" content=\"Eurostone\" \/>\n<meta property=\"article:modified_time\" content=\"2024-04-23T15:40:55+00:00\" \/>\n<meta property=\"og:image\" content=\"https:\/\/eurostonepanama.com\/wp-content\/uploads\/2023\/11\/peronda-planet-mud-nt.png\" \/>\n\t<meta property=\"og:image:width\" content=\"1000\" \/>\n\t<meta property=\"og:image:height\" content=\"1100\" \/>\n\t<meta property=\"og:image:type\" content=\"image\/png\" \/>\n<meta name=\"twitter:card\" content=\"summary_large_image\" \/>\n<script type=\"application\/ld+json\" class=\"yoast-schema-graph\">{\"@context\":\"https:\/\/schema.org\",\"@graph\":[{\"@type\":\"WebPage\",\"@id\":\"https:\/\/eurostonepanama.com\/en\/producto\/porcelanato-planet-mud-nt\/\",\"url\":\"https:\/\/eurostonepanama.com\/en\/producto\/porcelanato-planet-mud-nt\/\",\"name\":\"Porcelanato Planet Mud NT - Eurostone\",\"isPartOf\":{\"@id\":\"https:\/\/eurostonepanama.com\/en\/#website\"},\"primaryImageOfPage\":{\"@id\":\"https:\/\/eurostonepanama.com\/en\/producto\/porcelanato-planet-mud-nt\/#primaryimage\"},\"image\":{\"@id\":\"https:\/\/eurostonepanama.com\/en\/producto\/porcelanato-planet-mud-nt\/#primaryimage\"},\"thumbnailUrl\":\"https:\/\/eurostonepanama.com\/wp-content\/uploads\/2023\/11\/peronda-planet-mud-nt.png\",\"datePublished\":\"2023-11-16T14:33:16+00:00\",\"dateModified\":\"2024-04-23T15:40:55+00:00\",\"breadcrumb\":{\"@id\":\"https:\/\/eurostonepanama.com\/en\/producto\/porcelanato-planet-mud-nt\/#breadcrumb\"},\"inLanguage\":\"en-US\",\"potentialAction\":[{\"@type\":\"ReadAction\",\"target\":[\"https:\/\/eurostonepanama.com\/en\/producto\/porcelanato-planet-mud-nt\/\"]}]},{\"@type\":\"ImageObject\",\"inLanguage\":\"en-US\",\"@id\":\"https:\/\/eurostonepanama.com\/en\/producto\/porcelanato-planet-mud-nt\/#primaryimage\",\"url\":\"https:\/\/eurostonepanama.com\/wp-content\/uploads\/2023\/11\/peronda-planet-mud-nt.png\",\"contentUrl\":\"https:\/\/eurostonepanama.com\/wp-content\/uploads\/2023\/11\/peronda-planet-mud-nt.png\",\"width\":1000,\"height\":1100},{\"@type\":\"BreadcrumbList\",\"@id\":\"https:\/\/eurostonepanama.com\/en\/producto\/porcelanato-planet-mud-nt\/#breadcrumb\",\"itemListElement\":[{\"@type\":\"ListItem\",\"position\":1,\"name\":\"Portada\",\"item\":\"https:\/\/eurostonepanama.com\/en\/\"},{\"@type\":\"ListItem\",\"position\":2,\"name\":\"Productos\",\"item\":\"https:\/\/eurostonepanama.com\/tienda\/\"},{\"@type\":\"ListItem\",\"position\":3,\"name\":\"Porcelanato Planet Mud NT\"}]},{\"@type\":\"WebSite\",\"@id\":\"https:\/\/eurostonepanama.com\/en\/#website\",\"url\":\"https:\/\/eurostonepanama.com\/en\/\",\"name\":\"Eurostone\",\"description\":\"Expertos en pisos de M\u00e1rmol, porcelana, sobres y pisos\",\"potentialAction\":[{\"@type\":\"SearchAction\",\"target\":{\"@type\":\"EntryPoint\",\"urlTemplate\":\"https:\/\/eurostonepanama.com\/en\/?s={search_term_string}\"},\"query-input\":{\"@type\":\"PropertyValueSpecification\",\"valueRequired\":true,\"valueName\":\"search_term_string\"}}],\"inLanguage\":\"en-US\"}]}<\/script>\n<!-- \/ Yoast SEO plugin. -->","yoast_head_json":{"title":"Porcelanato Planet Mud NT - Eurostone","robots":{"index":"index","follow":"follow","max-snippet":"max-snippet:-1","max-image-preview":"max-image-preview:large","max-video-preview":"max-video-preview:-1"},"canonical":"https:\/\/eurostonepanama.com\/en\/producto\/porcelanato-planet-mud-nt\/","og_locale":"en_US","og_type":"article","og_title":"Porcelanato Planet Mud NT - Eurostone","og_description":"La colecci\u00f3n PLANET se inspira en la tendencia crom\u00e1tica \u2018Planetary\u2019 que refleja a trav\u00e9s de su combinaci\u00f3n tonal un viaje por paisajes que no parecen de este planeta. Viajamos a trav\u00e9s de ella a universos casi lunares o parajes propios de Marte sin salir de nuestro planeta Tierra. PLANET es una amplia colecci\u00f3n con una gran variedad de formatos y acabados, que nos permite disfrutar del producto en todo tipo de Espacios. De gr\u00e1fica calmada, PLANET se presenta en 5 atractivos y estudiados tonos neutros alineados con las \u00faltimas tendencias crom\u00e1ticas. PLANET es una colecci\u00f3n de avanzadas caracter\u00edsticas t\u00e9cnicas, gracias a su fabricaci\u00f3n en porcel\u00e1nico coloreado y al cuidado desarrollo de su superficie cumple con los est\u00e1ndares m\u00e1s exigentes de UPEC.  De esta manera, la colecci\u00f3n PLANET es el pavimento perfecto tanto para interiores como tambi\u00e9n para exteriores por lo que se convierte en un producto altamente comercial. La nueva actualizaci\u00f3n de la colecci\u00f3n nos trae el formato 60*120, el 75*150 y el color de mejor combinaci\u00f3n: el Blanco. Material sint\u00e9tico","og_url":"https:\/\/eurostonepanama.com\/en\/producto\/porcelanato-planet-mud-nt\/","og_site_name":"Eurostone","article_modified_time":"2024-04-23T15:40:55+00:00","og_image":[{"width":1000,"height":1100,"url":"https:\/\/eurostonepanama.com\/wp-content\/uploads\/2023\/11\/peronda-planet-mud-nt.png","type":"image\/png"}],"twitter_card":"summary_large_image","schema":{"@context":"https:\/\/schema.org","@graph":[{"@type":"WebPage","@id":"https:\/\/eurostonepanama.com\/en\/producto\/porcelanato-planet-mud-nt\/","url":"https:\/\/eurostonepanama.com\/en\/producto\/porcelanato-planet-mud-nt\/","name":"Porcelanato Planet Mud NT - Eurostone","isPartOf":{"@id":"https:\/\/eurostonepanama.com\/en\/#website"},"primaryImageOfPage":{"@id":"https:\/\/eurostonepanama.com\/en\/producto\/porcelanato-planet-mud-nt\/#primaryimage"},"image":{"@id":"https:\/\/eurostonepanama.com\/en\/producto\/porcelanato-planet-mud-nt\/#primaryimage"},"thumbnailUrl":"https:\/\/eurostonepanama.com\/wp-content\/uploads\/2023\/11\/peronda-planet-mud-nt.png","datePublished":"2023-11-16T14:33:16+00:00","dateModified":"2024-04-23T15:40:55+00:00","breadcrumb":{"@id":"https:\/\/eurostonepanama.com\/en\/producto\/porcelanato-planet-mud-nt\/#breadcrumb"},"inLanguage":"en-US","potentialAction":[{"@type":"ReadAction","target":["https:\/\/eurostonepanama.com\/en\/producto\/porcelanato-planet-mud-nt\/"]}]},{"@type":"ImageObject","inLanguage":"en-US","@id":"https:\/\/eurostonepanama.com\/en\/producto\/porcelanato-planet-mud-nt\/#primaryimage","url":"https:\/\/eurostonepanama.com\/wp-content\/uploads\/2023\/11\/peronda-planet-mud-nt.png","contentUrl":"https:\/\/eurostonepanama.com\/wp-content\/uploads\/2023\/11\/peronda-planet-mud-nt.png","width":1000,"height":1100},{"@type":"BreadcrumbList","@id":"https:\/\/eurostonepanama.com\/en\/producto\/porcelanato-planet-mud-nt\/#breadcrumb","itemListElement":[{"@type":"ListItem","position":1,"name":"Portada","item":"https:\/\/eurostonepanama.com\/en\/"},{"@type":"ListItem","position":2,"name":"Productos","item":"https:\/\/eurostonepanama.com\/tienda\/"},{"@type":"ListItem","position":3,"name":"Porcelanato Planet Mud NT"}]},{"@type":"WebSite","@id":"https:\/\/eurostonepanama.com\/en\/#website","url":"https:\/\/eurostonepanama.com\/en\/","name":"Eurostone","description":"Expertos en pisos de M\u00e1rmol, porcelana, sobres y pisos","potentialAction":[{"@type":"SearchAction","target":{"@type":"EntryPoint","urlTemplate":"https:\/\/eurostonepanama.com\/en\/?s={search_term_string}"},"query-input":{"@type":"PropertyValueSpecification","valueRequired":true,"valueName":"search_term_string"}}],"inLanguage":"en-US"}]}},"_links":{"self":[{"href":"https:\/\/eurostonepanama.com\/en\/wp-json\/wp\/v2\/product\/2310","targetHints":{"allow":["GET"]}}],"collection":[{"href":"https:\/\/eurostonepanama.com\/en\/wp-json\/wp\/v2\/product"}],"about":[{"href":"https:\/\/eurostonepanama.com\/en\/wp-json\/wp\/v2\/types\/product"}],"replies":[{"embeddable":true,"href":"https:\/\/eurostonepanama.com\/en\/wp-json\/wp\/v2\/comments?post=2310"}],"version-history":[{"count":4,"href":"https:\/\/eurostonepanama.com\/en\/wp-json\/wp\/v2\/product\/2310\/revisions"}],"predecessor-version":[{"id":2323,"href":"https:\/\/eurostonepanama.com\/en\/wp-json\/wp\/v2\/product\/2310\/revisions\/2323"}],"wp:featuredmedia":[{"embeddable":true,"href":"https:\/\/eurostonepanama.com\/en\/wp-json\/wp\/v2\/media\/2311"}],"wp:attachment":[{"href":"https:\/\/eurostonepanama.com\/en\/wp-json\/wp\/v2\/media?parent=2310"}],"wp:term":[{"taxonomy":"product_brand","embeddable":true,"href":"https:\/\/eurostonepanama.com\/en\/wp-json\/wp\/v2\/product_brand?post=2310"},{"taxonomy":"product_cat","embeddable":true,"href":"https:\/\/eurostonepanama.com\/en\/wp-json\/wp\/v2\/product_cat?post=2310"},{"taxonomy":"product_tag","embeddable":true,"href":"https:\/\/eurostonepanama.com\/en\/wp-json\/wp\/v2\/product_tag?post=2310"}],"curies":[{"name":"wp","href":"https:\/\/api.w.org\/{rel}","templated":true}]}}