{"id":2281,"date":"2023-11-16T13:55:56","date_gmt":"2023-11-16T13:55:56","guid":{"rendered":"https:\/\/www.eurostone-atelier.com\/?post_type=product&#038;p=2281"},"modified":"2024-04-23T22:58:49","modified_gmt":"2024-04-24T03:58:49","slug":"silestone-negro-tebas","status":"publish","type":"product","link":"https:\/\/eurostonepanama.com\/en\/producto\/silestone-negro-tebas\/","title":{"rendered":"Silestone Negro Tebas"},"content":{"rendered":"\t\t<div data-elementor-type=\"product-post\" data-elementor-id=\"2281\" class=\"elementor elementor-2281\" data-elementor-post-type=\"product\">\n\t\t\t\t\t\t<section class=\"wd-negative-gap elementor-section elementor-top-section elementor-element elementor-element-3cfbdfcf elementor-section-boxed elementor-section-height-default elementor-section-height-default\" data-id=\"3cfbdfcf\" data-element_type=\"section\" data-settings=\"{&quot;ekit_has_onepagescroll_dot&quot;:&quot;yes&quot;}\">\n\t\t\t\t\t\t<div class=\"elementor-container elementor-column-gap-default\">\n\t\t\t\t\t<div class=\"elementor-column elementor-col-33 elementor-top-column elementor-element elementor-element-400ff98b\" data-id=\"400ff98b\" data-element_type=\"column\">\n\t\t\t<div class=\"elementor-widget-wrap elementor-element-populated\">\n\t\t\t\t\t\t<div class=\"elementor-element elementor-element-121a8fd7 elementor-widget elementor-widget-wd_text_block\" data-id=\"121a8fd7\" data-element_type=\"widget\" data-settings=\"{&quot;ekit_we_effect_on&quot;:&quot;none&quot;}\" data-widget_type=\"wd_text_block.default\">\n\t\t\t\t<div class=\"elementor-widget-container\">\n\t\t\t\t\t\t\t<div class=\"wd-text-block reset-last-child text-left\">\n\t\t\t\n\t\t\t<h4>Acabados Disponibles<\/h4><div class=\"a_acabados\"><div class=\"acabados_content\"><div class=\"acabados_content_title font-weight-bold\"><strong>Pulido<\/strong><\/div><div class=\"acabados_content_text\">M\u00e1s viveza e intensidad de color y reflejo<\/div><div>\u00a0<\/div><\/div><div class=\"acabados_content\"><div class=\"acabados_content_title font-weight-bold\"><strong>Suede<\/strong><\/div><div class=\"acabados_content_text\">Tacto suave y agradable con una consistencia total de color<\/div><\/div><\/div><p>\u00a0<\/p>\n\t\t\t\t\t<\/div>\n\t\t\t\t\t\t<\/div>\n\t\t\t\t<\/div>\n\t\t\t\t\t<\/div>\n\t\t<\/div>\n\t\t\t\t<div class=\"elementor-column elementor-col-33 elementor-top-column elementor-element elementor-element-411787a2\" data-id=\"411787a2\" data-element_type=\"column\">\n\t\t\t<div class=\"elementor-widget-wrap elementor-element-populated\">\n\t\t\t\t\t\t<div class=\"elementor-element elementor-element-5a5e2953 elementor-widget elementor-widget-wd_text_block\" data-id=\"5a5e2953\" data-element_type=\"widget\" data-settings=\"{&quot;ekit_we_effect_on&quot;:&quot;none&quot;}\" data-widget_type=\"wd_text_block.default\">\n\t\t\t\t<div class=\"elementor-widget-container\">\n\t\t\t\t\t\t\t<div class=\"wd-text-block reset-last-child text-left\">\n\t\t\t\n\t\t\t<h4>Espesores<\/h4><p>1,2 cm<br \/>2,0 cm<br \/>3,0 cm<\/p>\n\t\t\t\t\t<\/div>\n\t\t\t\t\t\t<\/div>\n\t\t\t\t<\/div>\n\t\t\t\t\t<\/div>\n\t\t<\/div>\n\t\t\t\t<div class=\"elementor-column elementor-col-33 elementor-top-column elementor-element elementor-element-0f9a851\" data-id=\"0f9a851\" data-element_type=\"column\">\n\t\t\t<div class=\"elementor-widget-wrap elementor-element-populated\">\n\t\t\t\t\t\t<div class=\"elementor-element elementor-element-8c318df elementor-widget elementor-widget-wd_text_block\" data-id=\"8c318df\" data-element_type=\"widget\" data-settings=\"{&quot;ekit_we_effect_on&quot;:&quot;none&quot;}\" data-widget_type=\"wd_text_block.default\">\n\t\t\t\t<div class=\"elementor-widget-container\">\n\t\t\t\t\t\t\t<div class=\"wd-text-block reset-last-child text-left\">\n\t\t\t\n\t\t\t<h4>Formato<\/h4><p><strong>Est\u00e1ndar:<\/strong><br \/>306 x 141 cm<\/p><p><strong>Jumbo:<\/strong><br \/>327 x 159 cm<\/p>\n\t\t\t\t\t<\/div>\n\t\t\t\t\t\t<\/div>\n\t\t\t\t<\/div>\n\t\t\t\t\t<\/div>\n\t\t<\/div>\n\t\t\t\t\t<\/div>\n\t\t<\/section>\n\t\t\t\t<section class=\"wd-negative-gap elementor-section elementor-top-section elementor-element elementor-element-6c2685f6 elementor-section-boxed elementor-section-height-default elementor-section-height-default\" data-id=\"6c2685f6\" data-element_type=\"section\" data-settings=\"{&quot;ekit_has_onepagescroll_dot&quot;:&quot;yes&quot;}\">\n\t\t\t\t\t\t<div class=\"elementor-container elementor-column-gap-default\">\n\t\t\t\t\t<div class=\"elementor-column elementor-col-50 elementor-top-column elementor-element elementor-element-5bfd7f4d\" data-id=\"5bfd7f4d\" data-element_type=\"column\">\n\t\t\t<div class=\"elementor-widget-wrap elementor-element-populated\">\n\t\t\t\t\t\t<div class=\"elementor-element elementor-element-3100b194 color-scheme-inherit text-left elementor-widget elementor-widget-text-editor\" data-id=\"3100b194\" data-element_type=\"widget\" data-settings=\"{&quot;ekit_we_effect_on&quot;:&quot;none&quot;}\" data-widget_type=\"text-editor.default\">\n\t\t\t\t<div class=\"elementor-widget-container\">\n\t\t\t\t\t\t\t\t\t<h2>\u00bfPor qu\u00e9 elegir Silestone Negro tebas?<\/h2>\nSilestone es una superficie h\u00edbrida de minerales y materiales reciclados capaz de aportar color y textura a tu espacio. Gracias a su exclusiva e innovadora tecnolog\u00eda HybriQ +, el mantenimiento es m\u00ednimo y se garantiza una alta resistencia a las manchas y rayados.\t\t\t\t\t\t\t\t<\/div>\n\t\t\t\t<\/div>\n\t\t\t\t\t<\/div>\n\t\t<\/div>\n\t\t\t\t<div class=\"elementor-column elementor-col-50 elementor-top-column elementor-element elementor-element-3532b333\" data-id=\"3532b333\" data-element_type=\"column\">\n\t\t\t<div class=\"elementor-widget-wrap elementor-element-populated\">\n\t\t\t\t\t\t<div class=\"elementor-element elementor-element-3197571f elementor-widget elementor-widget-spacer\" data-id=\"3197571f\" data-element_type=\"widget\" data-settings=\"{&quot;ekit_we_effect_on&quot;:&quot;none&quot;}\" data-widget_type=\"spacer.default\">\n\t\t\t\t<div class=\"elementor-widget-container\">\n\t\t\t\t\t\t\t<div class=\"elementor-spacer\">\n\t\t\t<div class=\"elementor-spacer-inner\"><\/div>\n\t\t<\/div>\n\t\t\t\t\t\t<\/div>\n\t\t\t\t<\/div>\n\t\t\t\t<div class=\"elementor-element elementor-element-3468d608 color-scheme-inherit text-left elementor-widget elementor-widget-text-editor\" data-id=\"3468d608\" data-element_type=\"widget\" data-settings=\"{&quot;ekit_we_effect_on&quot;:&quot;none&quot;}\" data-widget_type=\"text-editor.default\">\n\t\t\t\t<div class=\"elementor-widget-container\">\n\t\t\t\t\t\t\t\t\t<p>Desde su nacimiento, Silestone\u00ae ha marcado las tendencias m\u00e1s significativas en su categor\u00eda, transformado el mundo de las encimeras de cocina, siendo hoy un referente en el dise\u00f1o interior. Una vez m\u00e1s, volvemos a cambiarlo todo.<\/p>\t\t\t\t\t\t\t\t<\/div>\n\t\t\t\t<\/div>\n\t\t\t\t\t<\/div>\n\t\t<\/div>\n\t\t\t\t\t<\/div>\n\t\t<\/section>\n\t\t\t\t<section class=\"wd-negative-gap elementor-section elementor-top-section elementor-element elementor-element-9bfed0e elementor-section-boxed elementor-section-height-default elementor-section-height-default\" data-id=\"9bfed0e\" data-element_type=\"section\" data-settings=\"{&quot;ekit_has_onepagescroll_dot&quot;:&quot;yes&quot;}\">\n\t\t\t\t\t\t<div class=\"elementor-container elementor-column-gap-default\">\n\t\t\t\t\t<div class=\"elementor-column elementor-col-100 elementor-top-column elementor-element elementor-element-6e1bc6c7\" data-id=\"6e1bc6c7\" data-element_type=\"column\">\n\t\t\t<div class=\"elementor-widget-wrap elementor-element-populated\">\n\t\t\t\t\t\t<div class=\"elementor-element elementor-element-57490321 color-scheme-inherit text-left elementor-widget elementor-widget-text-editor\" data-id=\"57490321\" data-element_type=\"widget\" data-settings=\"{&quot;ekit_we_effect_on&quot;:&quot;none&quot;}\" data-widget_type=\"text-editor.default\">\n\t\t\t\t<div class=\"elementor-widget-container\">\n\t\t\t\t\t\t\t\t\t<h3>Ventajas de Silestone<\/h3>\t\t\t\t\t\t\t\t<\/div>\n\t\t\t\t<\/div>\n\t\t\t\t\t<\/div>\n\t\t<\/div>\n\t\t\t\t\t<\/div>\n\t\t<\/section>\n\t\t\t\t<section class=\"wd-negative-gap elementor-section elementor-top-section elementor-element elementor-element-2dbf395b elementor-section-boxed elementor-section-height-default elementor-section-height-default\" data-id=\"2dbf395b\" data-element_type=\"section\" data-settings=\"{&quot;ekit_has_onepagescroll_dot&quot;:&quot;yes&quot;}\">\n\t\t\t\t\t\t<div class=\"elementor-container elementor-column-gap-default\">\n\t\t\t\t\t<div class=\"elementor-column elementor-col-33 elementor-top-column elementor-element elementor-element-36d41606\" data-id=\"36d41606\" data-element_type=\"column\">\n\t\t\t<div class=\"elementor-widget-wrap elementor-element-populated\">\n\t\t\t\t\t\t<div class=\"elementor-element elementor-element-01a5b5a elementor-widget elementor-widget-image\" data-id=\"01a5b5a\" data-element_type=\"widget\" data-settings=\"{&quot;ekit_we_effect_on&quot;:&quot;none&quot;}\" data-widget_type=\"image.default\">\n\t\t\t\t<div class=\"elementor-widget-container\">\n\t\t\t\t\t\t\t\t\t\t\t\t\t\t\t<img fetchpriority=\"high\" decoding=\"async\" width=\"700\" height=\"526\" src=\"https:\/\/eurostonepanama.com\/wp-content\/uploads\/2023\/11\/sl-rayado.jpg\" class=\"attachment-large size-large wp-image-2179\" alt=\"\" srcset=\"https:\/\/eurostonepanama.com\/wp-content\/uploads\/2023\/11\/sl-rayado.jpg 700w, https:\/\/eurostonepanama.com\/wp-content\/uploads\/2023\/11\/sl-rayado-300x225.jpg 300w, https:\/\/eurostonepanama.com\/wp-content\/uploads\/2023\/11\/sl-rayado-150x113.jpg 150w\" sizes=\"(max-width: 700px) 100vw, 700px\" \/>\t\t\t\t\t\t\t\t\t\t\t\t\t\t\t<\/div>\n\t\t\t\t<\/div>\n\t\t\t\t<div class=\"elementor-element elementor-element-12a8ebe9 color-scheme-inherit text-left elementor-widget elementor-widget-text-editor\" data-id=\"12a8ebe9\" data-element_type=\"widget\" data-settings=\"{&quot;ekit_we_effect_on&quot;:&quot;none&quot;}\" data-widget_type=\"text-editor.default\">\n\t\t\t\t<div class=\"elementor-widget-container\">\n\t\t\t\t\t\t\t\t\t<h4>Altamente resistente al rayado<\/h4>\nEl uso y el desgaste diarios no rayan Silestone.\t\t\t\t\t\t\t\t<\/div>\n\t\t\t\t<\/div>\n\t\t\t\t\t<\/div>\n\t\t<\/div>\n\t\t\t\t<div class=\"elementor-column elementor-col-33 elementor-top-column elementor-element elementor-element-54fc8c6c\" data-id=\"54fc8c6c\" data-element_type=\"column\">\n\t\t\t<div class=\"elementor-widget-wrap elementor-element-populated\">\n\t\t\t\t\t\t<div class=\"elementor-element elementor-element-6970538 elementor-widget elementor-widget-image\" data-id=\"6970538\" data-element_type=\"widget\" data-settings=\"{&quot;ekit_we_effect_on&quot;:&quot;none&quot;}\" data-widget_type=\"image.default\">\n\t\t\t\t<div class=\"elementor-widget-container\">\n\t\t\t\t\t\t\t\t\t\t\t\t\t\t\t<img decoding=\"async\" width=\"700\" height=\"526\" src=\"https:\/\/eurostonepanama.com\/wp-content\/uploads\/2023\/11\/sl-manchas.jpg\" class=\"attachment-large size-large wp-image-2177\" alt=\"\" srcset=\"https:\/\/eurostonepanama.com\/wp-content\/uploads\/2023\/11\/sl-manchas.jpg 700w, https:\/\/eurostonepanama.com\/wp-content\/uploads\/2023\/11\/sl-manchas-300x225.jpg 300w, https:\/\/eurostonepanama.com\/wp-content\/uploads\/2023\/11\/sl-manchas-150x113.jpg 150w\" sizes=\"(max-width: 700px) 100vw, 700px\" \/>\t\t\t\t\t\t\t\t\t\t\t\t\t\t\t<\/div>\n\t\t\t\t<\/div>\n\t\t\t\t<div class=\"elementor-element elementor-element-59e89271 color-scheme-inherit text-left elementor-widget elementor-widget-text-editor\" data-id=\"59e89271\" data-element_type=\"widget\" data-settings=\"{&quot;ekit_we_effect_on&quot;:&quot;none&quot;}\" data-widget_type=\"text-editor.default\">\n\t\t\t\t<div class=\"elementor-widget-container\">\n\t\t\t\t\t\t\t\t\t<h4>Resistencia a las manchas<\/h4>\nSu baja porosidad hace que sea altamente resistente a las manchas.\t\t\t\t\t\t\t\t<\/div>\n\t\t\t\t<\/div>\n\t\t\t\t\t<\/div>\n\t\t<\/div>\n\t\t\t\t<div class=\"elementor-column elementor-col-33 elementor-top-column elementor-element elementor-element-7c1c5a32\" data-id=\"7c1c5a32\" data-element_type=\"column\">\n\t\t\t<div class=\"elementor-widget-wrap elementor-element-populated\">\n\t\t\t\t\t\t<div class=\"elementor-element elementor-element-7a3165b elementor-widget elementor-widget-image\" data-id=\"7a3165b\" data-element_type=\"widget\" data-settings=\"{&quot;ekit_we_effect_on&quot;:&quot;none&quot;}\" data-widget_type=\"image.default\">\n\t\t\t\t<div class=\"elementor-widget-container\">\n\t\t\t\t\t\t\t\t\t\t\t\t\t\t\t<img decoding=\"async\" width=\"700\" height=\"526\" src=\"https:\/\/eurostonepanama.com\/wp-content\/uploads\/2023\/11\/sl-impacto.jpg\" class=\"attachment-large size-large wp-image-2175\" alt=\"\" srcset=\"https:\/\/eurostonepanama.com\/wp-content\/uploads\/2023\/11\/sl-impacto.jpg 700w, https:\/\/eurostonepanama.com\/wp-content\/uploads\/2023\/11\/sl-impacto-300x225.jpg 300w, https:\/\/eurostonepanama.com\/wp-content\/uploads\/2023\/11\/sl-impacto-150x113.jpg 150w\" sizes=\"(max-width: 700px) 100vw, 700px\" \/>\t\t\t\t\t\t\t\t\t\t\t\t\t\t\t<\/div>\n\t\t\t\t<\/div>\n\t\t\t\t<div class=\"elementor-element elementor-element-45fa1a4b color-scheme-inherit text-left elementor-widget elementor-widget-text-editor\" data-id=\"45fa1a4b\" data-element_type=\"widget\" data-settings=\"{&quot;ekit_we_effect_on&quot;:&quot;none&quot;}\" data-widget_type=\"text-editor.default\">\n\t\t\t\t<div class=\"elementor-widget-container\">\n\t\t\t\t\t\t\t\t\t<h4>Gran resistencia a impactos<\/h4>\nAlta resistencia a los impactos y golpes diarios\t\t\t\t\t\t\t\t<\/div>\n\t\t\t\t<\/div>\n\t\t\t\t\t<\/div>\n\t\t<\/div>\n\t\t\t\t\t<\/div>\n\t\t<\/section>\n\t\t\t\t<section class=\"wd-negative-gap elementor-section elementor-top-section elementor-element elementor-element-1f07534 elementor-section-boxed elementor-section-height-default elementor-section-height-default\" data-id=\"1f07534\" data-element_type=\"section\" data-settings=\"{&quot;ekit_has_onepagescroll_dot&quot;:&quot;yes&quot;}\">\n\t\t\t\t\t\t<div class=\"elementor-container elementor-column-gap-default\">\n\t\t\t\t\t<div class=\"elementor-column elementor-col-33 elementor-top-column elementor-element elementor-element-e425a6c\" data-id=\"e425a6c\" data-element_type=\"column\">\n\t\t\t<div class=\"elementor-widget-wrap elementor-element-populated\">\n\t\t\t\t\t\t<div class=\"elementor-element elementor-element-6e4b04c elementor-widget elementor-widget-image\" data-id=\"6e4b04c\" data-element_type=\"widget\" data-settings=\"{&quot;ekit_we_effect_on&quot;:&quot;none&quot;}\" data-widget_type=\"image.default\">\n\t\t\t\t<div class=\"elementor-widget-container\">\n\t\t\t\t\t\t\t\t\t\t\t\t\t\t\t<img loading=\"lazy\" decoding=\"async\" width=\"700\" height=\"526\" src=\"https:\/\/eurostonepanama.com\/wp-content\/uploads\/2023\/11\/sl-acido.jpg\" class=\"attachment-large size-large wp-image-2173\" alt=\"\" srcset=\"https:\/\/eurostonepanama.com\/wp-content\/uploads\/2023\/11\/sl-acido.jpg 700w, https:\/\/eurostonepanama.com\/wp-content\/uploads\/2023\/11\/sl-acido-300x225.jpg 300w, https:\/\/eurostonepanama.com\/wp-content\/uploads\/2023\/11\/sl-acido-150x113.jpg 150w\" sizes=\"(max-width: 700px) 100vw, 700px\" \/>\t\t\t\t\t\t\t\t\t\t\t\t\t\t\t<\/div>\n\t\t\t\t<\/div>\n\t\t\t\t<div class=\"elementor-element elementor-element-2bc100f9 color-scheme-inherit text-left elementor-widget elementor-widget-text-editor\" data-id=\"2bc100f9\" data-element_type=\"widget\" data-settings=\"{&quot;ekit_we_effect_on&quot;:&quot;none&quot;}\" data-widget_type=\"text-editor.default\">\n\t\t\t\t<div class=\"elementor-widget-container\">\n\t\t\t\t\t\t\t\t\t<h4>Resistente al \u00e1cido<\/h4>\nLa baja porosidad de Silestone evita que se da\u00f1e por manchas de \u00e1cido.\t\t\t\t\t\t\t\t<\/div>\n\t\t\t\t<\/div>\n\t\t\t\t\t<\/div>\n\t\t<\/div>\n\t\t\t\t<div class=\"elementor-column elementor-col-33 elementor-top-column elementor-element elementor-element-63fb70df\" data-id=\"63fb70df\" data-element_type=\"column\">\n\t\t\t<div class=\"elementor-widget-wrap\">\n\t\t\t\t\t\t\t<\/div>\n\t\t<\/div>\n\t\t\t\t<div class=\"elementor-column elementor-col-33 elementor-top-column elementor-element elementor-element-74210647\" data-id=\"74210647\" data-element_type=\"column\">\n\t\t\t<div class=\"elementor-widget-wrap\">\n\t\t\t\t\t\t\t<\/div>\n\t\t<\/div>\n\t\t\t\t\t<\/div>\n\t\t<\/section>\n\t\t\t\t<\/div>\n\t\t","protected":false},"excerpt":{"rendered":"<p>Gracias a la tecnolog\u00eda N-Boost este negro luce impoluto y brillante, sin impurezas, ni vetas. Solo el negro m\u00e1s puro y cautivador.<\/p>\n<p><strong>Material:<\/strong> Material sint\u00e9tico<\/p>\n<div class=\"mr-m\">\n<h4 class=\"mb-s\">Technology<\/h4>\n<p><a href=\"https:\/\/www.cosentino.com\/es\/silestone\/hybriq-technology\/\"> <img decoding=\"async\" class=\"logo-hybriq entered lazyloaded\" src=\"https:\/\/www.cosentino.com\/es\/wp-content\/plugins\/CosentinoShowcase\/assets\/img\/logohybriQ.svg\" alt=\"Hybriq\" data-lazy-src=\"https:\/\/www.cosentino.com\/es\/wp-content\/plugins\/CosentinoShowcase\/views\/partials\/..\/..\/assets\/img\/logohybriQ.svg\" data-ll-status=\"loaded\" \/> <\/a><\/p>\n<\/div>\n<div>\n<h4 class=\"mb-xs\">Certificados<\/h4>\n<div class=\"certificates\"><img loading=\"lazy\" decoding=\"async\" class=\"logo-epd mr-xs entered lazyloaded\" src=\"https:\/\/www.cosentino.com\/es\/wp-content\/plugins\/CosentinoShowcase\/assets\/img\/logo-epd.jpg\" alt=\"Environmental Product Declarations\" width=\"149\" height=\"37\" data-lazy-src=\"https:\/\/www.cosentino.com\/es\/wp-content\/plugins\/CosentinoShowcase\/views\/partials\/..\/..\/assets\/img\/logo-epd.jpg\" data-ll-status=\"loaded\" \/><\/div>\n<\/div>\n","protected":false},"featured_media":3071,"comment_status":"open","ping_status":"closed","template":"","meta":[],"product_brand":[],"product_cat":[90],"product_tag":[],"class_list":{"0":"post-2281","1":"product","2":"type-product","3":"status-publish","4":"has-post-thumbnail","6":"product_cat-silestone","8":"first","9":"instock","10":"shipping-taxable","11":"product-type-simple"},"yoast_head":"<!-- This site is optimized with the Yoast SEO plugin v26.1.1 - https:\/\/yoast.com\/wordpress\/plugins\/seo\/ -->\n<title>Silestone Negro Tebas - Eurostone<\/title>\n<meta name=\"robots\" content=\"index, follow, max-snippet:-1, max-image-preview:large, max-video-preview:-1\" \/>\n<link rel=\"canonical\" href=\"https:\/\/eurostonepanama.com\/en\/producto\/silestone-negro-tebas\/\" \/>\n<meta property=\"og:locale\" content=\"en_US\" \/>\n<meta property=\"og:type\" content=\"article\" \/>\n<meta property=\"og:title\" content=\"Silestone Negro Tebas - Eurostone\" \/>\n<meta property=\"og:description\" content=\"Gracias a la tecnolog\u00eda N-Boost este negro luce impoluto y brillante, sin impurezas, ni vetas. Solo el negro m\u00e1s puro y cautivador.  Material: Material sint\u00e9tico  Technology      Certificados\" \/>\n<meta property=\"og:url\" content=\"https:\/\/eurostonepanama.com\/en\/producto\/silestone-negro-tebas\/\" \/>\n<meta property=\"og:site_name\" content=\"Eurostone\" \/>\n<meta property=\"article:modified_time\" content=\"2024-04-24T03:58:49+00:00\" \/>\n<meta property=\"og:image\" content=\"https:\/\/eurostonepanama.com\/wp-content\/uploads\/2023\/11\/silestone-negro-tebas.webp\" \/>\n\t<meta property=\"og:image:width\" content=\"1000\" \/>\n\t<meta property=\"og:image:height\" content=\"1000\" \/>\n\t<meta property=\"og:image:type\" content=\"image\/webp\" \/>\n<meta name=\"twitter:card\" content=\"summary_large_image\" \/>\n<meta name=\"twitter:label1\" content=\"Est. reading time\" \/>\n\t<meta name=\"twitter:data1\" content=\"1 minute\" \/>\n<script type=\"application\/ld+json\" class=\"yoast-schema-graph\">{\"@context\":\"https:\/\/schema.org\",\"@graph\":[{\"@type\":\"WebPage\",\"@id\":\"https:\/\/eurostonepanama.com\/en\/producto\/silestone-negro-tebas\/\",\"url\":\"https:\/\/eurostonepanama.com\/en\/producto\/silestone-negro-tebas\/\",\"name\":\"Silestone Negro Tebas - Eurostone\",\"isPartOf\":{\"@id\":\"https:\/\/eurostonepanama.com\/en\/#website\"},\"primaryImageOfPage\":{\"@id\":\"https:\/\/eurostonepanama.com\/en\/producto\/silestone-negro-tebas\/#primaryimage\"},\"image\":{\"@id\":\"https:\/\/eurostonepanama.com\/en\/producto\/silestone-negro-tebas\/#primaryimage\"},\"thumbnailUrl\":\"https:\/\/eurostonepanama.com\/wp-content\/uploads\/2023\/11\/silestone-negro-tebas.webp\",\"datePublished\":\"2023-11-16T13:55:56+00:00\",\"dateModified\":\"2024-04-24T03:58:49+00:00\",\"breadcrumb\":{\"@id\":\"https:\/\/eurostonepanama.com\/en\/producto\/silestone-negro-tebas\/#breadcrumb\"},\"inLanguage\":\"en-US\",\"potentialAction\":[{\"@type\":\"ReadAction\",\"target\":[\"https:\/\/eurostonepanama.com\/en\/producto\/silestone-negro-tebas\/\"]}]},{\"@type\":\"ImageObject\",\"inLanguage\":\"en-US\",\"@id\":\"https:\/\/eurostonepanama.com\/en\/producto\/silestone-negro-tebas\/#primaryimage\",\"url\":\"https:\/\/eurostonepanama.com\/wp-content\/uploads\/2023\/11\/silestone-negro-tebas.webp\",\"contentUrl\":\"https:\/\/eurostonepanama.com\/wp-content\/uploads\/2023\/11\/silestone-negro-tebas.webp\",\"width\":1000,\"height\":1000},{\"@type\":\"BreadcrumbList\",\"@id\":\"https:\/\/eurostonepanama.com\/en\/producto\/silestone-negro-tebas\/#breadcrumb\",\"itemListElement\":[{\"@type\":\"ListItem\",\"position\":1,\"name\":\"Portada\",\"item\":\"https:\/\/eurostonepanama.com\/en\/\"},{\"@type\":\"ListItem\",\"position\":2,\"name\":\"Productos\",\"item\":\"https:\/\/eurostonepanama.com\/tienda\/\"},{\"@type\":\"ListItem\",\"position\":3,\"name\":\"Silestone Negro Tebas\"}]},{\"@type\":\"WebSite\",\"@id\":\"https:\/\/eurostonepanama.com\/en\/#website\",\"url\":\"https:\/\/eurostonepanama.com\/en\/\",\"name\":\"Eurostone\",\"description\":\"Expertos en pisos de M\u00e1rmol, porcelana, sobres y pisos\",\"potentialAction\":[{\"@type\":\"SearchAction\",\"target\":{\"@type\":\"EntryPoint\",\"urlTemplate\":\"https:\/\/eurostonepanama.com\/en\/?s={search_term_string}\"},\"query-input\":{\"@type\":\"PropertyValueSpecification\",\"valueRequired\":true,\"valueName\":\"search_term_string\"}}],\"inLanguage\":\"en-US\"}]}<\/script>\n<!-- \/ Yoast SEO plugin. -->","yoast_head_json":{"title":"Silestone Negro Tebas - Eurostone","robots":{"index":"index","follow":"follow","max-snippet":"max-snippet:-1","max-image-preview":"max-image-preview:large","max-video-preview":"max-video-preview:-1"},"canonical":"https:\/\/eurostonepanama.com\/en\/producto\/silestone-negro-tebas\/","og_locale":"en_US","og_type":"article","og_title":"Silestone Negro Tebas - Eurostone","og_description":"Gracias a la tecnolog\u00eda N-Boost este negro luce impoluto y brillante, sin impurezas, ni vetas. Solo el negro m\u00e1s puro y cautivador.  Material: Material sint\u00e9tico  Technology      Certificados","og_url":"https:\/\/eurostonepanama.com\/en\/producto\/silestone-negro-tebas\/","og_site_name":"Eurostone","article_modified_time":"2024-04-24T03:58:49+00:00","og_image":[{"width":1000,"height":1000,"url":"https:\/\/eurostonepanama.com\/wp-content\/uploads\/2023\/11\/silestone-negro-tebas.webp","type":"image\/webp"}],"twitter_card":"summary_large_image","twitter_misc":{"Est. reading time":"1 minute"},"schema":{"@context":"https:\/\/schema.org","@graph":[{"@type":"WebPage","@id":"https:\/\/eurostonepanama.com\/en\/producto\/silestone-negro-tebas\/","url":"https:\/\/eurostonepanama.com\/en\/producto\/silestone-negro-tebas\/","name":"Silestone Negro Tebas - Eurostone","isPartOf":{"@id":"https:\/\/eurostonepanama.com\/en\/#website"},"primaryImageOfPage":{"@id":"https:\/\/eurostonepanama.com\/en\/producto\/silestone-negro-tebas\/#primaryimage"},"image":{"@id":"https:\/\/eurostonepanama.com\/en\/producto\/silestone-negro-tebas\/#primaryimage"},"thumbnailUrl":"https:\/\/eurostonepanama.com\/wp-content\/uploads\/2023\/11\/silestone-negro-tebas.webp","datePublished":"2023-11-16T13:55:56+00:00","dateModified":"2024-04-24T03:58:49+00:00","breadcrumb":{"@id":"https:\/\/eurostonepanama.com\/en\/producto\/silestone-negro-tebas\/#breadcrumb"},"inLanguage":"en-US","potentialAction":[{"@type":"ReadAction","target":["https:\/\/eurostonepanama.com\/en\/producto\/silestone-negro-tebas\/"]}]},{"@type":"ImageObject","inLanguage":"en-US","@id":"https:\/\/eurostonepanama.com\/en\/producto\/silestone-negro-tebas\/#primaryimage","url":"https:\/\/eurostonepanama.com\/wp-content\/uploads\/2023\/11\/silestone-negro-tebas.webp","contentUrl":"https:\/\/eurostonepanama.com\/wp-content\/uploads\/2023\/11\/silestone-negro-tebas.webp","width":1000,"height":1000},{"@type":"BreadcrumbList","@id":"https:\/\/eurostonepanama.com\/en\/producto\/silestone-negro-tebas\/#breadcrumb","itemListElement":[{"@type":"ListItem","position":1,"name":"Portada","item":"https:\/\/eurostonepanama.com\/en\/"},{"@type":"ListItem","position":2,"name":"Productos","item":"https:\/\/eurostonepanama.com\/tienda\/"},{"@type":"ListItem","position":3,"name":"Silestone Negro Tebas"}]},{"@type":"WebSite","@id":"https:\/\/eurostonepanama.com\/en\/#website","url":"https:\/\/eurostonepanama.com\/en\/","name":"Eurostone","description":"Expertos en pisos de M\u00e1rmol, porcelana, sobres y pisos","potentialAction":[{"@type":"SearchAction","target":{"@type":"EntryPoint","urlTemplate":"https:\/\/eurostonepanama.com\/en\/?s={search_term_string}"},"query-input":{"@type":"PropertyValueSpecification","valueRequired":true,"valueName":"search_term_string"}}],"inLanguage":"en-US"}]}},"_links":{"self":[{"href":"https:\/\/eurostonepanama.com\/en\/wp-json\/wp\/v2\/product\/2281","targetHints":{"allow":["GET"]}}],"collection":[{"href":"https:\/\/eurostonepanama.com\/en\/wp-json\/wp\/v2\/product"}],"about":[{"href":"https:\/\/eurostonepanama.com\/en\/wp-json\/wp\/v2\/types\/product"}],"replies":[{"embeddable":true,"href":"https:\/\/eurostonepanama.com\/en\/wp-json\/wp\/v2\/comments?post=2281"}],"version-history":[{"count":19,"href":"https:\/\/eurostonepanama.com\/en\/wp-json\/wp\/v2\/product\/2281\/revisions"}],"predecessor-version":[{"id":2382,"href":"https:\/\/eurostonepanama.com\/en\/wp-json\/wp\/v2\/product\/2281\/revisions\/2382"}],"wp:featuredmedia":[{"embeddable":true,"href":"https:\/\/eurostonepanama.com\/en\/wp-json\/wp\/v2\/media\/3071"}],"wp:attachment":[{"href":"https:\/\/eurostonepanama.com\/en\/wp-json\/wp\/v2\/media?parent=2281"}],"wp:term":[{"taxonomy":"product_brand","embeddable":true,"href":"https:\/\/eurostonepanama.com\/en\/wp-json\/wp\/v2\/product_brand?post=2281"},{"taxonomy":"product_cat","embeddable":true,"href":"https:\/\/eurostonepanama.com\/en\/wp-json\/wp\/v2\/product_cat?post=2281"},{"taxonomy":"product_tag","embeddable":true,"href":"https:\/\/eurostonepanama.com\/en\/wp-json\/wp\/v2\/product_tag?post=2281"}],"curies":[{"name":"wp","href":"https:\/\/api.w.org\/{rel}","templated":true}]}}