{"id":2158,"date":"2023-11-14T20:48:24","date_gmt":"2023-11-14T20:48:24","guid":{"rendered":"https:\/\/www.eurostone-atelier.com\/?post_type=product&#038;p=2158"},"modified":"2024-04-23T22:56:40","modified_gmt":"2024-04-24T03:56:40","slug":"silestone-miami-white","status":"publish","type":"product","link":"https:\/\/eurostonepanama.com\/en\/producto\/silestone-miami-white\/","title":{"rendered":"Silestone Miami White"},"content":{"rendered":"\t\t<div data-elementor-type=\"product-post\" data-elementor-id=\"2158\" class=\"elementor elementor-2158\" data-elementor-post-type=\"product\">\n\t\t\t\t\t\t<section class=\"wd-negative-gap elementor-section elementor-top-section elementor-element elementor-element-786b64ae elementor-section-boxed elementor-section-height-default elementor-section-height-default\" data-id=\"786b64ae\" data-element_type=\"section\" data-settings=\"{&quot;ekit_has_onepagescroll_dot&quot;:&quot;yes&quot;}\">\n\t\t\t\t\t\t<div class=\"elementor-container elementor-column-gap-default\">\n\t\t\t\t\t<div class=\"elementor-column elementor-col-33 elementor-top-column elementor-element elementor-element-4798d64\" data-id=\"4798d64\" data-element_type=\"column\">\n\t\t\t<div class=\"elementor-widget-wrap elementor-element-populated\">\n\t\t\t\t\t\t<div class=\"elementor-element elementor-element-128d6210 elementor-widget elementor-widget-wd_text_block\" data-id=\"128d6210\" data-element_type=\"widget\" data-settings=\"{&quot;ekit_we_effect_on&quot;:&quot;none&quot;}\" data-widget_type=\"wd_text_block.default\">\n\t\t\t\t<div class=\"elementor-widget-container\">\n\t\t\t\t\t\t\t<div class=\"wd-text-block reset-last-child text-left\">\n\t\t\t\n\t\t\t<h4><span style=\"color: #000000;\">Acabados Disponibles<\/span><\/h4><div class=\"a_acabados\"><div class=\"acabados_content\"><div class=\"acabados_content_title font-weight-bold\"><span style=\"color: #000000;\"><strong>Pulido<\/strong><\/span><\/div><div class=\"acabados_content_text\"><span style=\"color: #000000;\">M\u00e1s viveza e intensidad de color y reflejo<\/span><\/div><div>\u00a0<\/div><\/div><div class=\"acabados_content\"><div class=\"acabados_content_title font-weight-bold\"><span style=\"color: #000000;\"><strong>Suede<\/strong><\/span><\/div><div class=\"acabados_content_text\"><span style=\"color: #000000;\">Tacto suave y agradable con una consistencia total de color<\/span><\/div><\/div><\/div><p>\u00a0<\/p>\n\t\t\t\t\t<\/div>\n\t\t\t\t\t\t<\/div>\n\t\t\t\t<\/div>\n\t\t\t\t\t<\/div>\n\t\t<\/div>\n\t\t\t\t<div class=\"elementor-column elementor-col-33 elementor-top-column elementor-element elementor-element-67247259\" data-id=\"67247259\" data-element_type=\"column\">\n\t\t\t<div class=\"elementor-widget-wrap elementor-element-populated\">\n\t\t\t\t\t\t<div class=\"elementor-element elementor-element-7d4bc07f elementor-widget elementor-widget-wd_text_block\" data-id=\"7d4bc07f\" data-element_type=\"widget\" data-settings=\"{&quot;ekit_we_effect_on&quot;:&quot;none&quot;}\" data-widget_type=\"wd_text_block.default\">\n\t\t\t\t<div class=\"elementor-widget-container\">\n\t\t\t\t\t\t\t<div class=\"wd-text-block reset-last-child text-left\">\n\t\t\t\n\t\t\t<h4>Espesores<\/h4><div class=\"espesor_block d-flex\"><span class=\"span-espesor\">2,0 cm<\/span><\/div><div class=\"espesor_block d-flex\"><div class=\"container-line d-flex\"><div class=\"grosor grosor-1\">\u00a0<\/div><\/div><span class=\"span-espesor\">1,2 cm<\/span><\/div><div class=\"espesor_block d-flex\"><div class=\"container-line d-flex\"><div class=\"grosor grosor-3\">\u00a0<\/div><\/div><span class=\"span-espesor\">3,0 cm<\/span><\/div>\n\t\t\t\t\t<\/div>\n\t\t\t\t\t\t<\/div>\n\t\t\t\t<\/div>\n\t\t\t\t\t<\/div>\n\t\t<\/div>\n\t\t\t\t<div class=\"elementor-column elementor-col-33 elementor-top-column elementor-element elementor-element-bb7f033\" data-id=\"bb7f033\" data-element_type=\"column\">\n\t\t\t<div class=\"elementor-widget-wrap elementor-element-populated\">\n\t\t\t\t\t\t<div class=\"elementor-element elementor-element-dbd8452 elementor-widget elementor-widget-wd_text_block\" data-id=\"dbd8452\" data-element_type=\"widget\" data-settings=\"{&quot;ekit_we_effect_on&quot;:&quot;none&quot;}\" data-widget_type=\"wd_text_block.default\">\n\t\t\t\t<div class=\"elementor-widget-container\">\n\t\t\t\t\t\t\t<div class=\"wd-text-block reset-last-child text-left\">\n\t\t\t\n\t\t\t<div class=\"col-6 col-md-12 col-lg-6\"><div class=\"formatos block_content\"><h4 class=\"title font-weight-bold m-0 pb-4\">Formato<\/h4><dl class=\"text format\"><dt>Est\u00e1ndar:<\/dt><dd>306 x 141 cm<\/dd><\/dl><dl class=\"text format\"><dt>Jumbo:<\/dt><dd>327 x 159 cm<\/dd><\/dl><\/div><\/div>\n\t\t\t\t\t<\/div>\n\t\t\t\t\t\t<\/div>\n\t\t\t\t<\/div>\n\t\t\t\t\t<\/div>\n\t\t<\/div>\n\t\t\t\t\t<\/div>\n\t\t<\/section>\n\t\t\t\t<section class=\"wd-negative-gap elementor-section elementor-top-section elementor-element elementor-element-5d543fc3 elementor-section-boxed elementor-section-height-default elementor-section-height-default\" data-id=\"5d543fc3\" data-element_type=\"section\" data-settings=\"{&quot;ekit_has_onepagescroll_dot&quot;:&quot;yes&quot;}\">\n\t\t\t\t\t\t<div class=\"elementor-container elementor-column-gap-default\">\n\t\t\t\t\t<div class=\"elementor-column elementor-col-50 elementor-top-column elementor-element elementor-element-f3e4c68\" data-id=\"f3e4c68\" data-element_type=\"column\">\n\t\t\t<div class=\"elementor-widget-wrap elementor-element-populated\">\n\t\t\t\t\t\t<div class=\"elementor-element elementor-element-2557ebf1 color-scheme-inherit text-left elementor-widget elementor-widget-text-editor\" data-id=\"2557ebf1\" data-element_type=\"widget\" data-settings=\"{&quot;ekit_we_effect_on&quot;:&quot;none&quot;}\" data-widget_type=\"text-editor.default\">\n\t\t\t\t<div class=\"elementor-widget-container\">\n\t\t\t\t\t\t\t\t\t<h2>\u00bfPor qu\u00e9 elegir Silestone Miami white?<\/h2><p>Silestone es una superficie h\u00edbrida de minerales y materiales reciclados capaz de aportar color y textura a tu espacio. Gracias a su exclusiva e innovadora tecnolog\u00eda HybriQ +, el mantenimiento es m\u00ednimo y se garantiza una alta resistencia a las manchas y rayados.<\/p>\t\t\t\t\t\t\t\t<\/div>\n\t\t\t\t<\/div>\n\t\t\t\t\t<\/div>\n\t\t<\/div>\n\t\t\t\t<div class=\"elementor-column elementor-col-50 elementor-top-column elementor-element elementor-element-6dadfaee\" data-id=\"6dadfaee\" data-element_type=\"column\">\n\t\t\t<div class=\"elementor-widget-wrap elementor-element-populated\">\n\t\t\t\t\t\t<div class=\"elementor-element elementor-element-373a16cc elementor-widget elementor-widget-spacer\" data-id=\"373a16cc\" data-element_type=\"widget\" data-settings=\"{&quot;ekit_we_effect_on&quot;:&quot;none&quot;}\" data-widget_type=\"spacer.default\">\n\t\t\t\t<div class=\"elementor-widget-container\">\n\t\t\t\t\t\t\t<div class=\"elementor-spacer\">\n\t\t\t<div class=\"elementor-spacer-inner\"><\/div>\n\t\t<\/div>\n\t\t\t\t\t\t<\/div>\n\t\t\t\t<\/div>\n\t\t\t\t<div class=\"elementor-element elementor-element-660372b3 color-scheme-inherit text-left elementor-widget elementor-widget-text-editor\" data-id=\"660372b3\" data-element_type=\"widget\" data-settings=\"{&quot;ekit_we_effect_on&quot;:&quot;none&quot;}\" data-widget_type=\"text-editor.default\">\n\t\t\t\t<div class=\"elementor-widget-container\">\n\t\t\t\t\t\t\t\t\t<p>Desde su nacimiento, Silestone\u00ae ha marcado las tendencias m\u00e1s significativas en su categor\u00eda, transformado el mundo de las encimeras de cocina, siendo hoy un referente en el dise\u00f1o interior. Una vez m\u00e1s, volvemos a cambiarlo todo.<\/p>\t\t\t\t\t\t\t\t<\/div>\n\t\t\t\t<\/div>\n\t\t\t\t\t<\/div>\n\t\t<\/div>\n\t\t\t\t\t<\/div>\n\t\t<\/section>\n\t\t\t\t<section class=\"wd-negative-gap elementor-section elementor-top-section elementor-element elementor-element-c4ccc55 elementor-section-boxed elementor-section-height-default elementor-section-height-default\" data-id=\"c4ccc55\" data-element_type=\"section\" data-settings=\"{&quot;ekit_has_onepagescroll_dot&quot;:&quot;yes&quot;}\">\n\t\t\t\t\t\t<div class=\"elementor-container elementor-column-gap-default\">\n\t\t\t\t\t<div class=\"elementor-column elementor-col-100 elementor-top-column elementor-element elementor-element-295a05af\" data-id=\"295a05af\" data-element_type=\"column\">\n\t\t\t<div class=\"elementor-widget-wrap elementor-element-populated\">\n\t\t\t\t\t\t<div class=\"elementor-element elementor-element-30e7067 color-scheme-inherit text-left elementor-widget elementor-widget-text-editor\" data-id=\"30e7067\" data-element_type=\"widget\" data-settings=\"{&quot;ekit_we_effect_on&quot;:&quot;none&quot;}\" data-widget_type=\"text-editor.default\">\n\t\t\t\t<div class=\"elementor-widget-container\">\n\t\t\t\t\t\t\t\t\t<h3>Ventajas de Silestone<\/h3>\t\t\t\t\t\t\t\t<\/div>\n\t\t\t\t<\/div>\n\t\t\t\t\t<\/div>\n\t\t<\/div>\n\t\t\t\t\t<\/div>\n\t\t<\/section>\n\t\t\t\t<section class=\"wd-negative-gap elementor-section elementor-top-section elementor-element elementor-element-363f7d58 elementor-section-boxed elementor-section-height-default elementor-section-height-default\" data-id=\"363f7d58\" data-element_type=\"section\" data-settings=\"{&quot;ekit_has_onepagescroll_dot&quot;:&quot;yes&quot;}\">\n\t\t\t\t\t\t<div class=\"elementor-container elementor-column-gap-default\">\n\t\t\t\t\t<div class=\"elementor-column elementor-col-33 elementor-top-column elementor-element elementor-element-532cbb9b\" data-id=\"532cbb9b\" data-element_type=\"column\">\n\t\t\t<div class=\"elementor-widget-wrap elementor-element-populated\">\n\t\t\t\t\t\t<div class=\"elementor-element elementor-element-b53b63f elementor-widget elementor-widget-image\" data-id=\"b53b63f\" data-element_type=\"widget\" data-settings=\"{&quot;ekit_we_effect_on&quot;:&quot;none&quot;}\" data-widget_type=\"image.default\">\n\t\t\t\t<div class=\"elementor-widget-container\">\n\t\t\t\t\t\t\t\t\t\t\t\t\t\t\t<img fetchpriority=\"high\" decoding=\"async\" width=\"700\" height=\"526\" src=\"https:\/\/eurostonepanama.com\/wp-content\/uploads\/2023\/11\/sl-rayado.jpg\" class=\"attachment-large size-large wp-image-2179\" alt=\"\" srcset=\"https:\/\/eurostonepanama.com\/wp-content\/uploads\/2023\/11\/sl-rayado.jpg 700w, https:\/\/eurostonepanama.com\/wp-content\/uploads\/2023\/11\/sl-rayado-300x225.jpg 300w, https:\/\/eurostonepanama.com\/wp-content\/uploads\/2023\/11\/sl-rayado-150x113.jpg 150w\" sizes=\"(max-width: 700px) 100vw, 700px\" \/>\t\t\t\t\t\t\t\t\t\t\t\t\t\t\t<\/div>\n\t\t\t\t<\/div>\n\t\t\t\t<div class=\"elementor-element elementor-element-39c17911 color-scheme-inherit text-left elementor-widget elementor-widget-text-editor\" data-id=\"39c17911\" data-element_type=\"widget\" data-settings=\"{&quot;ekit_we_effect_on&quot;:&quot;none&quot;}\" data-widget_type=\"text-editor.default\">\n\t\t\t\t<div class=\"elementor-widget-container\">\n\t\t\t\t\t\t\t\t\t<h4>Altamente resistente al rayado<\/h4><p>El uso y el desgaste diarios no rayan Silestone.<\/p>\t\t\t\t\t\t\t\t<\/div>\n\t\t\t\t<\/div>\n\t\t\t\t\t<\/div>\n\t\t<\/div>\n\t\t\t\t<div class=\"elementor-column elementor-col-33 elementor-top-column elementor-element elementor-element-1c6040d3\" data-id=\"1c6040d3\" data-element_type=\"column\">\n\t\t\t<div class=\"elementor-widget-wrap elementor-element-populated\">\n\t\t\t\t\t\t<div class=\"elementor-element elementor-element-f5be1b2 elementor-widget elementor-widget-image\" data-id=\"f5be1b2\" data-element_type=\"widget\" data-settings=\"{&quot;ekit_we_effect_on&quot;:&quot;none&quot;}\" data-widget_type=\"image.default\">\n\t\t\t\t<div class=\"elementor-widget-container\">\n\t\t\t\t\t\t\t\t\t\t\t\t\t\t\t<img decoding=\"async\" width=\"700\" height=\"526\" src=\"https:\/\/eurostonepanama.com\/wp-content\/uploads\/2023\/11\/sl-manchas.jpg\" class=\"attachment-large size-large wp-image-2177\" alt=\"\" srcset=\"https:\/\/eurostonepanama.com\/wp-content\/uploads\/2023\/11\/sl-manchas.jpg 700w, https:\/\/eurostonepanama.com\/wp-content\/uploads\/2023\/11\/sl-manchas-300x225.jpg 300w, https:\/\/eurostonepanama.com\/wp-content\/uploads\/2023\/11\/sl-manchas-150x113.jpg 150w\" sizes=\"(max-width: 700px) 100vw, 700px\" \/>\t\t\t\t\t\t\t\t\t\t\t\t\t\t\t<\/div>\n\t\t\t\t<\/div>\n\t\t\t\t<div class=\"elementor-element elementor-element-76648448 color-scheme-inherit text-left elementor-widget elementor-widget-text-editor\" data-id=\"76648448\" data-element_type=\"widget\" data-settings=\"{&quot;ekit_we_effect_on&quot;:&quot;none&quot;}\" data-widget_type=\"text-editor.default\">\n\t\t\t\t<div class=\"elementor-widget-container\">\n\t\t\t\t\t\t\t\t\t<h4>Resistencia a las manchas<\/h4><p>Su baja porosidad hace que sea altamente resistente a las manchas.<\/p>\t\t\t\t\t\t\t\t<\/div>\n\t\t\t\t<\/div>\n\t\t\t\t\t<\/div>\n\t\t<\/div>\n\t\t\t\t<div class=\"elementor-column elementor-col-33 elementor-top-column elementor-element elementor-element-7ef1ca78\" data-id=\"7ef1ca78\" data-element_type=\"column\">\n\t\t\t<div class=\"elementor-widget-wrap elementor-element-populated\">\n\t\t\t\t\t\t<div class=\"elementor-element elementor-element-580b45b elementor-widget elementor-widget-image\" data-id=\"580b45b\" data-element_type=\"widget\" data-settings=\"{&quot;ekit_we_effect_on&quot;:&quot;none&quot;}\" data-widget_type=\"image.default\">\n\t\t\t\t<div class=\"elementor-widget-container\">\n\t\t\t\t\t\t\t\t\t\t\t\t\t\t\t<img decoding=\"async\" width=\"700\" height=\"526\" src=\"https:\/\/eurostonepanama.com\/wp-content\/uploads\/2023\/11\/sl-impacto.jpg\" class=\"attachment-large size-large wp-image-2175\" alt=\"\" srcset=\"https:\/\/eurostonepanama.com\/wp-content\/uploads\/2023\/11\/sl-impacto.jpg 700w, https:\/\/eurostonepanama.com\/wp-content\/uploads\/2023\/11\/sl-impacto-300x225.jpg 300w, https:\/\/eurostonepanama.com\/wp-content\/uploads\/2023\/11\/sl-impacto-150x113.jpg 150w\" sizes=\"(max-width: 700px) 100vw, 700px\" \/>\t\t\t\t\t\t\t\t\t\t\t\t\t\t\t<\/div>\n\t\t\t\t<\/div>\n\t\t\t\t<div class=\"elementor-element elementor-element-799db0b5 color-scheme-inherit text-left elementor-widget elementor-widget-text-editor\" data-id=\"799db0b5\" data-element_type=\"widget\" data-settings=\"{&quot;ekit_we_effect_on&quot;:&quot;none&quot;}\" data-widget_type=\"text-editor.default\">\n\t\t\t\t<div class=\"elementor-widget-container\">\n\t\t\t\t\t\t\t\t\t<h4>Gran resistencia a impactos<\/h4><p>Alta resistencia a los impactos y golpes diarios<\/p>\t\t\t\t\t\t\t\t<\/div>\n\t\t\t\t<\/div>\n\t\t\t\t\t<\/div>\n\t\t<\/div>\n\t\t\t\t\t<\/div>\n\t\t<\/section>\n\t\t\t\t<section class=\"wd-negative-gap elementor-section elementor-top-section elementor-element elementor-element-67045d87 elementor-section-boxed elementor-section-height-default elementor-section-height-default\" data-id=\"67045d87\" data-element_type=\"section\" data-settings=\"{&quot;ekit_has_onepagescroll_dot&quot;:&quot;yes&quot;}\">\n\t\t\t\t\t\t<div class=\"elementor-container elementor-column-gap-default\">\n\t\t\t\t\t<div class=\"elementor-column elementor-col-33 elementor-top-column elementor-element elementor-element-7223c81f\" data-id=\"7223c81f\" data-element_type=\"column\">\n\t\t\t<div class=\"elementor-widget-wrap elementor-element-populated\">\n\t\t\t\t\t\t<div class=\"elementor-element elementor-element-68c2970 elementor-widget elementor-widget-image\" data-id=\"68c2970\" data-element_type=\"widget\" data-settings=\"{&quot;ekit_we_effect_on&quot;:&quot;none&quot;}\" data-widget_type=\"image.default\">\n\t\t\t\t<div class=\"elementor-widget-container\">\n\t\t\t\t\t\t\t\t\t\t\t\t\t\t\t<img loading=\"lazy\" decoding=\"async\" width=\"700\" height=\"526\" src=\"https:\/\/eurostonepanama.com\/wp-content\/uploads\/2023\/11\/sl-acido.jpg\" class=\"attachment-large size-large wp-image-2173\" alt=\"\" srcset=\"https:\/\/eurostonepanama.com\/wp-content\/uploads\/2023\/11\/sl-acido.jpg 700w, https:\/\/eurostonepanama.com\/wp-content\/uploads\/2023\/11\/sl-acido-300x225.jpg 300w, https:\/\/eurostonepanama.com\/wp-content\/uploads\/2023\/11\/sl-acido-150x113.jpg 150w\" sizes=\"(max-width: 700px) 100vw, 700px\" \/>\t\t\t\t\t\t\t\t\t\t\t\t\t\t\t<\/div>\n\t\t\t\t<\/div>\n\t\t\t\t<div class=\"elementor-element elementor-element-18ff7953 color-scheme-inherit text-left elementor-widget elementor-widget-text-editor\" data-id=\"18ff7953\" data-element_type=\"widget\" data-settings=\"{&quot;ekit_we_effect_on&quot;:&quot;none&quot;}\" data-widget_type=\"text-editor.default\">\n\t\t\t\t<div class=\"elementor-widget-container\">\n\t\t\t\t\t\t\t\t\t<h4>Resistente al \u00e1cido<\/h4><p>La baja porosidad de Silestone evita que se da\u00f1e por manchas de \u00e1cido.<\/p>\t\t\t\t\t\t\t\t<\/div>\n\t\t\t\t<\/div>\n\t\t\t\t\t<\/div>\n\t\t<\/div>\n\t\t\t\t<div class=\"elementor-column elementor-col-33 elementor-top-column elementor-element elementor-element-599836f4\" data-id=\"599836f4\" data-element_type=\"column\">\n\t\t\t<div class=\"elementor-widget-wrap\">\n\t\t\t\t\t\t\t<\/div>\n\t\t<\/div>\n\t\t\t\t<div class=\"elementor-column elementor-col-33 elementor-top-column elementor-element elementor-element-3793abb6\" data-id=\"3793abb6\" data-element_type=\"column\">\n\t\t\t<div class=\"elementor-widget-wrap\">\n\t\t\t\t\t\t\t<\/div>\n\t\t<\/div>\n\t\t\t\t\t<\/div>\n\t\t<\/section>\n\t\t\t\t<\/div>\n\t\t","protected":false},"excerpt":{"rendered":"<p>Color cl\u00e1sico, ideal para los amantes de los blancos que proporcionan calidez a los ambientes.<\/p>\n<p>Unidad: Mts2<br \/>\nMaterial sint\u00e9tico<\/p>\n<h4 class=\"mb-s\">Technology<\/h4>\n<p><a href=\"https:\/\/www.cosentino.com\/es\/silestone\/hybriq-technology\/\"> <img decoding=\"async\" class=\"logo-hybriq entered lazyloaded\" src=\"https:\/\/www.cosentino.com\/es\/wp-content\/plugins\/CosentinoShowcase\/assets\/img\/logohybriQ.svg\" alt=\"Hybriq\" data-lazy-src=\"https:\/\/www.cosentino.com\/es\/wp-content\/plugins\/CosentinoShowcase\/views\/partials\/..\/..\/assets\/img\/logohybriQ.svg\" data-ll-status=\"loaded\" \/> <\/a><\/p>\n<h4 class=\"mb-xs\">Certificados<\/h4>\n<div class=\"certificates\"><img loading=\"lazy\" decoding=\"async\" class=\"logo-epd mr-xs entered lazyloaded\" src=\"https:\/\/www.cosentino.com\/es\/wp-content\/plugins\/CosentinoShowcase\/assets\/img\/logo-epd.jpg\" alt=\"Environmental Product Declarations\" width=\"145\" height=\"36\" data-lazy-src=\"https:\/\/www.cosentino.com\/es\/wp-content\/plugins\/CosentinoShowcase\/views\/partials\/..\/..\/assets\/img\/logo-epd.jpg\" data-ll-status=\"loaded\" \/><\/div>\n","protected":false},"featured_media":2163,"comment_status":"open","ping_status":"closed","template":"","meta":[],"product_brand":[],"product_cat":[90],"product_tag":[],"class_list":{"0":"post-2158","1":"product","2":"type-product","3":"status-publish","4":"has-post-thumbnail","6":"product_cat-silestone","8":"first","9":"instock","10":"shipping-taxable","11":"product-type-simple"},"yoast_head":"<!-- This site is optimized with the Yoast SEO plugin v26.1.1 - https:\/\/yoast.com\/wordpress\/plugins\/seo\/ -->\n<title>Silestone Miami White - Eurostone<\/title>\n<meta name=\"robots\" content=\"index, follow, max-snippet:-1, max-image-preview:large, max-video-preview:-1\" \/>\n<link rel=\"canonical\" href=\"https:\/\/eurostonepanama.com\/en\/producto\/silestone-miami-white\/\" \/>\n<meta property=\"og:locale\" content=\"en_US\" \/>\n<meta property=\"og:type\" content=\"article\" \/>\n<meta property=\"og:title\" content=\"Silestone Miami White - Eurostone\" \/>\n<meta property=\"og:description\" content=\"Color cl\u00e1sico, ideal para los amantes de los blancos que proporcionan calidez a los ambientes.  Unidad: Mts2 Material sint\u00e9tico Technology   Certificados\" \/>\n<meta property=\"og:url\" content=\"https:\/\/eurostonepanama.com\/en\/producto\/silestone-miami-white\/\" \/>\n<meta property=\"og:site_name\" content=\"Eurostone\" \/>\n<meta property=\"article:modified_time\" content=\"2024-04-24T03:56:40+00:00\" \/>\n<meta property=\"og:image\" content=\"https:\/\/eurostonepanama.com\/wp-content\/uploads\/2023\/11\/miami03.png\" \/>\n\t<meta property=\"og:image:width\" content=\"700\" \/>\n\t<meta property=\"og:image:height\" content=\"700\" \/>\n\t<meta property=\"og:image:type\" content=\"image\/png\" \/>\n<meta name=\"twitter:card\" content=\"summary_large_image\" \/>\n<meta name=\"twitter:label1\" content=\"Est. reading time\" \/>\n\t<meta name=\"twitter:data1\" content=\"1 minute\" \/>\n<script type=\"application\/ld+json\" class=\"yoast-schema-graph\">{\"@context\":\"https:\/\/schema.org\",\"@graph\":[{\"@type\":\"WebPage\",\"@id\":\"https:\/\/eurostonepanama.com\/en\/producto\/silestone-miami-white\/\",\"url\":\"https:\/\/eurostonepanama.com\/en\/producto\/silestone-miami-white\/\",\"name\":\"Silestone Miami White - Eurostone\",\"isPartOf\":{\"@id\":\"https:\/\/eurostonepanama.com\/en\/#website\"},\"primaryImageOfPage\":{\"@id\":\"https:\/\/eurostonepanama.com\/en\/producto\/silestone-miami-white\/#primaryimage\"},\"image\":{\"@id\":\"https:\/\/eurostonepanama.com\/en\/producto\/silestone-miami-white\/#primaryimage\"},\"thumbnailUrl\":\"https:\/\/eurostonepanama.com\/wp-content\/uploads\/2023\/11\/miami03.png\",\"datePublished\":\"2023-11-14T20:48:24+00:00\",\"dateModified\":\"2024-04-24T03:56:40+00:00\",\"breadcrumb\":{\"@id\":\"https:\/\/eurostonepanama.com\/en\/producto\/silestone-miami-white\/#breadcrumb\"},\"inLanguage\":\"en-US\",\"potentialAction\":[{\"@type\":\"ReadAction\",\"target\":[\"https:\/\/eurostonepanama.com\/en\/producto\/silestone-miami-white\/\"]}]},{\"@type\":\"ImageObject\",\"inLanguage\":\"en-US\",\"@id\":\"https:\/\/eurostonepanama.com\/en\/producto\/silestone-miami-white\/#primaryimage\",\"url\":\"https:\/\/eurostonepanama.com\/wp-content\/uploads\/2023\/11\/miami03.png\",\"contentUrl\":\"https:\/\/eurostonepanama.com\/wp-content\/uploads\/2023\/11\/miami03.png\",\"width\":700,\"height\":700},{\"@type\":\"BreadcrumbList\",\"@id\":\"https:\/\/eurostonepanama.com\/en\/producto\/silestone-miami-white\/#breadcrumb\",\"itemListElement\":[{\"@type\":\"ListItem\",\"position\":1,\"name\":\"Portada\",\"item\":\"https:\/\/eurostonepanama.com\/en\/\"},{\"@type\":\"ListItem\",\"position\":2,\"name\":\"Productos\",\"item\":\"https:\/\/eurostonepanama.com\/tienda\/\"},{\"@type\":\"ListItem\",\"position\":3,\"name\":\"Silestone Miami White\"}]},{\"@type\":\"WebSite\",\"@id\":\"https:\/\/eurostonepanama.com\/en\/#website\",\"url\":\"https:\/\/eurostonepanama.com\/en\/\",\"name\":\"Eurostone\",\"description\":\"Expertos en pisos de M\u00e1rmol, porcelana, sobres y pisos\",\"potentialAction\":[{\"@type\":\"SearchAction\",\"target\":{\"@type\":\"EntryPoint\",\"urlTemplate\":\"https:\/\/eurostonepanama.com\/en\/?s={search_term_string}\"},\"query-input\":{\"@type\":\"PropertyValueSpecification\",\"valueRequired\":true,\"valueName\":\"search_term_string\"}}],\"inLanguage\":\"en-US\"}]}<\/script>\n<!-- \/ Yoast SEO plugin. -->","yoast_head_json":{"title":"Silestone Miami White - Eurostone","robots":{"index":"index","follow":"follow","max-snippet":"max-snippet:-1","max-image-preview":"max-image-preview:large","max-video-preview":"max-video-preview:-1"},"canonical":"https:\/\/eurostonepanama.com\/en\/producto\/silestone-miami-white\/","og_locale":"en_US","og_type":"article","og_title":"Silestone Miami White - Eurostone","og_description":"Color cl\u00e1sico, ideal para los amantes de los blancos que proporcionan calidez a los ambientes.  Unidad: Mts2 Material sint\u00e9tico Technology   Certificados","og_url":"https:\/\/eurostonepanama.com\/en\/producto\/silestone-miami-white\/","og_site_name":"Eurostone","article_modified_time":"2024-04-24T03:56:40+00:00","og_image":[{"width":700,"height":700,"url":"https:\/\/eurostonepanama.com\/wp-content\/uploads\/2023\/11\/miami03.png","type":"image\/png"}],"twitter_card":"summary_large_image","twitter_misc":{"Est. reading time":"1 minute"},"schema":{"@context":"https:\/\/schema.org","@graph":[{"@type":"WebPage","@id":"https:\/\/eurostonepanama.com\/en\/producto\/silestone-miami-white\/","url":"https:\/\/eurostonepanama.com\/en\/producto\/silestone-miami-white\/","name":"Silestone Miami White - Eurostone","isPartOf":{"@id":"https:\/\/eurostonepanama.com\/en\/#website"},"primaryImageOfPage":{"@id":"https:\/\/eurostonepanama.com\/en\/producto\/silestone-miami-white\/#primaryimage"},"image":{"@id":"https:\/\/eurostonepanama.com\/en\/producto\/silestone-miami-white\/#primaryimage"},"thumbnailUrl":"https:\/\/eurostonepanama.com\/wp-content\/uploads\/2023\/11\/miami03.png","datePublished":"2023-11-14T20:48:24+00:00","dateModified":"2024-04-24T03:56:40+00:00","breadcrumb":{"@id":"https:\/\/eurostonepanama.com\/en\/producto\/silestone-miami-white\/#breadcrumb"},"inLanguage":"en-US","potentialAction":[{"@type":"ReadAction","target":["https:\/\/eurostonepanama.com\/en\/producto\/silestone-miami-white\/"]}]},{"@type":"ImageObject","inLanguage":"en-US","@id":"https:\/\/eurostonepanama.com\/en\/producto\/silestone-miami-white\/#primaryimage","url":"https:\/\/eurostonepanama.com\/wp-content\/uploads\/2023\/11\/miami03.png","contentUrl":"https:\/\/eurostonepanama.com\/wp-content\/uploads\/2023\/11\/miami03.png","width":700,"height":700},{"@type":"BreadcrumbList","@id":"https:\/\/eurostonepanama.com\/en\/producto\/silestone-miami-white\/#breadcrumb","itemListElement":[{"@type":"ListItem","position":1,"name":"Portada","item":"https:\/\/eurostonepanama.com\/en\/"},{"@type":"ListItem","position":2,"name":"Productos","item":"https:\/\/eurostonepanama.com\/tienda\/"},{"@type":"ListItem","position":3,"name":"Silestone Miami White"}]},{"@type":"WebSite","@id":"https:\/\/eurostonepanama.com\/en\/#website","url":"https:\/\/eurostonepanama.com\/en\/","name":"Eurostone","description":"Expertos en pisos de M\u00e1rmol, porcelana, sobres y pisos","potentialAction":[{"@type":"SearchAction","target":{"@type":"EntryPoint","urlTemplate":"https:\/\/eurostonepanama.com\/en\/?s={search_term_string}"},"query-input":{"@type":"PropertyValueSpecification","valueRequired":true,"valueName":"search_term_string"}}],"inLanguage":"en-US"}]}},"_links":{"self":[{"href":"https:\/\/eurostonepanama.com\/en\/wp-json\/wp\/v2\/product\/2158","targetHints":{"allow":["GET"]}}],"collection":[{"href":"https:\/\/eurostonepanama.com\/en\/wp-json\/wp\/v2\/product"}],"about":[{"href":"https:\/\/eurostonepanama.com\/en\/wp-json\/wp\/v2\/types\/product"}],"replies":[{"embeddable":true,"href":"https:\/\/eurostonepanama.com\/en\/wp-json\/wp\/v2\/comments?post=2158"}],"version-history":[{"count":17,"href":"https:\/\/eurostonepanama.com\/en\/wp-json\/wp\/v2\/product\/2158\/revisions"}],"predecessor-version":[{"id":2193,"href":"https:\/\/eurostonepanama.com\/en\/wp-json\/wp\/v2\/product\/2158\/revisions\/2193"}],"wp:featuredmedia":[{"embeddable":true,"href":"https:\/\/eurostonepanama.com\/en\/wp-json\/wp\/v2\/media\/2163"}],"wp:attachment":[{"href":"https:\/\/eurostonepanama.com\/en\/wp-json\/wp\/v2\/media?parent=2158"}],"wp:term":[{"taxonomy":"product_brand","embeddable":true,"href":"https:\/\/eurostonepanama.com\/en\/wp-json\/wp\/v2\/product_brand?post=2158"},{"taxonomy":"product_cat","embeddable":true,"href":"https:\/\/eurostonepanama.com\/en\/wp-json\/wp\/v2\/product_cat?post=2158"},{"taxonomy":"product_tag","embeddable":true,"href":"https:\/\/eurostonepanama.com\/en\/wp-json\/wp\/v2\/product_tag?post=2158"}],"curies":[{"name":"wp","href":"https:\/\/api.w.org\/{rel}","templated":true}]}}